{"id":13746,"date":"2024-09-13T11:43:23","date_gmt":"2024-09-13T09:43:23","guid":{"rendered":"https:\/\/www.greening-group.com\/ueber-uns\/ethik\/"},"modified":"2026-01-15T11:18:26","modified_gmt":"2026-01-15T10:18:26","slug":"ethik","status":"publish","type":"page","link":"https:\/\/www.greening-group.com\/de\/uber-uns\/ethik\/","title":{"rendered":"Ethik- und Verhaltenskodex"},"content":{"rendered":"\t\t<div data-elementor-type=\"wp-page\" data-elementor-id=\"13746\" class=\"elementor elementor-13746 elementor-2612\" data-elementor-post-type=\"page\">\n\t\t\t\t<div class=\"elementor-element elementor-element-c40922f e-flex e-con-boxed e-con e-parent\" data-id=\"c40922f\" data-element_type=\"container\" data-settings=\"{&quot;background_background&quot;:&quot;classic&quot;}\">\n\t\t\t\t\t<div class=\"e-con-inner\">\n\t\t\t\t\t<\/div>\n\t\t\t\t<\/div>\n\t\t<div class=\"elementor-element elementor-element-5502110 e-flex e-con-boxed e-con e-parent\" data-id=\"5502110\" data-element_type=\"container\">\n\t\t\t\t\t<div class=\"e-con-inner\">\n\t\t\t\t<div class=\"elementor-element elementor-element-c6da735 elementor-invisible elementor-widget elementor-widget-heading\" data-id=\"c6da735\" data-element_type=\"widget\" data-settings=\"{&quot;_animation&quot;:&quot;fadeInUp&quot;}\" data-widget_type=\"heading.default\">\n\t\t\t\t<div class=\"elementor-widget-container\">\n\t\t\t\t\t<h2 class=\"elementor-heading-title elementor-size-default\">Ethik- und Verhaltenskodex<\/h2>\t\t\t\t<\/div>\n\t\t\t\t<\/div>\n\t\t\t\t<div class=\"elementor-element elementor-element-e1c2403 elementor-invisible elementor-widget elementor-widget-text-editor\" data-id=\"e1c2403\" data-element_type=\"widget\" data-settings=\"{&quot;_animation&quot;:&quot;fadeIn&quot;}\" data-widget_type=\"text-editor.default\">\n\t\t\t\t<div class=\"elementor-widget-container\">\n\t\t\t\t\t\t\t\t\t<p>Der Verwaltungsrat der <strong>Greening Gruppe hat den <span style=\"text-decoration: underline;\"><span style=\"color: #6bbbae; text-decoration: underline;\"><a style=\"color: #6bbbae; text-decoration: underline;\" href=\"https:\/\/www.greening-group.com\/wp-content\/uploads\/2025\/11\/ff-6f4f593d6f3270bea728ede948703a48-ff-CODE-OF-ETHICS-AND-CONDUCT.pdf\" target=\"_blank\" rel=\"noopener\">Ethik- und Verhaltenskodex<\/a><\/span><\/span> verabschiedet<\/strong>, mit dem Ziel, dass s\u00e4mtliche Beziehungen der Unternehmensgruppe \u2013 auf allen Ebenen, sowohl intern als auch extern \u2013 von den h\u00f6chsten ethischen Grunds\u00e4tzen und den Werten der Greening Gruppe geleitet werden.<br \/><strong>Der Ethik- und Verhaltenskodex fasst die Verpflichtungen und Verhaltensrichtlinien zusammen, die von der Greening Gruppe<\/strong>, allen verbundenen Gesellschaften und den zugeh\u00f6rigen Personen (einschlie\u00dflich, aber nicht beschr\u00e4nkt auf Mitarbeitende, F\u00fchrungskr\u00e4fte und\/oder Vorstandsmitglieder) einzuhalten sind. Dies gilt ebenso f\u00fcr alle, die mit der Unternehmensgruppe in irgendeiner Form zusammenarbeiten oder in Beziehung stehen \u2013 hierzu z\u00e4hlen unter anderem Kunden, Lieferanten, Gesch\u00e4ftspartner, Dritte und\/oder sonstige externe Dienstleister, mit denen gesch\u00e4ftliche oder vergleichbare Beziehungen bestehen.<\/p>\t\t\t\t\t\t\t\t<\/div>\n\t\t\t\t<\/div>\n\t\t\t\t\t<\/div>\n\t\t\t\t<\/div>\n\t\t\t\t<\/div>\n\t\t","protected":false},"excerpt":{"rendered":"<p>Ethik- und Verhaltenskodex Der Verwaltungsrat der Greening Gruppe hat den Ethik- und Verhaltenskodex verabschiedet, mit dem Ziel, dass s\u00e4mtliche Beziehungen der Unternehmensgruppe \u2013 auf allen Ebenen, sowohl intern als auch extern \u2013 von den h\u00f6chsten ethischen Grunds\u00e4tzen und den Werten der Greening Gruppe geleitet werden.Der Ethik- und Verhaltenskodex fasst die Verpflichtungen und Verhaltensrichtlinien zusammen, die [&hellip;]<\/p>\n","protected":false},"author":3,"featured_media":0,"parent":12964,"menu_order":0,"comment_status":"closed","ping_status":"closed","template":"elementor_header_footer","meta":{"_acf_changed":false,"footnotes":""},"class_list":["post-13746","page","type-page","status-publish","hentry"],"acf":[],"yoast_head":"<!-- This site is optimized with the Yoast SEO plugin v26.0 - https:\/\/yoast.com\/wordpress\/plugins\/seo\/ -->\n<title>Ethik- und Verhaltenskodex - Greening<\/title>\n<meta name=\"robots\" content=\"index, follow, max-snippet:-1, max-image-preview:large, max-video-preview:-1\" \/>\n<link rel=\"canonical\" href=\"https:\/\/www.greening-group.com\/de\/uber-uns\/ethik\/\" \/>\n<meta property=\"og:locale\" content=\"de_DE\" \/>\n<meta property=\"og:type\" content=\"article\" \/>\n<meta property=\"og:title\" content=\"Ethik- und Verhaltenskodex - Greening\" \/>\n<meta property=\"og:description\" content=\"Ethik- und Verhaltenskodex Der Verwaltungsrat der Greening Gruppe hat den Ethik- und Verhaltenskodex verabschiedet, mit dem Ziel, dass s\u00e4mtliche Beziehungen der Unternehmensgruppe \u2013 auf allen Ebenen, sowohl intern als auch extern \u2013 von den h\u00f6chsten ethischen Grunds\u00e4tzen und den Werten der Greening Gruppe geleitet werden.Der Ethik- und Verhaltenskodex fasst die Verpflichtungen und Verhaltensrichtlinien zusammen, die [&hellip;]\" \/>\n<meta property=\"og:url\" content=\"https:\/\/www.greening-group.com\/de\/uber-uns\/ethik\/\" \/>\n<meta property=\"og:site_name\" content=\"Greening\" \/>\n<meta property=\"article:modified_time\" content=\"2026-01-15T10:18:26+00:00\" \/>\n<meta name=\"twitter:card\" content=\"summary_large_image\" \/>\n<meta name=\"twitter:image\" content=\"https:\/\/www.greening-group.com\/wp-content\/uploads\/2024\/08\/favicon.png\" \/>\n<meta name=\"twitter:label1\" content=\"Gesch\u00e4tzte Lesezeit\" \/>\n\t<meta name=\"twitter:data1\" content=\"1\u00a0Minute\" \/>\n<script type=\"application\/ld+json\" class=\"yoast-schema-graph\">{\"@context\":\"https:\/\/schema.org\",\"@graph\":[{\"@type\":\"WebPage\",\"@id\":\"https:\/\/www.greening-group.com\/de\/uber-uns\/ethik\/\",\"url\":\"https:\/\/www.greening-group.com\/de\/uber-uns\/ethik\/\",\"name\":\"Ethik- und Verhaltenskodex - Greening\",\"isPartOf\":{\"@id\":\"https:\/\/www.greening-group.com\/me\/#website\"},\"datePublished\":\"2024-09-13T09:43:23+00:00\",\"dateModified\":\"2026-01-15T10:18:26+00:00\",\"breadcrumb\":{\"@id\":\"https:\/\/www.greening-group.com\/de\/uber-uns\/ethik\/#breadcrumb\"},\"inLanguage\":\"de\",\"potentialAction\":[{\"@type\":\"ReadAction\",\"target\":[\"https:\/\/www.greening-group.com\/de\/uber-uns\/ethik\/\"]}]},{\"@type\":\"BreadcrumbList\",\"@id\":\"https:\/\/www.greening-group.com\/de\/uber-uns\/ethik\/#breadcrumb\",\"itemListElement\":[{\"@type\":\"ListItem\",\"position\":1,\"name\":\"\u00dcber uns\",\"item\":\"https:\/\/www.greening-group.com\/de\/uber-uns\/\"},{\"@type\":\"ListItem\",\"position\":2,\"name\":\"Ethik- und Verhaltenskodex\"}]},{\"@type\":\"WebSite\",\"@id\":\"https:\/\/www.greening-group.com\/me\/#website\",\"url\":\"https:\/\/www.greening-group.com\/me\/\",\"name\":\"Greening\",\"description\":\"Energ\u00eda renovable para una transici\u00f3n energ\u00e9tica global\",\"potentialAction\":[{\"@type\":\"SearchAction\",\"target\":{\"@type\":\"EntryPoint\",\"urlTemplate\":\"https:\/\/www.greening-group.com\/me\/?s={search_term_string}\"},\"query-input\":{\"@type\":\"PropertyValueSpecification\",\"valueRequired\":true,\"valueName\":\"search_term_string\"}}],\"inLanguage\":\"de\"}]}<\/script>\n<!-- \/ Yoast SEO plugin. -->","yoast_head_json":{"title":"Ethik- und Verhaltenskodex - Greening","robots":{"index":"index","follow":"follow","max-snippet":"max-snippet:-1","max-image-preview":"max-image-preview:large","max-video-preview":"max-video-preview:-1"},"canonical":"https:\/\/www.greening-group.com\/de\/uber-uns\/ethik\/","og_locale":"de_DE","og_type":"article","og_title":"Ethik- und Verhaltenskodex - Greening","og_description":"Ethik- und Verhaltenskodex Der Verwaltungsrat der Greening Gruppe hat den Ethik- und Verhaltenskodex verabschiedet, mit dem Ziel, dass s\u00e4mtliche Beziehungen der Unternehmensgruppe \u2013 auf allen Ebenen, sowohl intern als auch extern \u2013 von den h\u00f6chsten ethischen Grunds\u00e4tzen und den Werten der Greening Gruppe geleitet werden.Der Ethik- und Verhaltenskodex fasst die Verpflichtungen und Verhaltensrichtlinien zusammen, die [&hellip;]","og_url":"https:\/\/www.greening-group.com\/de\/uber-uns\/ethik\/","og_site_name":"Greening","article_modified_time":"2026-01-15T10:18:26+00:00","twitter_card":"summary_large_image","twitter_image":"https:\/\/www.greening-group.com\/wp-content\/uploads\/2024\/08\/favicon.png","twitter_misc":{"Gesch\u00e4tzte Lesezeit":"1\u00a0Minute"},"schema":{"@context":"https:\/\/schema.org","@graph":[{"@type":"WebPage","@id":"https:\/\/www.greening-group.com\/de\/uber-uns\/ethik\/","url":"https:\/\/www.greening-group.com\/de\/uber-uns\/ethik\/","name":"Ethik- und Verhaltenskodex - Greening","isPartOf":{"@id":"https:\/\/www.greening-group.com\/me\/#website"},"datePublished":"2024-09-13T09:43:23+00:00","dateModified":"2026-01-15T10:18:26+00:00","breadcrumb":{"@id":"https:\/\/www.greening-group.com\/de\/uber-uns\/ethik\/#breadcrumb"},"inLanguage":"de","potentialAction":[{"@type":"ReadAction","target":["https:\/\/www.greening-group.com\/de\/uber-uns\/ethik\/"]}]},{"@type":"BreadcrumbList","@id":"https:\/\/www.greening-group.com\/de\/uber-uns\/ethik\/#breadcrumb","itemListElement":[{"@type":"ListItem","position":1,"name":"\u00dcber uns","item":"https:\/\/www.greening-group.com\/de\/uber-uns\/"},{"@type":"ListItem","position":2,"name":"Ethik- und Verhaltenskodex"}]},{"@type":"WebSite","@id":"https:\/\/www.greening-group.com\/me\/#website","url":"https:\/\/www.greening-group.com\/me\/","name":"Greening","description":"Energ\u00eda renovable para una transici\u00f3n energ\u00e9tica global","potentialAction":[{"@type":"SearchAction","target":{"@type":"EntryPoint","urlTemplate":"https:\/\/www.greening-group.com\/me\/?s={search_term_string}"},"query-input":{"@type":"PropertyValueSpecification","valueRequired":true,"valueName":"search_term_string"}}],"inLanguage":"de"}]}},"_links":{"self":[{"href":"https:\/\/www.greening-group.com\/de\/wp-json\/wp\/v2\/pages\/13746","targetHints":{"allow":["GET"]}}],"collection":[{"href":"https:\/\/www.greening-group.com\/de\/wp-json\/wp\/v2\/pages"}],"about":[{"href":"https:\/\/www.greening-group.com\/de\/wp-json\/wp\/v2\/types\/page"}],"author":[{"embeddable":true,"href":"https:\/\/www.greening-group.com\/de\/wp-json\/wp\/v2\/users\/3"}],"replies":[{"embeddable":true,"href":"https:\/\/www.greening-group.com\/de\/wp-json\/wp\/v2\/comments?post=13746"}],"version-history":[{"count":5,"href":"https:\/\/www.greening-group.com\/de\/wp-json\/wp\/v2\/pages\/13746\/revisions"}],"predecessor-version":[{"id":17454,"href":"https:\/\/www.greening-group.com\/de\/wp-json\/wp\/v2\/pages\/13746\/revisions\/17454"}],"up":[{"embeddable":true,"href":"https:\/\/www.greening-group.com\/de\/wp-json\/wp\/v2\/pages\/12964"}],"wp:attachment":[{"href":"https:\/\/www.greening-group.com\/de\/wp-json\/wp\/v2\/media?parent=13746"}],"curies":[{"name":"wp","href":"https:\/\/api.w.org\/{rel}","templated":true}]}}