{"id":17412,"date":"2026-01-13T11:42:39","date_gmt":"2026-01-13T10:42:39","guid":{"rendered":"https:\/\/www.greening-group.com\/?page_id=17412"},"modified":"2026-02-09T08:50:32","modified_gmt":"2026-02-09T07:50:32","slug":"compliance-programm","status":"publish","type":"page","link":"https:\/\/www.greening-group.com\/de\/uber-uns\/compliance-programm\/","title":{"rendered":"Compliance-Programm"},"content":{"rendered":"\t\t<div data-elementor-type=\"wp-page\" data-elementor-id=\"17412\" class=\"elementor elementor-17412 elementor-17377\" data-elementor-post-type=\"page\">\n\t\t\t\t<div class=\"elementor-element elementor-element-c40922f e-flex e-con-boxed e-con e-parent\" data-id=\"c40922f\" data-element_type=\"container\" data-settings=\"{&quot;background_background&quot;:&quot;classic&quot;}\">\n\t\t\t\t\t<div class=\"e-con-inner\">\n\t\t\t\t\t<\/div>\n\t\t\t\t<\/div>\n\t\t<div class=\"elementor-element elementor-element-5502110 e-flex e-con-boxed e-con e-parent\" data-id=\"5502110\" data-element_type=\"container\">\n\t\t\t\t\t<div class=\"e-con-inner\">\n\t\t\t\t<div class=\"elementor-element elementor-element-c6da735 elementor-invisible elementor-widget elementor-widget-heading\" data-id=\"c6da735\" data-element_type=\"widget\" data-settings=\"{&quot;_animation&quot;:&quot;fadeInUp&quot;}\" data-widget_type=\"heading.default\">\n\t\t\t\t<div class=\"elementor-widget-container\">\n\t\t\t\t\t<h2 class=\"elementor-heading-title elementor-size-default\"><!--StartFragment--><span data-olk-copy-source=\"MessageBody\">Compliance-Programm<\/span><!--EndFragment--><\/h2>\t\t\t\t<\/div>\n\t\t\t\t<\/div>\n\t\t\t\t<div class=\"elementor-element elementor-element-e1c2403 elementor-invisible elementor-widget elementor-widget-text-editor\" data-id=\"e1c2403\" data-element_type=\"widget\" data-settings=\"{&quot;_animation&quot;:&quot;fadeIn&quot;}\" data-widget_type=\"text-editor.default\">\n\t\t\t\t<div class=\"elementor-widget-container\">\n\t\t\t\t\t\t\t\t\t<p style=\"margin: 0cm; font-size: 12pt; font-family: Aptos, sans-serif; color: #242424;\">Das <b style=\"color: #6bbbae;\">Compliance-Programm<\/b> ist von wesentlicher Bedeutung, um sicherzustellen, dass all unsere T\u00e4tigkeiten im Einklang mit dem geltenden Recht und unseren ethischen Grunds\u00e4tzen erfolgen.<\/p><p style=\"margin: 0cm; font-size: 12pt; font-family: Aptos, sans-serif; color: #242424;\">Ziel ist es, strafrechtliche Risiken zu verhindern, zu erkennen und zu steuern, den Ruf der Greening-Gruppe zu sch\u00fctzen und eine Kultur der Integrit\u00e4t und Transparenz zu f\u00f6rdern.<\/p><p style=\"margin: 0cm; font-size: 12pt; font-family: Aptos, sans-serif; color: #242424;\">Unser Compliance-Programm integriert Richtlinien, Verfahren und interne Kontrollen, die darauf ausgelegt sind, strafrechtliche Risiken zu verhindern, zu erkennen und zu steuern. Dieses Programm ist in verschiedene Bereiche gegliedert, die allgemeine Compliance-Grunds\u00e4tze, Menschenrechte und Vielfalt, Informationssicherheit und Datenschutz sowie Ma\u00dfnahmen zu guter Unternehmensf\u00fchrung, Transparenz und Korruptionspr\u00e4vention umfassen. S\u00e4mtliche Richtlinien und Protokolle werden regelm\u00e4\u00dfig \u00fcberpr\u00fcft, um ihre Aktualit\u00e4t und \u00dcbereinstimmung mit den geltenden gesetzlichen Vorgaben sicherzustellen.<\/p><p style=\"margin: 0cm; font-size: 12pt; font-family: Aptos, sans-serif; color: #242424;\">Zus\u00e4tzlich zum Ethik- und Verhaltenskodex sowie zur Richtlinie f\u00fcr den Hinweisgeberkanal stellen wir dir Ausz\u00fcge aus unseren wichtigsten Richtlinien zur Verf\u00fcgung:<\/p><ul style=\"margin-bottom: 0cm; color: #242424; font-family: Aptos, sans-serif; font-size: 12pt;\"><li><a style=\"color: #6bbbae; text-decoration: none;\" href=\"https:\/\/view.officeapps.live.com\/op\/view.aspx?src=https%3A%2F%2Fwww.greening-group.com%2Fwp-content%2Fuploads%2F2026%2F01%2FCompliance%2520Policy%2520Overview.docx&amp;wdOrigin=BROWSELINK\">Auszug aus der Compliance-Richtlinie<\/a><\/li><li><a style=\"color: #6bbbae; text-decoration: none;\" href=\"https:\/\/view.officeapps.live.com\/op\/view.aspx?src=https%3A%2F%2Fwww.greening-group.com%2Fwp-content%2Fuploads%2F2026%2F02%2FANTI-CORRUPTION%2520AND%2520ANTIBRIBERY%2520-V%2520WEB.docx&amp;wdOrigin=BROWSELINK\">Auszug aus der Antikorruptions- und Antibestechungsrichtlinie<\/a><\/li><li><a style=\"color: #6bbbae; text-decoration: none;\" href=\"https:\/\/view.officeapps.live.com\/op\/view.aspx?src=https%3A%2F%2Fwww.greening-group.com%2Fwp-content%2Fuploads%2F2026%2F01%2FAML%2520CFT%2520Policy%2520Overview.docx&amp;wdOrigin=BROWSELINK\">Auszug aus der Richtlinie zur Geldw\u00e4sche- und Terrorismusfinanzierungspr\u00e4vention<\/a><\/li><li><a style=\"color: #6bbbae; text-decoration: none;\" href=\"https:\/\/view.officeapps.live.com\/op\/view.aspx?src=https%3A%2F%2Fwww.greening-group.com%2Fwp-content%2Fuploads%2F2026%2F01%2FTax%2520Policy%2520Overview.docx&amp;wdOrigin=BROWSELINK\">Auszug aus der Steuerpolitik<\/a><\/li><li><a style=\"color: #6bbbae; text-decoration: none;\" href=\"https:\/\/view.officeapps.live.com\/op\/view.aspx?src=https%3A%2F%2Fwww.greening-group.com%2Fwp-content%2Fuploads%2F2026%2F02%2FHUMAN%2520RIGHTS%2520FRAMEWORK%2520PL-%2520V%2520WEB.docx&amp;wdOrigin=BROWSELINK\">Auszug aus der Rahmenrichtlinie zu den Menschenrechten<\/a><\/li><li><a style=\"color: #6bbbae; text-decoration: none;\" href=\"https:\/\/view.officeapps.live.com\/op\/view.aspx?src=https%3A%2F%2Fwww.greening-group.com%2Fwp-content%2Fuploads%2F2026%2F01%2FDiversity%2520and%2520Inclusion%2520Policy%2520Overview.docx&amp;wdOrigin=BROWSELINK\">Auszug aus der Richtlinie f\u00fcr Vielfalt und Inklusion<\/a><\/li><\/ul>\t\t\t\t\t\t\t\t<\/div>\n\t\t\t\t<\/div>\n\t\t\t\t\t<\/div>\n\t\t\t\t<\/div>\n\t\t\t\t<\/div>\n\t\t","protected":false},"excerpt":{"rendered":"<p>Compliance-Programm Das Compliance-Programm ist von wesentlicher Bedeutung, um sicherzustellen, dass all unsere T\u00e4tigkeiten im Einklang mit dem geltenden Recht und unseren ethischen Grunds\u00e4tzen erfolgen. Ziel ist es, strafrechtliche Risiken zu verhindern, zu erkennen und zu steuern, den Ruf der Greening-Gruppe zu sch\u00fctzen und eine Kultur der Integrit\u00e4t und Transparenz zu f\u00f6rdern. Unser Compliance-Programm integriert Richtlinien, [&hellip;]<\/p>\n","protected":false},"author":2,"featured_media":0,"parent":12964,"menu_order":0,"comment_status":"closed","ping_status":"closed","template":"elementor_header_footer","meta":{"_acf_changed":false,"footnotes":""},"class_list":["post-17412","page","type-page","status-publish","hentry"],"acf":[],"yoast_head":"<!-- This site is optimized with the Yoast SEO plugin v26.0 - https:\/\/yoast.com\/wordpress\/plugins\/seo\/ -->\n<title>Compliance-Programm - Greening<\/title>\n<meta name=\"robots\" content=\"index, follow, max-snippet:-1, max-image-preview:large, max-video-preview:-1\" \/>\n<link rel=\"canonical\" href=\"https:\/\/www.greening-group.com\/sobre-nosotros\/programa-de-compliance\/\" \/>\n<meta property=\"og:locale\" content=\"de_DE\" \/>\n<meta property=\"og:type\" content=\"article\" \/>\n<meta property=\"og:title\" content=\"Compliance-Programm - Greening\" \/>\n<meta property=\"og:description\" content=\"Compliance-Programm Das Compliance-Programm ist von wesentlicher Bedeutung, um sicherzustellen, dass all unsere T\u00e4tigkeiten im Einklang mit dem geltenden Recht und unseren ethischen Grunds\u00e4tzen erfolgen. Ziel ist es, strafrechtliche Risiken zu verhindern, zu erkennen und zu steuern, den Ruf der Greening-Gruppe zu sch\u00fctzen und eine Kultur der Integrit\u00e4t und Transparenz zu f\u00f6rdern. Unser Compliance-Programm integriert Richtlinien, [&hellip;]\" \/>\n<meta property=\"og:url\" content=\"https:\/\/www.greening-group.com\/sobre-nosotros\/programa-de-compliance\/\" \/>\n<meta property=\"og:site_name\" content=\"Greening\" \/>\n<meta property=\"article:modified_time\" content=\"2026-02-09T07:50:32+00:00\" \/>\n<meta name=\"twitter:card\" content=\"summary_large_image\" \/>\n<meta name=\"twitter:image\" content=\"https:\/\/www.greening-group.com\/wp-content\/uploads\/2024\/08\/favicon.png\" \/>\n<meta name=\"twitter:label1\" content=\"Gesch\u00e4tzte Lesezeit\" \/>\n\t<meta name=\"twitter:data1\" content=\"1\u00a0Minute\" \/>\n<script type=\"application\/ld+json\" class=\"yoast-schema-graph\">{\"@context\":\"https:\/\/schema.org\",\"@graph\":[{\"@type\":\"WebPage\",\"@id\":\"https:\/\/www.greening-group.com\/sobre-nosotros\/programa-de-compliance\/\",\"url\":\"https:\/\/www.greening-group.com\/sobre-nosotros\/programa-de-compliance\/\",\"name\":\"Compliance-Programm - Greening\",\"isPartOf\":{\"@id\":\"https:\/\/www.greening-group.com\/me\/#website\"},\"datePublished\":\"2026-01-13T10:42:39+00:00\",\"dateModified\":\"2026-02-09T07:50:32+00:00\",\"breadcrumb\":{\"@id\":\"https:\/\/www.greening-group.com\/sobre-nosotros\/programa-de-compliance\/#breadcrumb\"},\"inLanguage\":\"de\",\"potentialAction\":[{\"@type\":\"ReadAction\",\"target\":[\"https:\/\/www.greening-group.com\/sobre-nosotros\/programa-de-compliance\/\"]}]},{\"@type\":\"BreadcrumbList\",\"@id\":\"https:\/\/www.greening-group.com\/sobre-nosotros\/programa-de-compliance\/#breadcrumb\",\"itemListElement\":[{\"@type\":\"ListItem\",\"position\":1,\"name\":\"\u00dcber uns\",\"item\":\"https:\/\/www.greening-group.com\/de\/uber-uns\/\"},{\"@type\":\"ListItem\",\"position\":2,\"name\":\"Compliance-Programm\"}]},{\"@type\":\"WebSite\",\"@id\":\"https:\/\/www.greening-group.com\/me\/#website\",\"url\":\"https:\/\/www.greening-group.com\/me\/\",\"name\":\"Greening\",\"description\":\"Energ\u00eda renovable para una transici\u00f3n energ\u00e9tica global\",\"potentialAction\":[{\"@type\":\"SearchAction\",\"target\":{\"@type\":\"EntryPoint\",\"urlTemplate\":\"https:\/\/www.greening-group.com\/me\/?s={search_term_string}\"},\"query-input\":{\"@type\":\"PropertyValueSpecification\",\"valueRequired\":true,\"valueName\":\"search_term_string\"}}],\"inLanguage\":\"de\"}]}<\/script>\n<!-- \/ Yoast SEO plugin. -->","yoast_head_json":{"title":"Compliance-Programm - Greening","robots":{"index":"index","follow":"follow","max-snippet":"max-snippet:-1","max-image-preview":"max-image-preview:large","max-video-preview":"max-video-preview:-1"},"canonical":"https:\/\/www.greening-group.com\/sobre-nosotros\/programa-de-compliance\/","og_locale":"de_DE","og_type":"article","og_title":"Compliance-Programm - Greening","og_description":"Compliance-Programm Das Compliance-Programm ist von wesentlicher Bedeutung, um sicherzustellen, dass all unsere T\u00e4tigkeiten im Einklang mit dem geltenden Recht und unseren ethischen Grunds\u00e4tzen erfolgen. Ziel ist es, strafrechtliche Risiken zu verhindern, zu erkennen und zu steuern, den Ruf der Greening-Gruppe zu sch\u00fctzen und eine Kultur der Integrit\u00e4t und Transparenz zu f\u00f6rdern. Unser Compliance-Programm integriert Richtlinien, [&hellip;]","og_url":"https:\/\/www.greening-group.com\/sobre-nosotros\/programa-de-compliance\/","og_site_name":"Greening","article_modified_time":"2026-02-09T07:50:32+00:00","twitter_card":"summary_large_image","twitter_image":"https:\/\/www.greening-group.com\/wp-content\/uploads\/2024\/08\/favicon.png","twitter_misc":{"Gesch\u00e4tzte Lesezeit":"1\u00a0Minute"},"schema":{"@context":"https:\/\/schema.org","@graph":[{"@type":"WebPage","@id":"https:\/\/www.greening-group.com\/sobre-nosotros\/programa-de-compliance\/","url":"https:\/\/www.greening-group.com\/sobre-nosotros\/programa-de-compliance\/","name":"Compliance-Programm - Greening","isPartOf":{"@id":"https:\/\/www.greening-group.com\/me\/#website"},"datePublished":"2026-01-13T10:42:39+00:00","dateModified":"2026-02-09T07:50:32+00:00","breadcrumb":{"@id":"https:\/\/www.greening-group.com\/sobre-nosotros\/programa-de-compliance\/#breadcrumb"},"inLanguage":"de","potentialAction":[{"@type":"ReadAction","target":["https:\/\/www.greening-group.com\/sobre-nosotros\/programa-de-compliance\/"]}]},{"@type":"BreadcrumbList","@id":"https:\/\/www.greening-group.com\/sobre-nosotros\/programa-de-compliance\/#breadcrumb","itemListElement":[{"@type":"ListItem","position":1,"name":"\u00dcber uns","item":"https:\/\/www.greening-group.com\/de\/uber-uns\/"},{"@type":"ListItem","position":2,"name":"Compliance-Programm"}]},{"@type":"WebSite","@id":"https:\/\/www.greening-group.com\/me\/#website","url":"https:\/\/www.greening-group.com\/me\/","name":"Greening","description":"Energ\u00eda renovable para una transici\u00f3n energ\u00e9tica global","potentialAction":[{"@type":"SearchAction","target":{"@type":"EntryPoint","urlTemplate":"https:\/\/www.greening-group.com\/me\/?s={search_term_string}"},"query-input":{"@type":"PropertyValueSpecification","valueRequired":true,"valueName":"search_term_string"}}],"inLanguage":"de"}]}},"_links":{"self":[{"href":"https:\/\/www.greening-group.com\/de\/wp-json\/wp\/v2\/pages\/17412","targetHints":{"allow":["GET"]}}],"collection":[{"href":"https:\/\/www.greening-group.com\/de\/wp-json\/wp\/v2\/pages"}],"about":[{"href":"https:\/\/www.greening-group.com\/de\/wp-json\/wp\/v2\/types\/page"}],"author":[{"embeddable":true,"href":"https:\/\/www.greening-group.com\/de\/wp-json\/wp\/v2\/users\/2"}],"replies":[{"embeddable":true,"href":"https:\/\/www.greening-group.com\/de\/wp-json\/wp\/v2\/comments?post=17412"}],"version-history":[{"count":8,"href":"https:\/\/www.greening-group.com\/de\/wp-json\/wp\/v2\/pages\/17412\/revisions"}],"predecessor-version":[{"id":17870,"href":"https:\/\/www.greening-group.com\/de\/wp-json\/wp\/v2\/pages\/17412\/revisions\/17870"}],"up":[{"embeddable":true,"href":"https:\/\/www.greening-group.com\/de\/wp-json\/wp\/v2\/pages\/12964"}],"wp:attachment":[{"href":"https:\/\/www.greening-group.com\/de\/wp-json\/wp\/v2\/media?parent=17412"}],"curies":[{"name":"wp","href":"https:\/\/api.w.org\/{rel}","templated":true}]}}