{"id":11865,"date":"2024-09-13T11:43:23","date_gmt":"2024-09-13T09:43:23","guid":{"rendered":"https:\/\/www.greening-group.com\/ethics\/"},"modified":"2026-01-15T11:20:57","modified_gmt":"2026-01-15T10:20:57","slug":"ethics","status":"publish","type":"page","link":"https:\/\/www.greening-group.com\/en\/about-us\/ethics\/","title":{"rendered":"Code of Ethics and Conduct"},"content":{"rendered":"\t\t<div data-elementor-type=\"wp-page\" data-elementor-id=\"11865\" class=\"elementor elementor-11865 elementor-2612\" data-elementor-post-type=\"page\">\n\t\t\t\t<div class=\"elementor-element elementor-element-c40922f e-flex e-con-boxed e-con e-parent\" data-id=\"c40922f\" data-element_type=\"container\" data-settings=\"{&quot;background_background&quot;:&quot;classic&quot;}\">\n\t\t\t\t\t<div class=\"e-con-inner\">\n\t\t\t\t\t<\/div>\n\t\t\t\t<\/div>\n\t\t<div class=\"elementor-element elementor-element-5502110 e-flex e-con-boxed e-con e-parent\" data-id=\"5502110\" data-element_type=\"container\">\n\t\t\t\t\t<div class=\"e-con-inner\">\n\t\t\t\t<div class=\"elementor-element elementor-element-c6da735 elementor-invisible elementor-widget elementor-widget-heading\" data-id=\"c6da735\" data-element_type=\"widget\" data-settings=\"{&quot;_animation&quot;:&quot;fadeInUp&quot;}\" data-widget_type=\"heading.default\">\n\t\t\t\t<div class=\"elementor-widget-container\">\n\t\t\t\t\t<h2 class=\"elementor-heading-title elementor-size-default\">Code of Ethics and Conduct<\/h2>\t\t\t\t<\/div>\n\t\t\t\t<\/div>\n\t\t\t\t<div class=\"elementor-element elementor-element-e1c2403 elementor-invisible elementor-widget elementor-widget-text-editor\" data-id=\"e1c2403\" data-element_type=\"widget\" data-settings=\"{&quot;_animation&quot;:&quot;fadeIn&quot;}\" data-widget_type=\"text-editor.default\">\n\t\t\t\t<div class=\"elementor-widget-container\">\n\t\t\t\t\t\t\t\t\t<p>The Board of Directors of <strong>Greening Group has approved the <span style=\"text-decoration: underline;\"><span style=\"color: #6bbbae; text-decoration: underline;\"><a style=\"color: #6bbbae; text-decoration: underline;\" href=\"https:\/\/www.greening-group.com\/wp-content\/uploads\/2025\/11\/ff-6f4f593d6f3270bea728ede948703a48-ff-CODE-OF-ETHICS-AND-CONDUCT.pdf\" target=\"_blank\" rel=\"noopener\">Code of Ethics and Conduct<\/a><\/span><\/span><\/strong>, with the objective of ensuring that all relationships within the Group\u2014at every level, both internal and external\u2014are guided by the highest ethical standards and the core values of Greening Group. <strong>The Code of Ethics and Conduct outlines the commitments and behavioral guidelines that must be followed by Greening Group<\/strong>, including all affiliated companies and individuals (such as employees, executives, and\/or administrators), as well as any other parties who collaborate with or maintain relationships with the Group, regardless of nature. This includes, but is not limited to, clients, suppliers, business partners, third parties, and any other collaborators who provide services to the Group and\/or engage in commercial or similar relationships.<\/p>\t\t\t\t\t\t\t\t<\/div>\n\t\t\t\t<\/div>\n\t\t\t\t\t<\/div>\n\t\t\t\t<\/div>\n\t\t\t\t<\/div>\n\t\t","protected":false},"excerpt":{"rendered":"<p>Code of Ethics and Conduct The Board of Directors of Greening Group has approved the Code of Ethics and Conduct, with the objective of ensuring that all relationships within the Group\u2014at every level, both internal and external\u2014are guided by the highest ethical standards and the core values of Greening Group. The Code of Ethics and [&hellip;]<\/p>\n","protected":false},"author":3,"featured_media":0,"parent":11949,"menu_order":0,"comment_status":"closed","ping_status":"closed","template":"elementor_header_footer","meta":{"_acf_changed":false,"footnotes":""},"class_list":["post-11865","page","type-page","status-publish","hentry"],"acf":[],"yoast_head":"<!-- This site is optimized with the Yoast SEO plugin v26.0 - https:\/\/yoast.com\/wordpress\/plugins\/seo\/ -->\n<title>Code of Ethics and Conduct - Greening<\/title>\n<meta name=\"robots\" content=\"index, follow, max-snippet:-1, max-image-preview:large, max-video-preview:-1\" \/>\n<link rel=\"canonical\" href=\"https:\/\/www.greening-group.com\/en\/about-us\/ethics\/\" \/>\n<meta property=\"og:locale\" content=\"en_US\" \/>\n<meta property=\"og:type\" content=\"article\" \/>\n<meta property=\"og:title\" content=\"Code of Ethics and Conduct - Greening\" \/>\n<meta property=\"og:description\" content=\"Code of Ethics and Conduct The Board of Directors of Greening Group has approved the Code of Ethics and Conduct, with the objective of ensuring that all relationships within the Group\u2014at every level, both internal and external\u2014are guided by the highest ethical standards and the core values of Greening Group. The Code of Ethics and [&hellip;]\" \/>\n<meta property=\"og:url\" content=\"https:\/\/www.greening-group.com\/en\/about-us\/ethics\/\" \/>\n<meta property=\"og:site_name\" content=\"Greening\" \/>\n<meta property=\"article:modified_time\" content=\"2026-01-15T10:20:57+00:00\" \/>\n<meta name=\"twitter:card\" content=\"summary_large_image\" \/>\n<meta name=\"twitter:image\" content=\"https:\/\/www.greening-group.com\/wp-content\/uploads\/2024\/08\/favicon.png\" \/>\n<meta name=\"twitter:label1\" content=\"Est. reading time\" \/>\n\t<meta name=\"twitter:data1\" content=\"1 minute\" \/>\n<script type=\"application\/ld+json\" class=\"yoast-schema-graph\">{\"@context\":\"https:\/\/schema.org\",\"@graph\":[{\"@type\":\"WebPage\",\"@id\":\"https:\/\/www.greening-group.com\/en\/about-us\/ethics\/\",\"url\":\"https:\/\/www.greening-group.com\/en\/about-us\/ethics\/\",\"name\":\"Code of Ethics and Conduct - Greening\",\"isPartOf\":{\"@id\":\"https:\/\/www.greening-group.com\/me\/#website\"},\"datePublished\":\"2024-09-13T09:43:23+00:00\",\"dateModified\":\"2026-01-15T10:20:57+00:00\",\"breadcrumb\":{\"@id\":\"https:\/\/www.greening-group.com\/en\/about-us\/ethics\/#breadcrumb\"},\"inLanguage\":\"en-US\",\"potentialAction\":[{\"@type\":\"ReadAction\",\"target\":[\"https:\/\/www.greening-group.com\/en\/about-us\/ethics\/\"]}]},{\"@type\":\"BreadcrumbList\",\"@id\":\"https:\/\/www.greening-group.com\/en\/about-us\/ethics\/#breadcrumb\",\"itemListElement\":[{\"@type\":\"ListItem\",\"position\":1,\"name\":\"About Us\",\"item\":\"https:\/\/www.greening-group.com\/en\/about-us\/\"},{\"@type\":\"ListItem\",\"position\":2,\"name\":\"Code of Ethics and Conduct\"}]},{\"@type\":\"WebSite\",\"@id\":\"https:\/\/www.greening-group.com\/me\/#website\",\"url\":\"https:\/\/www.greening-group.com\/me\/\",\"name\":\"Greening\",\"description\":\"Energ\u00eda renovable para una transici\u00f3n energ\u00e9tica global\",\"potentialAction\":[{\"@type\":\"SearchAction\",\"target\":{\"@type\":\"EntryPoint\",\"urlTemplate\":\"https:\/\/www.greening-group.com\/me\/?s={search_term_string}\"},\"query-input\":{\"@type\":\"PropertyValueSpecification\",\"valueRequired\":true,\"valueName\":\"search_term_string\"}}],\"inLanguage\":\"en-US\"}]}<\/script>\n<!-- \/ Yoast SEO plugin. -->","yoast_head_json":{"title":"Code of Ethics and Conduct - Greening","robots":{"index":"index","follow":"follow","max-snippet":"max-snippet:-1","max-image-preview":"max-image-preview:large","max-video-preview":"max-video-preview:-1"},"canonical":"https:\/\/www.greening-group.com\/en\/about-us\/ethics\/","og_locale":"en_US","og_type":"article","og_title":"Code of Ethics and Conduct - Greening","og_description":"Code of Ethics and Conduct The Board of Directors of Greening Group has approved the Code of Ethics and Conduct, with the objective of ensuring that all relationships within the Group\u2014at every level, both internal and external\u2014are guided by the highest ethical standards and the core values of Greening Group. The Code of Ethics and [&hellip;]","og_url":"https:\/\/www.greening-group.com\/en\/about-us\/ethics\/","og_site_name":"Greening","article_modified_time":"2026-01-15T10:20:57+00:00","twitter_card":"summary_large_image","twitter_image":"https:\/\/www.greening-group.com\/wp-content\/uploads\/2024\/08\/favicon.png","twitter_misc":{"Est. reading time":"1 minute"},"schema":{"@context":"https:\/\/schema.org","@graph":[{"@type":"WebPage","@id":"https:\/\/www.greening-group.com\/en\/about-us\/ethics\/","url":"https:\/\/www.greening-group.com\/en\/about-us\/ethics\/","name":"Code of Ethics and Conduct - Greening","isPartOf":{"@id":"https:\/\/www.greening-group.com\/me\/#website"},"datePublished":"2024-09-13T09:43:23+00:00","dateModified":"2026-01-15T10:20:57+00:00","breadcrumb":{"@id":"https:\/\/www.greening-group.com\/en\/about-us\/ethics\/#breadcrumb"},"inLanguage":"en-US","potentialAction":[{"@type":"ReadAction","target":["https:\/\/www.greening-group.com\/en\/about-us\/ethics\/"]}]},{"@type":"BreadcrumbList","@id":"https:\/\/www.greening-group.com\/en\/about-us\/ethics\/#breadcrumb","itemListElement":[{"@type":"ListItem","position":1,"name":"About Us","item":"https:\/\/www.greening-group.com\/en\/about-us\/"},{"@type":"ListItem","position":2,"name":"Code of Ethics and Conduct"}]},{"@type":"WebSite","@id":"https:\/\/www.greening-group.com\/me\/#website","url":"https:\/\/www.greening-group.com\/me\/","name":"Greening","description":"Energ\u00eda renovable para una transici\u00f3n energ\u00e9tica global","potentialAction":[{"@type":"SearchAction","target":{"@type":"EntryPoint","urlTemplate":"https:\/\/www.greening-group.com\/me\/?s={search_term_string}"},"query-input":{"@type":"PropertyValueSpecification","valueRequired":true,"valueName":"search_term_string"}}],"inLanguage":"en-US"}]}},"_links":{"self":[{"href":"https:\/\/www.greening-group.com\/en\/wp-json\/wp\/v2\/pages\/11865","targetHints":{"allow":["GET"]}}],"collection":[{"href":"https:\/\/www.greening-group.com\/en\/wp-json\/wp\/v2\/pages"}],"about":[{"href":"https:\/\/www.greening-group.com\/en\/wp-json\/wp\/v2\/types\/page"}],"author":[{"embeddable":true,"href":"https:\/\/www.greening-group.com\/en\/wp-json\/wp\/v2\/users\/3"}],"replies":[{"embeddable":true,"href":"https:\/\/www.greening-group.com\/en\/wp-json\/wp\/v2\/comments?post=11865"}],"version-history":[{"count":5,"href":"https:\/\/www.greening-group.com\/en\/wp-json\/wp\/v2\/pages\/11865\/revisions"}],"predecessor-version":[{"id":17455,"href":"https:\/\/www.greening-group.com\/en\/wp-json\/wp\/v2\/pages\/11865\/revisions\/17455"}],"up":[{"embeddable":true,"href":"https:\/\/www.greening-group.com\/en\/wp-json\/wp\/v2\/pages\/11949"}],"wp:attachment":[{"href":"https:\/\/www.greening-group.com\/en\/wp-json\/wp\/v2\/media?parent=11865"}],"curies":[{"name":"wp","href":"https:\/\/api.w.org\/{rel}","templated":true}]}}