{"id":11869,"date":"2024-09-13T11:44:56","date_gmt":"2024-09-13T09:44:56","guid":{"rendered":"https:\/\/www.greening-group.com\/integrity-hotline\/"},"modified":"2025-11-26T11:46:35","modified_gmt":"2025-11-26T10:46:35","slug":"integrity-hotline","status":"publish","type":"page","link":"https:\/\/www.greening-group.com\/en\/about-us\/integrity-hotline\/","title":{"rendered":"Integrity Hotline"},"content":{"rendered":"\t\t<div data-elementor-type=\"wp-page\" data-elementor-id=\"11869\" class=\"elementor elementor-11869 elementor-2614\" data-elementor-post-type=\"page\">\n\t\t\t\t<div class=\"elementor-element elementor-element-17c00c7 e-flex e-con-boxed e-con e-parent\" data-id=\"17c00c7\" data-element_type=\"container\" data-settings=\"{&quot;background_background&quot;:&quot;classic&quot;}\">\n\t\t\t\t\t<div class=\"e-con-inner\">\n\t\t\t\t\t<\/div>\n\t\t\t\t<\/div>\n\t\t<div class=\"elementor-element elementor-element-f0ab4bf e-flex e-con-boxed e-con e-parent\" data-id=\"f0ab4bf\" data-element_type=\"container\">\n\t\t\t\t\t<div class=\"e-con-inner\">\n\t\t\t\t<div class=\"elementor-element elementor-element-d293404 elementor-invisible elementor-widget elementor-widget-heading\" data-id=\"d293404\" data-element_type=\"widget\" data-settings=\"{&quot;_animation&quot;:&quot;fadeInUp&quot;}\" data-widget_type=\"heading.default\">\n\t\t\t\t<div class=\"elementor-widget-container\">\n\t\t\t\t\t<h2 class=\"elementor-heading-title elementor-size-default\">Integrity Hotline<\/h2>\t\t\t\t<\/div>\n\t\t\t\t<\/div>\n\t\t\t\t<div class=\"elementor-element elementor-element-bd86b85 elementor-invisible elementor-widget elementor-widget-text-editor\" data-id=\"bd86b85\" data-element_type=\"widget\" data-settings=\"{&quot;_animation&quot;:&quot;fadeIn&quot;}\" data-widget_type=\"text-editor.default\">\n\t\t\t\t<div class=\"elementor-widget-container\">\n\t\t\t\t\t\t\t\t\t<p>Greening provides this <span style=\"text-decoration: underline;\"><strong><a href=\"https:\/\/whistleblowersoftware.com\/secure\/CanalDenunciasGreeningGroup\" target=\"_blank\" rel=\"noopener noreferrer\"><span style=\"color: #6bbbae; text-decoration: underline;\">Integrity Hotline<\/span><\/a><\/strong><\/span> to all individuals within the Group (including, among others, its employees, executives, administrators, and persons related to them), as well as to those who collaborate with and\/or maintain relationships of any kind with the Group (including, but not limited to, clients, suppliers, business partners, third parties, and any other collaborators who provide services to the Group and\/or engage in commercial or similar relationships). It is also open to anyone who may have knowledge of any action or omission involving an irregularity, illegality, or violation of current legal regulations, the <span style=\"text-decoration: underline;\"><strong><a href=\"https:\/\/www.greening-group.com\/en\/ethics\/\" rel=\"noopener noreferrer\"><span style=\"color: #6bbbae; text-decoration: underline;\">Code of Ethics and Conduct,<\/span><\/a><\/strong><\/span> or the Group&#8217;s internal policies and rules.<\/p><p>Greening guarantees confidentiality and respects anonymity. Therefore, information may be submitted either by identifying oneself or anonymously. Nevertheless, we recommend including as much relevant information as possible related to the reported facts (documents, invoices, recordings, photographs, reports, videos, voice recordings, etc.).<\/p><p>The person responsible for Greening\u2019s Integrity Hotline will inform the reporting party of the status of the case through the \u201cReport Inquiry\u201d section, and may request additional information if necessary to investigate the matter.<\/p><p>Greening assures whistleblowers and any collaborators that no retaliation will be taken against them for submitting a report or assisting in the investigation. The process will comply with the provisions set forth in the <span style=\"text-decoration: underline;\"><span style=\"color: #6bbbae;\"><strong><a style=\"color: #6bbbae; text-decoration: underline;\" href=\"https:\/\/www.greening-group.com\/wp-content\/uploads\/2025\/11\/ff-dfd6a8aec91a4be4606ec8ff1e672527-ff-WHISTLEBLOWING-CHANNEL-POLICY.pdf\" target=\"_blank\" rel=\"noopener noreferrer\">Whistleblowing Channel Policy.<\/a><\/strong><\/span><\/span><\/p><p>You can find more information on Law 2\/2023, of February 20, 2023, regulating the protection of individuals who report regulatory violations and fight against corruption, at the following link: <span style=\"text-decoration: underline;\"><span style=\"color: #6bbbae;\"><a style=\"color: #6bbbae; text-decoration: underline;\" href=\"https:\/\/www.boe.es\/buscar\/act.php?id=BOE-A-2023-4513\" target=\"_blank\" rel=\"noopener noreferrer\">https:\/\/www.boe.es\/buscar\/act.php?id=BOE-A-2023-4513<\/a><\/span><\/span><\/p><p>Please read the relevant information before submitting your report through the <span style=\"text-decoration: underline;\"><span style=\"color: #6bbbae;\"><a style=\"color: #6bbbae; text-decoration: underline;\" href=\"https:\/\/whistleblowersoftware.com\/en\/whistleblowing-system\" target=\"_blank\" rel=\"noopener noreferrer\">channel here.<\/a><\/span><\/span><\/p>\t\t\t\t\t\t\t\t<\/div>\n\t\t\t\t<\/div>\n\t\t\t\t\t<\/div>\n\t\t\t\t<\/div>\n\t\t\t\t<\/div>\n\t\t","protected":false},"excerpt":{"rendered":"<p>Integrity Hotline Greening provides this Integrity Hotline to all individuals within the Group (including, among others, its employees, executives, administrators, and persons related to them), as well as to those who collaborate with and\/or maintain relationships of any kind with the Group (including, but not limited to, clients, suppliers, business partners, third parties, and any [&hellip;]<\/p>\n","protected":false},"author":3,"featured_media":0,"parent":11949,"menu_order":0,"comment_status":"closed","ping_status":"closed","template":"elementor_header_footer","meta":{"_acf_changed":false,"footnotes":""},"class_list":["post-11869","page","type-page","status-publish","hentry"],"acf":[],"yoast_head":"<!-- This site is optimized with the Yoast SEO plugin v26.0 - https:\/\/yoast.com\/wordpress\/plugins\/seo\/ -->\n<title>Integrity Hotline - Greening<\/title>\n<meta name=\"robots\" content=\"index, follow, max-snippet:-1, max-image-preview:large, max-video-preview:-1\" \/>\n<link rel=\"canonical\" href=\"https:\/\/www.greening-group.com\/en\/about-us\/integrity-hotline\/\" \/>\n<meta property=\"og:locale\" content=\"en_US\" \/>\n<meta property=\"og:type\" content=\"article\" \/>\n<meta property=\"og:title\" content=\"Integrity Hotline - Greening\" \/>\n<meta property=\"og:description\" content=\"Integrity Hotline Greening provides this Integrity Hotline to all individuals within the Group (including, among others, its employees, executives, administrators, and persons related to them), as well as to those who collaborate with and\/or maintain relationships of any kind with the Group (including, but not limited to, clients, suppliers, business partners, third parties, and any [&hellip;]\" \/>\n<meta property=\"og:url\" content=\"https:\/\/www.greening-group.com\/en\/about-us\/integrity-hotline\/\" \/>\n<meta property=\"og:site_name\" content=\"Greening\" \/>\n<meta property=\"article:modified_time\" content=\"2025-11-26T10:46:35+00:00\" \/>\n<meta name=\"twitter:card\" content=\"summary_large_image\" \/>\n<meta name=\"twitter:image\" content=\"https:\/\/www.greening-group.com\/wp-content\/uploads\/2024\/08\/favicon.png\" \/>\n<meta name=\"twitter:label1\" content=\"Est. reading time\" \/>\n\t<meta name=\"twitter:data1\" content=\"2 minutes\" \/>\n<script type=\"application\/ld+json\" class=\"yoast-schema-graph\">{\"@context\":\"https:\/\/schema.org\",\"@graph\":[{\"@type\":\"WebPage\",\"@id\":\"https:\/\/www.greening-group.com\/en\/about-us\/integrity-hotline\/\",\"url\":\"https:\/\/www.greening-group.com\/en\/about-us\/integrity-hotline\/\",\"name\":\"Integrity Hotline - Greening\",\"isPartOf\":{\"@id\":\"https:\/\/www.greening-group.com\/me\/#website\"},\"datePublished\":\"2024-09-13T09:44:56+00:00\",\"dateModified\":\"2025-11-26T10:46:35+00:00\",\"breadcrumb\":{\"@id\":\"https:\/\/www.greening-group.com\/en\/about-us\/integrity-hotline\/#breadcrumb\"},\"inLanguage\":\"en-US\",\"potentialAction\":[{\"@type\":\"ReadAction\",\"target\":[\"https:\/\/www.greening-group.com\/en\/about-us\/integrity-hotline\/\"]}]},{\"@type\":\"BreadcrumbList\",\"@id\":\"https:\/\/www.greening-group.com\/en\/about-us\/integrity-hotline\/#breadcrumb\",\"itemListElement\":[{\"@type\":\"ListItem\",\"position\":1,\"name\":\"About Us\",\"item\":\"https:\/\/www.greening-group.com\/en\/about-us\/\"},{\"@type\":\"ListItem\",\"position\":2,\"name\":\"Integrity Hotline\"}]},{\"@type\":\"WebSite\",\"@id\":\"https:\/\/www.greening-group.com\/me\/#website\",\"url\":\"https:\/\/www.greening-group.com\/me\/\",\"name\":\"Greening\",\"description\":\"Energ\u00eda renovable para una transici\u00f3n energ\u00e9tica global\",\"potentialAction\":[{\"@type\":\"SearchAction\",\"target\":{\"@type\":\"EntryPoint\",\"urlTemplate\":\"https:\/\/www.greening-group.com\/me\/?s={search_term_string}\"},\"query-input\":{\"@type\":\"PropertyValueSpecification\",\"valueRequired\":true,\"valueName\":\"search_term_string\"}}],\"inLanguage\":\"en-US\"}]}<\/script>\n<!-- \/ Yoast SEO plugin. -->","yoast_head_json":{"title":"Integrity Hotline - Greening","robots":{"index":"index","follow":"follow","max-snippet":"max-snippet:-1","max-image-preview":"max-image-preview:large","max-video-preview":"max-video-preview:-1"},"canonical":"https:\/\/www.greening-group.com\/en\/about-us\/integrity-hotline\/","og_locale":"en_US","og_type":"article","og_title":"Integrity Hotline - Greening","og_description":"Integrity Hotline Greening provides this Integrity Hotline to all individuals within the Group (including, among others, its employees, executives, administrators, and persons related to them), as well as to those who collaborate with and\/or maintain relationships of any kind with the Group (including, but not limited to, clients, suppliers, business partners, third parties, and any [&hellip;]","og_url":"https:\/\/www.greening-group.com\/en\/about-us\/integrity-hotline\/","og_site_name":"Greening","article_modified_time":"2025-11-26T10:46:35+00:00","twitter_card":"summary_large_image","twitter_image":"https:\/\/www.greening-group.com\/wp-content\/uploads\/2024\/08\/favicon.png","twitter_misc":{"Est. reading time":"2 minutes"},"schema":{"@context":"https:\/\/schema.org","@graph":[{"@type":"WebPage","@id":"https:\/\/www.greening-group.com\/en\/about-us\/integrity-hotline\/","url":"https:\/\/www.greening-group.com\/en\/about-us\/integrity-hotline\/","name":"Integrity Hotline - Greening","isPartOf":{"@id":"https:\/\/www.greening-group.com\/me\/#website"},"datePublished":"2024-09-13T09:44:56+00:00","dateModified":"2025-11-26T10:46:35+00:00","breadcrumb":{"@id":"https:\/\/www.greening-group.com\/en\/about-us\/integrity-hotline\/#breadcrumb"},"inLanguage":"en-US","potentialAction":[{"@type":"ReadAction","target":["https:\/\/www.greening-group.com\/en\/about-us\/integrity-hotline\/"]}]},{"@type":"BreadcrumbList","@id":"https:\/\/www.greening-group.com\/en\/about-us\/integrity-hotline\/#breadcrumb","itemListElement":[{"@type":"ListItem","position":1,"name":"About Us","item":"https:\/\/www.greening-group.com\/en\/about-us\/"},{"@type":"ListItem","position":2,"name":"Integrity Hotline"}]},{"@type":"WebSite","@id":"https:\/\/www.greening-group.com\/me\/#website","url":"https:\/\/www.greening-group.com\/me\/","name":"Greening","description":"Energ\u00eda renovable para una transici\u00f3n energ\u00e9tica global","potentialAction":[{"@type":"SearchAction","target":{"@type":"EntryPoint","urlTemplate":"https:\/\/www.greening-group.com\/me\/?s={search_term_string}"},"query-input":{"@type":"PropertyValueSpecification","valueRequired":true,"valueName":"search_term_string"}}],"inLanguage":"en-US"}]}},"_links":{"self":[{"href":"https:\/\/www.greening-group.com\/en\/wp-json\/wp\/v2\/pages\/11869","targetHints":{"allow":["GET"]}}],"collection":[{"href":"https:\/\/www.greening-group.com\/en\/wp-json\/wp\/v2\/pages"}],"about":[{"href":"https:\/\/www.greening-group.com\/en\/wp-json\/wp\/v2\/types\/page"}],"author":[{"embeddable":true,"href":"https:\/\/www.greening-group.com\/en\/wp-json\/wp\/v2\/users\/3"}],"replies":[{"embeddable":true,"href":"https:\/\/www.greening-group.com\/en\/wp-json\/wp\/v2\/comments?post=11869"}],"version-history":[{"count":4,"href":"https:\/\/www.greening-group.com\/en\/wp-json\/wp\/v2\/pages\/11869\/revisions"}],"predecessor-version":[{"id":17108,"href":"https:\/\/www.greening-group.com\/en\/wp-json\/wp\/v2\/pages\/11869\/revisions\/17108"}],"up":[{"embeddable":true,"href":"https:\/\/www.greening-group.com\/en\/wp-json\/wp\/v2\/pages\/11949"}],"wp:attachment":[{"href":"https:\/\/www.greening-group.com\/en\/wp-json\/wp\/v2\/media?parent=11869"}],"curies":[{"name":"wp","href":"https:\/\/api.w.org\/{rel}","templated":true}]}}