{"id":12483,"date":"2024-10-29T13:57:41","date_gmt":"2024-10-29T12:57:41","guid":{"rendered":"https:\/\/www.greening-group.com\/analyst-coverage\/"},"modified":"2025-09-04T12:21:20","modified_gmt":"2025-09-04T10:21:20","slug":"analyst-coverage","status":"publish","type":"page","link":"https:\/\/www.greening-group.com\/en\/analyst-coverage\/","title":{"rendered":"Analyst Coverage"},"content":{"rendered":"\t\t<div data-elementor-type=\"wp-page\" data-elementor-id=\"12483\" class=\"elementor elementor-12483 elementor-7943\" data-elementor-post-type=\"page\">\n\t\t\t\t<div class=\"elementor-element elementor-element-fe324fd e-flex e-con-boxed e-con e-parent\" data-id=\"fe324fd\" data-element_type=\"container\">\n\t\t\t\t\t<div class=\"e-con-inner\">\n\t\t<div class=\"elementor-element elementor-element-e4fe603 e-con-full e-flex e-con e-child\" data-id=\"e4fe603\" data-element_type=\"container\">\n\t\t\t\t<div class=\"elementor-element elementor-element-dc8b6d8 animated-slow elementor-invisible elementor-widget elementor-widget-image\" data-id=\"dc8b6d8\" data-element_type=\"widget\" data-settings=\"{&quot;_animation&quot;:&quot;fadeIn&quot;}\" data-widget_type=\"image.default\">\n\t\t\t\t<div class=\"elementor-widget-container\">\n\t\t\t\t\t\t\t\t\t\t\t\t\t\t\t<img loading=\"lazy\" decoding=\"async\" width=\"1980\" height=\"1320\" src=\"https:\/\/www.greening-group.com\/wp-content\/uploads\/2024\/09\/informacion-financiera.webp\" class=\"attachment-full size-full wp-image-12193\" alt=\"\" srcset=\"https:\/\/www.greening-group.com\/wp-content\/uploads\/2024\/09\/informacion-financiera.webp 1980w, https:\/\/www.greening-group.com\/wp-content\/uploads\/2024\/09\/informacion-financiera-300x200.webp 300w, https:\/\/www.greening-group.com\/wp-content\/uploads\/2024\/09\/informacion-financiera-1024x683.webp 1024w, https:\/\/www.greening-group.com\/wp-content\/uploads\/2024\/09\/informacion-financiera-768x512.webp 768w, https:\/\/www.greening-group.com\/wp-content\/uploads\/2024\/09\/informacion-financiera-1536x1024.webp 1536w\" sizes=\"auto, (max-width: 1980px) 100vw, 1980px\" \/>\t\t\t\t\t\t\t\t\t\t\t\t\t\t\t<\/div>\n\t\t\t\t<\/div>\n\t\t\t\t<\/div>\n\t\t<div class=\"elementor-element elementor-element-0508ee7 e-con-full e-flex e-con e-child\" data-id=\"0508ee7\" data-element_type=\"container\">\n\t\t\t\t<div class=\"elementor-element elementor-element-03ef4fb animated-slow elementor-widget__width-initial elementor-invisible elementor-widget elementor-widget-heading\" data-id=\"03ef4fb\" data-element_type=\"widget\" data-settings=\"{&quot;_animation&quot;:&quot;fadeInUp&quot;}\" data-widget_type=\"heading.default\">\n\t\t\t\t<div class=\"elementor-widget-container\">\n\t\t\t\t\t<h2 class=\"elementor-heading-title elementor-size-default\">Analyst Coverage<\/h2>\t\t\t\t<\/div>\n\t\t\t\t<\/div>\n\t\t\t\t<div class=\"elementor-element elementor-element-a4553b4 elementor-widget__width-auto elementor-mobile-align-left elementor-widget-mobile__width-initial elementor-align-center elementor-invisible elementor-widget elementor-widget-lottie\" data-id=\"a4553b4\" data-element_type=\"widget\" data-settings=\"{&quot;source_json&quot;:{&quot;url&quot;:&quot;https:\\\/\\\/www.greening-group.com\\\/wp-content\\\/uploads\\\/2024\\\/08\\\/Animation-1724832120120.json&quot;,&quot;id&quot;:42,&quot;size&quot;:&quot;&quot;,&quot;alt&quot;:&quot;&quot;,&quot;source&quot;:&quot;library&quot;},&quot;loop&quot;:&quot;yes&quot;,&quot;_animation&quot;:&quot;fadeInUp&quot;,&quot;_animation_delay&quot;:1300,&quot;source&quot;:&quot;media_file&quot;,&quot;caption_source&quot;:&quot;none&quot;,&quot;link_to&quot;:&quot;none&quot;,&quot;trigger&quot;:&quot;arriving_to_viewport&quot;,&quot;viewport&quot;:{&quot;unit&quot;:&quot;%&quot;,&quot;size&quot;:&quot;&quot;,&quot;sizes&quot;:{&quot;start&quot;:0,&quot;end&quot;:100}},&quot;play_speed&quot;:{&quot;unit&quot;:&quot;px&quot;,&quot;size&quot;:1,&quot;sizes&quot;:[]},&quot;start_point&quot;:{&quot;unit&quot;:&quot;%&quot;,&quot;size&quot;:0,&quot;sizes&quot;:[]},&quot;end_point&quot;:{&quot;unit&quot;:&quot;%&quot;,&quot;size&quot;:100,&quot;sizes&quot;:[]},&quot;renderer&quot;:&quot;svg&quot;}\" data-widget_type=\"lottie.default\">\n\t\t\t\t<div class=\"elementor-widget-container\">\n\t\t\t\t\t<div class=\"e-lottie__container\"><div class=\"e-lottie__animation\"><\/div><\/div>\t\t\t\t<\/div>\n\t\t\t\t<\/div>\n\t\t\t\t<\/div>\n\t\t\t\t\t<\/div>\n\t\t\t\t<\/div>\n\t\t<div class=\"elementor-element elementor-element-7b0f220 e-flex e-con-boxed e-con e-parent\" data-id=\"7b0f220\" data-element_type=\"container\" data-settings=\"{&quot;background_background&quot;:&quot;classic&quot;}\">\n\t\t\t\t\t<div class=\"e-con-inner\">\n\t\t\t\t<div class=\"elementor-element elementor-element-9e97660 elementor-absolute elementor-widget elementor-widget-image\" data-id=\"9e97660\" data-element_type=\"widget\" data-settings=\"{&quot;_position&quot;:&quot;absolute&quot;,&quot;motion_fx_motion_fx_scrolling&quot;:&quot;yes&quot;,&quot;motion_fx_translateY_effect&quot;:&quot;yes&quot;,&quot;motion_fx_translateY_direction&quot;:&quot;negative&quot;,&quot;motion_fx_translateY_speed&quot;:{&quot;unit&quot;:&quot;px&quot;,&quot;size&quot;:4,&quot;sizes&quot;:[]},&quot;motion_fx_translateY_affectedRange&quot;:{&quot;unit&quot;:&quot;%&quot;,&quot;size&quot;:&quot;&quot;,&quot;sizes&quot;:{&quot;start&quot;:0,&quot;end&quot;:100}},&quot;motion_fx_devices&quot;:[&quot;desktop&quot;,&quot;tablet&quot;,&quot;mobile&quot;]}\" data-widget_type=\"image.default\">\n\t\t\t\t<div class=\"elementor-widget-container\">\n\t\t\t\t\t\t\t\t\t\t\t\t\t\t\t<img loading=\"lazy\" decoding=\"async\" width=\"800\" height=\"799\" src=\"https:\/\/www.greening-group.com\/wp-content\/uploads\/2024\/08\/mundo.png\" class=\"attachment-large size-large wp-image-11845\" alt=\"\" srcset=\"https:\/\/www.greening-group.com\/wp-content\/uploads\/2024\/08\/mundo.png 912w, https:\/\/www.greening-group.com\/wp-content\/uploads\/2024\/08\/mundo-300x300.png 300w, https:\/\/www.greening-group.com\/wp-content\/uploads\/2024\/08\/mundo-150x150.png 150w, https:\/\/www.greening-group.com\/wp-content\/uploads\/2024\/08\/mundo-768x767.png 768w\" sizes=\"auto, (max-width: 800px) 100vw, 800px\" \/>\t\t\t\t\t\t\t\t\t\t\t\t\t\t\t<\/div>\n\t\t\t\t<\/div>\n\t\t\t\t\t<\/div>\n\t\t\t\t<\/div>\n\t\t<div class=\"elementor-element elementor-element-63ed2ab e-flex e-con-boxed e-con e-parent\" data-id=\"63ed2ab\" data-element_type=\"container\">\n\t\t\t\t\t<div class=\"e-con-inner\">\n\t\t\t\t<div class=\"elementor-element elementor-element-bfa5828 elementor-widget elementor-widget-text-editor\" data-id=\"bfa5828\" data-element_type=\"widget\" data-widget_type=\"text-editor.default\">\n\t\t\t\t<div class=\"elementor-widget-container\">\n\t\t\t\t\t\t\t\t\t<table width=\"100%\"><thead><tr><th align=\"left\">Date<\/th><th align=\"left\">Research House<\/th><th align=\"left\">Title<\/th><th align=\"left\">Recommendation<\/th><th align=\"left\">Target Price<\/th><th align=\"left\">Document<\/th><\/tr><\/thead><tbody><tr><td align=\"left\">30-11-2024<\/td><td align=\"left\">Renta 4<\/td><td align=\"left\">H1 2024 Results<\/td><td align=\"left\">Overweight<\/td><td align=\"left\">8,50 \u20ac<\/td><td align=\"left\"><span style=\"color: #6bbbae;\"><a style=\"color: #6bbbae;\" href=\"https:\/\/www.greening-group.com\/Inversores\/20241107_greening_pi.pdf\" target=\"_blank\" rel=\"noopener\"><strong>Download<\/strong><\/a><\/span><\/td><\/tr><tr><td align=\"left\">04-11-2024<\/td><td align=\"left\">Sabadell<\/td><td align=\"left\">Conference Call Highlights<\/td><td align=\"left\"> <\/td><td align=\"left\">6.03 \u2013 9.07<\/td><td align=\"left\"><span style=\"color: #6bbbae;\"><a style=\"color: #6bbbae;\" href=\"https:\/\/www.greening-group.com\/Inversores\/GGR_MENSAJES%20CONFERENCE%20CALL%20RDOS%201S24.pdf\" target=\"_blank\" rel=\"noopener\"><strong>Download<\/strong><\/a><\/span><\/td><\/tr><tr><td align=\"left\">30-10-2024<\/td><td align=\"left\">Sabadell<\/td><td align=\"left\">H1 2024 Results<\/td><td align=\"left\"> <\/td><td align=\"left\">6.03 \u2013 9.07<\/td><td align=\"left\"><span style=\"color: #6bbbae;\"><a style=\"color: #6bbbae;\" href=\"https:\/\/www.greening-group.com\/Inversores\/GGR%20Rdos%201S24.pdf\" target=\"_blank\" rel=\"noopener\"><strong>Download<\/strong><\/a><\/span><\/td><\/tr><tr><td align=\"left\">03-06-2024<\/td><td align=\"left\">Renta 4<\/td><td align=\"left\">Strategic Plan 2024\u20132026<\/td><td align=\"left\">Overweight<\/td><td align=\"left\">8,50 \u20ac<\/td><td align=\"left\"><span style=\"color: #6bbbae;\"><a style=\"color: #6bbbae;\" href=\"https:\/\/www.greening-group.com\/wp-content\/uploads\/2024\/06\/Greening-Actualizacion-Plan-Estrategico-Mayo24.pdf\" target=\"_blank\" rel=\"noopener\"><strong>Download<\/strong><\/a><\/span><\/td><\/tr><tr><td align=\"left\">15-05-2024<\/td><td align=\"left\">Banco Sabadell<\/td><td align=\"left\">Strategic Plan 2024\u20132026<\/td><td align=\"left\">N\/A<\/td><td align=\"left\">Under review<\/td><td align=\"left\"><span style=\"color: #6bbbae;\"><a style=\"color: #6bbbae;\" href=\"https:\/\/www.greening-group.com\/wp-content\/uploads\/2024\/06\/GGR_Actualizacion-PE-24-26.pdf\" target=\"_blank\" rel=\"noopener\"><strong>Download<\/strong><\/a><\/span><\/td><\/tr><tr><td align=\"left\">22-04-2024<\/td><td align=\"left\">Banco Sabadell<\/td><td align=\"left\">FY 2023 Results<\/td><td align=\"left\">N\/A<\/td><td align=\"left\">4,96 \u20ac \u2013 8,50 \u20ac<\/td><td align=\"left\"><span style=\"color: #6bbbae;\"><a style=\"color: #6bbbae;\" href=\"https:\/\/www.greening-group.com\/wp-content\/uploads\/2024\/06\/GGR_MENSAJES_CONFERENCE_CALL_RDOS_2023-1.pdf\" target=\"_blank\" rel=\"noopener\"><strong>Download<\/strong><\/a><\/span><\/td><\/tr><\/tbody><\/table>\t\t\t\t\t\t\t\t<\/div>\n\t\t\t\t<\/div>\n\t\t\t\t\t<\/div>\n\t\t\t\t<\/div>\n\t\t\t\t<\/div>\n\t\t","protected":false},"excerpt":{"rendered":"<p>Analyst Coverage Date Research House Title Recommendation Target Price Document 30-11-2024 Renta 4 H1 2024 Results Overweight 8,50 \u20ac Download 04-11-2024 Sabadell Conference Call Highlights 6.03 \u2013 9.07 Download 30-10-2024 Sabadell H1 2024 Results 6.03 \u2013 9.07 Download 03-06-2024 Renta 4 Strategic Plan 2024\u20132026 Overweight 8,50 \u20ac Download 15-05-2024 Banco Sabadell Strategic Plan 2024\u20132026 N\/A [&hellip;]<\/p>\n","protected":false},"author":3,"featured_media":0,"parent":0,"menu_order":0,"comment_status":"closed","ping_status":"closed","template":"elementor_header_footer","meta":{"_acf_changed":false,"footnotes":""},"class_list":["post-12483","page","type-page","status-publish","hentry"],"acf":[],"yoast_head":"<!-- This site is optimized with the Yoast SEO plugin v26.0 - https:\/\/yoast.com\/wordpress\/plugins\/seo\/ -->\n<title>Analyst Coverage - Greening<\/title>\n<meta name=\"robots\" content=\"index, follow, max-snippet:-1, max-image-preview:large, max-video-preview:-1\" \/>\n<link rel=\"canonical\" href=\"https:\/\/www.greening-group.com\/en\/analyst-coverage\/\" \/>\n<meta property=\"og:locale\" content=\"en_US\" \/>\n<meta property=\"og:type\" content=\"article\" \/>\n<meta property=\"og:title\" content=\"Analyst Coverage - Greening\" \/>\n<meta property=\"og:description\" content=\"Analyst Coverage Date Research House Title Recommendation Target Price Document 30-11-2024 Renta 4 H1 2024 Results Overweight 8,50 \u20ac Download 04-11-2024 Sabadell Conference Call Highlights 6.03 \u2013 9.07 Download 30-10-2024 Sabadell H1 2024 Results 6.03 \u2013 9.07 Download 03-06-2024 Renta 4 Strategic Plan 2024\u20132026 Overweight 8,50 \u20ac Download 15-05-2024 Banco Sabadell Strategic Plan 2024\u20132026 N\/A [&hellip;]\" \/>\n<meta property=\"og:url\" content=\"https:\/\/www.greening-group.com\/en\/analyst-coverage\/\" \/>\n<meta property=\"og:site_name\" content=\"Greening\" \/>\n<meta property=\"article:modified_time\" content=\"2025-09-04T10:21:20+00:00\" \/>\n<meta property=\"og:image\" content=\"https:\/\/www.greening-group.com\/wp-content\/uploads\/2024\/08\/favicon.png\" \/>\n<meta name=\"twitter:card\" content=\"summary_large_image\" \/>\n<meta name=\"twitter:image\" content=\"https:\/\/www.greening-group.com\/wp-content\/uploads\/2024\/08\/favicon.png\" \/>\n<script type=\"application\/ld+json\" class=\"yoast-schema-graph\">{\"@context\":\"https:\/\/schema.org\",\"@graph\":[{\"@type\":\"WebPage\",\"@id\":\"https:\/\/www.greening-group.com\/en\/analyst-coverage\/\",\"url\":\"https:\/\/www.greening-group.com\/en\/analyst-coverage\/\",\"name\":\"Analyst Coverage - Greening\",\"isPartOf\":{\"@id\":\"https:\/\/www.greening-group.com\/me\/#website\"},\"primaryImageOfPage\":{\"@id\":\"https:\/\/www.greening-group.com\/en\/analyst-coverage\/#primaryimage\"},\"image\":{\"@id\":\"https:\/\/www.greening-group.com\/en\/analyst-coverage\/#primaryimage\"},\"thumbnailUrl\":\"https:\/\/www.greening-group.com\/wp-content\/uploads\/2024\/09\/informacion-financiera.webp\",\"datePublished\":\"2024-10-29T12:57:41+00:00\",\"dateModified\":\"2025-09-04T10:21:20+00:00\",\"inLanguage\":\"en-US\",\"potentialAction\":[{\"@type\":\"ReadAction\",\"target\":[\"https:\/\/www.greening-group.com\/en\/analyst-coverage\/\"]}]},{\"@type\":\"ImageObject\",\"inLanguage\":\"en-US\",\"@id\":\"https:\/\/www.greening-group.com\/en\/analyst-coverage\/#primaryimage\",\"url\":\"https:\/\/www.greening-group.com\/wp-content\/uploads\/2024\/09\/informacion-financiera.webp\",\"contentUrl\":\"https:\/\/www.greening-group.com\/wp-content\/uploads\/2024\/09\/informacion-financiera.webp\"},{\"@type\":\"WebSite\",\"@id\":\"https:\/\/www.greening-group.com\/me\/#website\",\"url\":\"https:\/\/www.greening-group.com\/me\/\",\"name\":\"Greening\",\"description\":\"Energ\u00eda renovable para una transici\u00f3n energ\u00e9tica global\",\"potentialAction\":[{\"@type\":\"SearchAction\",\"target\":{\"@type\":\"EntryPoint\",\"urlTemplate\":\"https:\/\/www.greening-group.com\/me\/?s={search_term_string}\"},\"query-input\":{\"@type\":\"PropertyValueSpecification\",\"valueRequired\":true,\"valueName\":\"search_term_string\"}}],\"inLanguage\":\"en-US\"}]}<\/script>\n<!-- \/ Yoast SEO plugin. -->","yoast_head_json":{"title":"Analyst Coverage - Greening","robots":{"index":"index","follow":"follow","max-snippet":"max-snippet:-1","max-image-preview":"max-image-preview:large","max-video-preview":"max-video-preview:-1"},"canonical":"https:\/\/www.greening-group.com\/en\/analyst-coverage\/","og_locale":"en_US","og_type":"article","og_title":"Analyst Coverage - Greening","og_description":"Analyst Coverage Date Research House Title Recommendation Target Price Document 30-11-2024 Renta 4 H1 2024 Results Overweight 8,50 \u20ac Download 04-11-2024 Sabadell Conference Call Highlights 6.03 \u2013 9.07 Download 30-10-2024 Sabadell H1 2024 Results 6.03 \u2013 9.07 Download 03-06-2024 Renta 4 Strategic Plan 2024\u20132026 Overweight 8,50 \u20ac Download 15-05-2024 Banco Sabadell Strategic Plan 2024\u20132026 N\/A [&hellip;]","og_url":"https:\/\/www.greening-group.com\/en\/analyst-coverage\/","og_site_name":"Greening","article_modified_time":"2025-09-04T10:21:20+00:00","og_image":[{"url":"https:\/\/www.greening-group.com\/wp-content\/uploads\/2024\/08\/favicon.png","type":"","width":"","height":""}],"twitter_card":"summary_large_image","twitter_image":"https:\/\/www.greening-group.com\/wp-content\/uploads\/2024\/08\/favicon.png","schema":{"@context":"https:\/\/schema.org","@graph":[{"@type":"WebPage","@id":"https:\/\/www.greening-group.com\/en\/analyst-coverage\/","url":"https:\/\/www.greening-group.com\/en\/analyst-coverage\/","name":"Analyst Coverage - Greening","isPartOf":{"@id":"https:\/\/www.greening-group.com\/me\/#website"},"primaryImageOfPage":{"@id":"https:\/\/www.greening-group.com\/en\/analyst-coverage\/#primaryimage"},"image":{"@id":"https:\/\/www.greening-group.com\/en\/analyst-coverage\/#primaryimage"},"thumbnailUrl":"https:\/\/www.greening-group.com\/wp-content\/uploads\/2024\/09\/informacion-financiera.webp","datePublished":"2024-10-29T12:57:41+00:00","dateModified":"2025-09-04T10:21:20+00:00","inLanguage":"en-US","potentialAction":[{"@type":"ReadAction","target":["https:\/\/www.greening-group.com\/en\/analyst-coverage\/"]}]},{"@type":"ImageObject","inLanguage":"en-US","@id":"https:\/\/www.greening-group.com\/en\/analyst-coverage\/#primaryimage","url":"https:\/\/www.greening-group.com\/wp-content\/uploads\/2024\/09\/informacion-financiera.webp","contentUrl":"https:\/\/www.greening-group.com\/wp-content\/uploads\/2024\/09\/informacion-financiera.webp"},{"@type":"WebSite","@id":"https:\/\/www.greening-group.com\/me\/#website","url":"https:\/\/www.greening-group.com\/me\/","name":"Greening","description":"Energ\u00eda renovable para una transici\u00f3n energ\u00e9tica global","potentialAction":[{"@type":"SearchAction","target":{"@type":"EntryPoint","urlTemplate":"https:\/\/www.greening-group.com\/me\/?s={search_term_string}"},"query-input":{"@type":"PropertyValueSpecification","valueRequired":true,"valueName":"search_term_string"}}],"inLanguage":"en-US"}]}},"_links":{"self":[{"href":"https:\/\/www.greening-group.com\/en\/wp-json\/wp\/v2\/pages\/12483","targetHints":{"allow":["GET"]}}],"collection":[{"href":"https:\/\/www.greening-group.com\/en\/wp-json\/wp\/v2\/pages"}],"about":[{"href":"https:\/\/www.greening-group.com\/en\/wp-json\/wp\/v2\/types\/page"}],"author":[{"embeddable":true,"href":"https:\/\/www.greening-group.com\/en\/wp-json\/wp\/v2\/users\/3"}],"replies":[{"embeddable":true,"href":"https:\/\/www.greening-group.com\/en\/wp-json\/wp\/v2\/comments?post=12483"}],"version-history":[{"count":1,"href":"https:\/\/www.greening-group.com\/en\/wp-json\/wp\/v2\/pages\/12483\/revisions"}],"predecessor-version":[{"id":12484,"href":"https:\/\/www.greening-group.com\/en\/wp-json\/wp\/v2\/pages\/12483\/revisions\/12484"}],"wp:attachment":[{"href":"https:\/\/www.greening-group.com\/en\/wp-json\/wp\/v2\/media?parent=12483"}],"curies":[{"name":"wp","href":"https:\/\/api.w.org\/{rel}","templated":true}]}}