{"id":12485,"date":"2024-10-30T09:13:49","date_gmt":"2024-10-30T08:13:49","guid":{"rendered":"https:\/\/www.greening-group.com\/shareholder-corner\/"},"modified":"2025-09-04T12:23:19","modified_gmt":"2025-09-04T10:23:19","slug":"shareholder-corner","status":"publish","type":"page","link":"https:\/\/www.greening-group.com\/en\/shareholder-corner\/","title":{"rendered":"Shareholder Corner"},"content":{"rendered":"\t\t<div data-elementor-type=\"wp-page\" data-elementor-id=\"12485\" class=\"elementor elementor-12485 elementor-8000\" data-elementor-post-type=\"page\">\n\t\t\t\t<div class=\"elementor-element elementor-element-3911ae0 e-flex e-con-boxed e-con e-parent\" data-id=\"3911ae0\" data-element_type=\"container\">\n\t\t\t\t\t<div class=\"e-con-inner\">\n\t\t<div class=\"elementor-element elementor-element-37ede62 e-con-full e-flex e-con e-child\" data-id=\"37ede62\" data-element_type=\"container\">\n\t\t\t\t<div class=\"elementor-element elementor-element-c01cdd9 animated-slow elementor-invisible elementor-widget elementor-widget-image\" data-id=\"c01cdd9\" data-element_type=\"widget\" data-settings=\"{&quot;_animation&quot;:&quot;fadeIn&quot;}\" data-widget_type=\"image.default\">\n\t\t\t\t<div class=\"elementor-widget-container\">\n\t\t\t\t\t\t\t\t\t\t\t\t\t\t\t<img loading=\"lazy\" decoding=\"async\" width=\"1920\" height=\"963\" src=\"https:\/\/www.greening-group.com\/wp-content\/uploads\/2024\/10\/fondo-video.webp\" class=\"attachment-full size-full wp-image-12198\" alt=\"\" srcset=\"https:\/\/www.greening-group.com\/wp-content\/uploads\/2024\/10\/fondo-video.webp 1920w, https:\/\/www.greening-group.com\/wp-content\/uploads\/2024\/10\/fondo-video-300x150.webp 300w, https:\/\/www.greening-group.com\/wp-content\/uploads\/2024\/10\/fondo-video-1024x514.webp 1024w, https:\/\/www.greening-group.com\/wp-content\/uploads\/2024\/10\/fondo-video-768x385.webp 768w, https:\/\/www.greening-group.com\/wp-content\/uploads\/2024\/10\/fondo-video-1536x770.webp 1536w\" sizes=\"auto, (max-width: 1920px) 100vw, 1920px\" \/>\t\t\t\t\t\t\t\t\t\t\t\t\t\t\t<\/div>\n\t\t\t\t<\/div>\n\t\t\t\t<\/div>\n\t\t<div class=\"elementor-element elementor-element-9fb130d e-con-full e-flex e-con e-child\" data-id=\"9fb130d\" data-element_type=\"container\">\n\t\t\t\t<div class=\"elementor-element elementor-element-b2a1a9d animated-slow elementor-widget__width-initial elementor-invisible elementor-widget elementor-widget-heading\" data-id=\"b2a1a9d\" data-element_type=\"widget\" data-settings=\"{&quot;_animation&quot;:&quot;fadeInUp&quot;}\" data-widget_type=\"heading.default\">\n\t\t\t\t<div class=\"elementor-widget-container\">\n\t\t\t\t\t<h2 class=\"elementor-heading-title elementor-size-default\">Shareholder Corner<\/h2>\t\t\t\t<\/div>\n\t\t\t\t<\/div>\n\t\t\t\t<div class=\"elementor-element elementor-element-493dcac elementor-widget__width-initial animated-slow elementor-invisible elementor-widget elementor-widget-text-editor\" data-id=\"493dcac\" data-element_type=\"widget\" data-settings=\"{&quot;_animation&quot;:&quot;fadeInUp&quot;}\" data-widget_type=\"text-editor.default\">\n\t\t\t\t<div class=\"elementor-widget-container\">\n\t\t\t\t\t\t\t\t\t<p>In this section, you will find information about the company\u2019s share, share capital, significant shareholdings, and treasury stock.<\/p>\t\t\t\t\t\t\t\t<\/div>\n\t\t\t\t<\/div>\n\t\t\t\t<div class=\"elementor-element elementor-element-f06d3a1 elementor-widget__width-auto elementor-mobile-align-left elementor-widget-mobile__width-initial elementor-align-center elementor-invisible elementor-widget elementor-widget-lottie\" data-id=\"f06d3a1\" data-element_type=\"widget\" data-settings=\"{&quot;source_json&quot;:{&quot;url&quot;:&quot;https:\\\/\\\/www.greening-group.com\\\/wp-content\\\/uploads\\\/2024\\\/08\\\/Animation-1724832120120.json&quot;,&quot;id&quot;:42,&quot;size&quot;:&quot;&quot;,&quot;alt&quot;:&quot;&quot;,&quot;source&quot;:&quot;library&quot;},&quot;loop&quot;:&quot;yes&quot;,&quot;_animation&quot;:&quot;fadeInUp&quot;,&quot;_animation_delay&quot;:1300,&quot;source&quot;:&quot;media_file&quot;,&quot;caption_source&quot;:&quot;none&quot;,&quot;link_to&quot;:&quot;none&quot;,&quot;trigger&quot;:&quot;arriving_to_viewport&quot;,&quot;viewport&quot;:{&quot;unit&quot;:&quot;%&quot;,&quot;size&quot;:&quot;&quot;,&quot;sizes&quot;:{&quot;start&quot;:0,&quot;end&quot;:100}},&quot;play_speed&quot;:{&quot;unit&quot;:&quot;px&quot;,&quot;size&quot;:1,&quot;sizes&quot;:[]},&quot;start_point&quot;:{&quot;unit&quot;:&quot;%&quot;,&quot;size&quot;:0,&quot;sizes&quot;:[]},&quot;end_point&quot;:{&quot;unit&quot;:&quot;%&quot;,&quot;size&quot;:100,&quot;sizes&quot;:[]},&quot;renderer&quot;:&quot;svg&quot;}\" data-widget_type=\"lottie.default\">\n\t\t\t\t<div class=\"elementor-widget-container\">\n\t\t\t\t\t<div class=\"e-lottie__container\"><div class=\"e-lottie__animation\"><\/div><\/div>\t\t\t\t<\/div>\n\t\t\t\t<\/div>\n\t\t\t\t<\/div>\n\t\t\t\t\t<\/div>\n\t\t\t\t<\/div>\n\t\t<div class=\"elementor-element elementor-element-4165385 e-flex e-con-boxed e-con e-parent\" data-id=\"4165385\" data-element_type=\"container\" data-settings=\"{&quot;background_background&quot;:&quot;classic&quot;}\">\n\t\t\t\t\t<div class=\"e-con-inner\">\n\t\t<div class=\"elementor-element elementor-element-3dc5edc e-flex e-con-boxed e-con e-child\" data-id=\"3dc5edc\" data-element_type=\"container\" data-settings=\"{&quot;motion_fx_motion_fx_scrolling&quot;:&quot;yes&quot;,&quot;motion_fx_translateY_effect&quot;:&quot;yes&quot;,&quot;motion_fx_translateY_speed&quot;:{&quot;unit&quot;:&quot;px&quot;,&quot;size&quot;:1.5,&quot;sizes&quot;:[]},&quot;motion_fx_devices&quot;:[&quot;desktop&quot;,&quot;tablet&quot;],&quot;motion_fx_translateY_affectedRange&quot;:{&quot;unit&quot;:&quot;%&quot;,&quot;size&quot;:&quot;&quot;,&quot;sizes&quot;:{&quot;start&quot;:0,&quot;end&quot;:100}}}\">\n\t\t\t\t\t<div class=\"e-con-inner\">\n\t\t\t\t<div class=\"elementor-element elementor-element-3131bd8 elementor-widget elementor-widget-shortcode\" data-id=\"3131bd8\" data-element_type=\"widget\" data-widget_type=\"shortcode.default\">\n\t\t\t\t<div class=\"elementor-widget-container\">\n\t\t\t\t\t\t\t<div class=\"elementor-shortcode\">No se pudieron obtener los datos para el gr\u00e1fico.<\/div>\n\t\t\t\t\t\t<\/div>\n\t\t\t\t<\/div>\n\t\t\t\t\t<\/div>\n\t\t\t\t<\/div>\n\t\t\t\t\t<\/div>\n\t\t\t\t<\/div>\n\t\t<div class=\"elementor-element elementor-element-347cadd e-flex e-con-boxed e-con e-parent\" data-id=\"347cadd\" data-element_type=\"container\" data-settings=\"{&quot;background_background&quot;:&quot;classic&quot;}\">\n\t\t\t\t\t<div class=\"e-con-inner\">\n\t\t\t\t<div class=\"elementor-element elementor-element-8119822 elementor-absolute elementor-widget elementor-widget-image\" data-id=\"8119822\" data-element_type=\"widget\" data-settings=\"{&quot;_position&quot;:&quot;absolute&quot;,&quot;motion_fx_motion_fx_scrolling&quot;:&quot;yes&quot;,&quot;motion_fx_translateY_effect&quot;:&quot;yes&quot;,&quot;motion_fx_translateY_direction&quot;:&quot;negative&quot;,&quot;motion_fx_translateY_speed&quot;:{&quot;unit&quot;:&quot;px&quot;,&quot;size&quot;:4,&quot;sizes&quot;:[]},&quot;motion_fx_translateY_affectedRange&quot;:{&quot;unit&quot;:&quot;%&quot;,&quot;size&quot;:&quot;&quot;,&quot;sizes&quot;:{&quot;start&quot;:0,&quot;end&quot;:100}},&quot;motion_fx_devices&quot;:[&quot;desktop&quot;,&quot;tablet&quot;,&quot;mobile&quot;]}\" data-widget_type=\"image.default\">\n\t\t\t\t<div class=\"elementor-widget-container\">\n\t\t\t\t\t\t\t\t\t\t\t\t\t\t\t<img loading=\"lazy\" decoding=\"async\" width=\"800\" height=\"799\" src=\"https:\/\/www.greening-group.com\/wp-content\/uploads\/2024\/08\/mundo.png\" class=\"attachment-large size-large wp-image-11845\" alt=\"\" srcset=\"https:\/\/www.greening-group.com\/wp-content\/uploads\/2024\/08\/mundo.png 912w, https:\/\/www.greening-group.com\/wp-content\/uploads\/2024\/08\/mundo-300x300.png 300w, https:\/\/www.greening-group.com\/wp-content\/uploads\/2024\/08\/mundo-150x150.png 150w, https:\/\/www.greening-group.com\/wp-content\/uploads\/2024\/08\/mundo-768x767.png 768w\" sizes=\"auto, (max-width: 800px) 100vw, 800px\" \/>\t\t\t\t\t\t\t\t\t\t\t\t\t\t\t<\/div>\n\t\t\t\t<\/div>\n\t\t\t\t\t<\/div>\n\t\t\t\t<\/div>\n\t\t\t\t<\/div>\n\t\t","protected":false},"excerpt":{"rendered":"<p>Shareholder Corner In this section, you will find information about the company\u2019s share, share capital, significant shareholdings, and treasury stock.<\/p>\n","protected":false},"author":3,"featured_media":0,"parent":0,"menu_order":0,"comment_status":"closed","ping_status":"closed","template":"elementor_header_footer","meta":{"_acf_changed":false,"footnotes":""},"class_list":["post-12485","page","type-page","status-publish","hentry"],"acf":[],"yoast_head":"<!-- This site is optimized with the Yoast SEO plugin v26.0 - https:\/\/yoast.com\/wordpress\/plugins\/seo\/ -->\n<title>Shareholder Corner - Greening<\/title>\n<meta name=\"robots\" content=\"index, follow, max-snippet:-1, max-image-preview:large, max-video-preview:-1\" \/>\n<link rel=\"canonical\" href=\"https:\/\/www.greening-group.com\/en\/shareholder-corner\/\" \/>\n<meta property=\"og:locale\" content=\"en_US\" \/>\n<meta property=\"og:type\" content=\"article\" \/>\n<meta property=\"og:title\" content=\"Shareholder Corner - Greening\" \/>\n<meta property=\"og:description\" content=\"Shareholder Corner In this section, you will find information about the company\u2019s share, share capital, significant shareholdings, and treasury stock.\" \/>\n<meta property=\"og:url\" content=\"https:\/\/www.greening-group.com\/en\/shareholder-corner\/\" \/>\n<meta property=\"og:site_name\" content=\"Greening\" \/>\n<meta property=\"article:modified_time\" content=\"2025-09-04T10:23:19+00:00\" \/>\n<meta property=\"og:image\" content=\"https:\/\/www.greening-group.com\/wp-content\/uploads\/2024\/08\/favicon.png\" \/>\n<meta name=\"twitter:card\" content=\"summary_large_image\" \/>\n<meta name=\"twitter:image\" content=\"https:\/\/www.greening-group.com\/wp-content\/uploads\/2024\/08\/favicon.png\" \/>\n<script type=\"application\/ld+json\" class=\"yoast-schema-graph\">{\"@context\":\"https:\/\/schema.org\",\"@graph\":[{\"@type\":\"WebPage\",\"@id\":\"https:\/\/www.greening-group.com\/en\/shareholder-corner\/\",\"url\":\"https:\/\/www.greening-group.com\/en\/shareholder-corner\/\",\"name\":\"Shareholder Corner - Greening\",\"isPartOf\":{\"@id\":\"https:\/\/www.greening-group.com\/me\/#website\"},\"primaryImageOfPage\":{\"@id\":\"https:\/\/www.greening-group.com\/en\/shareholder-corner\/#primaryimage\"},\"image\":{\"@id\":\"https:\/\/www.greening-group.com\/en\/shareholder-corner\/#primaryimage\"},\"thumbnailUrl\":\"https:\/\/www.greening-group.com\/wp-content\/uploads\/2024\/10\/fondo-video.webp\",\"datePublished\":\"2024-10-30T08:13:49+00:00\",\"dateModified\":\"2025-09-04T10:23:19+00:00\",\"inLanguage\":\"en-US\",\"potentialAction\":[{\"@type\":\"ReadAction\",\"target\":[\"https:\/\/www.greening-group.com\/en\/shareholder-corner\/\"]}]},{\"@type\":\"ImageObject\",\"inLanguage\":\"en-US\",\"@id\":\"https:\/\/www.greening-group.com\/en\/shareholder-corner\/#primaryimage\",\"url\":\"https:\/\/www.greening-group.com\/wp-content\/uploads\/2024\/10\/fondo-video.webp\",\"contentUrl\":\"https:\/\/www.greening-group.com\/wp-content\/uploads\/2024\/10\/fondo-video.webp\"},{\"@type\":\"WebSite\",\"@id\":\"https:\/\/www.greening-group.com\/me\/#website\",\"url\":\"https:\/\/www.greening-group.com\/me\/\",\"name\":\"Greening\",\"description\":\"Energ\u00eda renovable para una transici\u00f3n energ\u00e9tica global\",\"potentialAction\":[{\"@type\":\"SearchAction\",\"target\":{\"@type\":\"EntryPoint\",\"urlTemplate\":\"https:\/\/www.greening-group.com\/me\/?s={search_term_string}\"},\"query-input\":{\"@type\":\"PropertyValueSpecification\",\"valueRequired\":true,\"valueName\":\"search_term_string\"}}],\"inLanguage\":\"en-US\"}]}<\/script>\n<!-- \/ Yoast SEO plugin. -->","yoast_head_json":{"title":"Shareholder Corner - Greening","robots":{"index":"index","follow":"follow","max-snippet":"max-snippet:-1","max-image-preview":"max-image-preview:large","max-video-preview":"max-video-preview:-1"},"canonical":"https:\/\/www.greening-group.com\/en\/shareholder-corner\/","og_locale":"en_US","og_type":"article","og_title":"Shareholder Corner - Greening","og_description":"Shareholder Corner In this section, you will find information about the company\u2019s share, share capital, significant shareholdings, and treasury stock.","og_url":"https:\/\/www.greening-group.com\/en\/shareholder-corner\/","og_site_name":"Greening","article_modified_time":"2025-09-04T10:23:19+00:00","og_image":[{"url":"https:\/\/www.greening-group.com\/wp-content\/uploads\/2024\/08\/favicon.png","type":"","width":"","height":""}],"twitter_card":"summary_large_image","twitter_image":"https:\/\/www.greening-group.com\/wp-content\/uploads\/2024\/08\/favicon.png","schema":{"@context":"https:\/\/schema.org","@graph":[{"@type":"WebPage","@id":"https:\/\/www.greening-group.com\/en\/shareholder-corner\/","url":"https:\/\/www.greening-group.com\/en\/shareholder-corner\/","name":"Shareholder Corner - Greening","isPartOf":{"@id":"https:\/\/www.greening-group.com\/me\/#website"},"primaryImageOfPage":{"@id":"https:\/\/www.greening-group.com\/en\/shareholder-corner\/#primaryimage"},"image":{"@id":"https:\/\/www.greening-group.com\/en\/shareholder-corner\/#primaryimage"},"thumbnailUrl":"https:\/\/www.greening-group.com\/wp-content\/uploads\/2024\/10\/fondo-video.webp","datePublished":"2024-10-30T08:13:49+00:00","dateModified":"2025-09-04T10:23:19+00:00","inLanguage":"en-US","potentialAction":[{"@type":"ReadAction","target":["https:\/\/www.greening-group.com\/en\/shareholder-corner\/"]}]},{"@type":"ImageObject","inLanguage":"en-US","@id":"https:\/\/www.greening-group.com\/en\/shareholder-corner\/#primaryimage","url":"https:\/\/www.greening-group.com\/wp-content\/uploads\/2024\/10\/fondo-video.webp","contentUrl":"https:\/\/www.greening-group.com\/wp-content\/uploads\/2024\/10\/fondo-video.webp"},{"@type":"WebSite","@id":"https:\/\/www.greening-group.com\/me\/#website","url":"https:\/\/www.greening-group.com\/me\/","name":"Greening","description":"Energ\u00eda renovable para una transici\u00f3n energ\u00e9tica global","potentialAction":[{"@type":"SearchAction","target":{"@type":"EntryPoint","urlTemplate":"https:\/\/www.greening-group.com\/me\/?s={search_term_string}"},"query-input":{"@type":"PropertyValueSpecification","valueRequired":true,"valueName":"search_term_string"}}],"inLanguage":"en-US"}]}},"_links":{"self":[{"href":"https:\/\/www.greening-group.com\/en\/wp-json\/wp\/v2\/pages\/12485","targetHints":{"allow":["GET"]}}],"collection":[{"href":"https:\/\/www.greening-group.com\/en\/wp-json\/wp\/v2\/pages"}],"about":[{"href":"https:\/\/www.greening-group.com\/en\/wp-json\/wp\/v2\/types\/page"}],"author":[{"embeddable":true,"href":"https:\/\/www.greening-group.com\/en\/wp-json\/wp\/v2\/users\/3"}],"replies":[{"embeddable":true,"href":"https:\/\/www.greening-group.com\/en\/wp-json\/wp\/v2\/comments?post=12485"}],"version-history":[{"count":1,"href":"https:\/\/www.greening-group.com\/en\/wp-json\/wp\/v2\/pages\/12485\/revisions"}],"predecessor-version":[{"id":12486,"href":"https:\/\/www.greening-group.com\/en\/wp-json\/wp\/v2\/pages\/12485\/revisions\/12486"}],"wp:attachment":[{"href":"https:\/\/www.greening-group.com\/en\/wp-json\/wp\/v2\/media?parent=12485"}],"curies":[{"name":"wp","href":"https:\/\/api.w.org\/{rel}","templated":true}]}}