{"id":12495,"date":"2024-09-16T13:47:27","date_gmt":"2024-09-16T11:47:27","guid":{"rendered":"https:\/\/www.greening-group.com\/investor-relations\/"},"modified":"2025-09-04T12:43:59","modified_gmt":"2025-09-04T10:43:59","slug":"investor-relations","status":"publish","type":"page","link":"https:\/\/www.greening-group.com\/en\/investor-relations\/","title":{"rendered":"Investor Relations"},"content":{"rendered":"\t\t<div data-elementor-type=\"wp-page\" data-elementor-id=\"12495\" class=\"elementor elementor-12495 elementor-2923\" data-elementor-post-type=\"page\">\n\t\t\t\t<div class=\"elementor-element elementor-element-a91b83f e-flex e-con-boxed e-con e-parent\" data-id=\"a91b83f\" data-element_type=\"container\">\n\t\t\t\t\t<div class=\"e-con-inner\">\n\t\t<div class=\"elementor-element elementor-element-0931c0e e-con-full e-flex e-con e-child\" data-id=\"0931c0e\" data-element_type=\"container\">\n\t\t\t\t<div class=\"elementor-element elementor-element-d345bce animated-slow elementor-invisible elementor-widget elementor-widget-image\" data-id=\"d345bce\" data-element_type=\"widget\" data-settings=\"{&quot;_animation&quot;:&quot;fadeIn&quot;}\" data-widget_type=\"image.default\">\n\t\t\t\t<div class=\"elementor-widget-container\">\n\t\t\t\t\t\t\t\t\t\t\t\t\t\t\t<img loading=\"lazy\" decoding=\"async\" width=\"1980\" height=\"1114\" src=\"https:\/\/www.greening-group.com\/wp-content\/uploads\/2024\/10\/view-of-solar-panels-and-wind-turbine-poland.webp\" class=\"attachment-full size-full wp-image-11982\" alt=\"\" srcset=\"https:\/\/www.greening-group.com\/wp-content\/uploads\/2024\/10\/view-of-solar-panels-and-wind-turbine-poland.webp 1980w, https:\/\/www.greening-group.com\/wp-content\/uploads\/2024\/10\/view-of-solar-panels-and-wind-turbine-poland-300x169.webp 300w, https:\/\/www.greening-group.com\/wp-content\/uploads\/2024\/10\/view-of-solar-panels-and-wind-turbine-poland-1024x576.webp 1024w, https:\/\/www.greening-group.com\/wp-content\/uploads\/2024\/10\/view-of-solar-panels-and-wind-turbine-poland-768x432.webp 768w, https:\/\/www.greening-group.com\/wp-content\/uploads\/2024\/10\/view-of-solar-panels-and-wind-turbine-poland-1536x864.webp 1536w\" sizes=\"auto, (max-width: 1980px) 100vw, 1980px\" \/>\t\t\t\t\t\t\t\t\t\t\t\t\t\t\t<\/div>\n\t\t\t\t<\/div>\n\t\t\t\t<\/div>\n\t\t<div class=\"elementor-element elementor-element-7eaf794 e-con-full e-flex e-con e-child\" data-id=\"7eaf794\" data-element_type=\"container\">\n\t\t\t\t<div class=\"elementor-element elementor-element-facceaa animated-slow elementor-widget__width-initial elementor-invisible elementor-widget elementor-widget-heading\" data-id=\"facceaa\" data-element_type=\"widget\" data-settings=\"{&quot;_animation&quot;:&quot;fadeInUp&quot;}\" data-widget_type=\"heading.default\">\n\t\t\t\t<div class=\"elementor-widget-container\">\n\t\t\t\t\t<h2 class=\"elementor-heading-title elementor-size-default\">Investor Relations<\/h2>\t\t\t\t<\/div>\n\t\t\t\t<\/div>\n\t\t\t\t<div class=\"elementor-element elementor-element-1b8d673 elementor-widget__width-auto elementor-mobile-align-left elementor-widget-mobile__width-initial elementor-align-center elementor-invisible elementor-widget elementor-widget-lottie\" data-id=\"1b8d673\" data-element_type=\"widget\" data-settings=\"{&quot;source_json&quot;:{&quot;url&quot;:&quot;https:\\\/\\\/www.greening-group.com\\\/wp-content\\\/uploads\\\/2024\\\/08\\\/Animation-1724832120120.json&quot;,&quot;id&quot;:42,&quot;size&quot;:&quot;&quot;,&quot;alt&quot;:&quot;&quot;,&quot;source&quot;:&quot;library&quot;},&quot;loop&quot;:&quot;yes&quot;,&quot;_animation&quot;:&quot;fadeInUp&quot;,&quot;_animation_delay&quot;:1300,&quot;source&quot;:&quot;media_file&quot;,&quot;caption_source&quot;:&quot;none&quot;,&quot;link_to&quot;:&quot;none&quot;,&quot;trigger&quot;:&quot;arriving_to_viewport&quot;,&quot;viewport&quot;:{&quot;unit&quot;:&quot;%&quot;,&quot;size&quot;:&quot;&quot;,&quot;sizes&quot;:{&quot;start&quot;:0,&quot;end&quot;:100}},&quot;play_speed&quot;:{&quot;unit&quot;:&quot;px&quot;,&quot;size&quot;:1,&quot;sizes&quot;:[]},&quot;start_point&quot;:{&quot;unit&quot;:&quot;%&quot;,&quot;size&quot;:0,&quot;sizes&quot;:[]},&quot;end_point&quot;:{&quot;unit&quot;:&quot;%&quot;,&quot;size&quot;:100,&quot;sizes&quot;:[]},&quot;renderer&quot;:&quot;svg&quot;}\" data-widget_type=\"lottie.default\">\n\t\t\t\t<div class=\"elementor-widget-container\">\n\t\t\t\t\t<div class=\"e-lottie__container\"><div class=\"e-lottie__animation\"><\/div><\/div>\t\t\t\t<\/div>\n\t\t\t\t<\/div>\n\t\t\t\t<\/div>\n\t\t\t\t\t<\/div>\n\t\t\t\t<\/div>\n\t\t<div class=\"elementor-element elementor-element-03d7e45 e-flex e-con-boxed e-con e-parent\" data-id=\"03d7e45\" data-element_type=\"container\" data-settings=\"{&quot;background_background&quot;:&quot;classic&quot;}\">\n\t\t\t\t\t<div class=\"e-con-inner\">\n\t\t\t\t<div class=\"elementor-element elementor-element-6ea05d8 elementor-absolute elementor-widget elementor-widget-image\" data-id=\"6ea05d8\" data-element_type=\"widget\" data-settings=\"{&quot;_position&quot;:&quot;absolute&quot;,&quot;motion_fx_motion_fx_scrolling&quot;:&quot;yes&quot;,&quot;motion_fx_translateY_effect&quot;:&quot;yes&quot;,&quot;motion_fx_translateY_direction&quot;:&quot;negative&quot;,&quot;motion_fx_translateY_speed&quot;:{&quot;unit&quot;:&quot;px&quot;,&quot;size&quot;:4,&quot;sizes&quot;:[]},&quot;motion_fx_translateY_affectedRange&quot;:{&quot;unit&quot;:&quot;%&quot;,&quot;size&quot;:&quot;&quot;,&quot;sizes&quot;:{&quot;start&quot;:0,&quot;end&quot;:100}},&quot;motion_fx_devices&quot;:[&quot;desktop&quot;,&quot;tablet&quot;,&quot;mobile&quot;]}\" data-widget_type=\"image.default\">\n\t\t\t\t<div class=\"elementor-widget-container\">\n\t\t\t\t\t\t\t\t\t\t\t\t\t\t\t<img loading=\"lazy\" decoding=\"async\" width=\"800\" height=\"799\" src=\"https:\/\/www.greening-group.com\/wp-content\/uploads\/2024\/08\/mundo.png\" class=\"attachment-large size-large wp-image-11845\" alt=\"\" srcset=\"https:\/\/www.greening-group.com\/wp-content\/uploads\/2024\/08\/mundo.png 912w, https:\/\/www.greening-group.com\/wp-content\/uploads\/2024\/08\/mundo-300x300.png 300w, https:\/\/www.greening-group.com\/wp-content\/uploads\/2024\/08\/mundo-150x150.png 150w, https:\/\/www.greening-group.com\/wp-content\/uploads\/2024\/08\/mundo-768x767.png 768w\" sizes=\"auto, (max-width: 800px) 100vw, 800px\" \/>\t\t\t\t\t\t\t\t\t\t\t\t\t\t\t<\/div>\n\t\t\t\t<\/div>\n\t\t\t\t\t<\/div>\n\t\t\t\t<\/div>\n\t\t<div class=\"elementor-element elementor-element-c17b63c e-flex e-con-boxed e-con e-parent\" data-id=\"c17b63c\" data-element_type=\"container\">\n\t\t\t\t\t<div class=\"e-con-inner\">\n\t\t\t\t<div class=\"elementor-element elementor-element-d53eedd elementor-widget elementor-widget-heading\" data-id=\"d53eedd\" data-element_type=\"widget\" data-widget_type=\"heading.default\">\n\t\t\t\t<div class=\"elementor-widget-container\">\n\t\t\t\t\t<h2 class=\"elementor-heading-title elementor-size-default\">Investor Relations Team<\/h2>\t\t\t\t<\/div>\n\t\t\t\t<\/div>\n\t\t\t\t<div class=\"elementor-element elementor-element-60fe58e elementor-widget elementor-widget-text-editor\" data-id=\"60fe58e\" data-element_type=\"widget\" data-widget_type=\"text-editor.default\">\n\t\t\t\t<div class=\"elementor-widget-container\">\n\t\t\t\t\t\t\t\t\t<div class=\"fusion-title title fusion-title-1 fusion-title-text fusion-title-size-one\"><div class=\"fusion-title title fusion-title-1 fusion-title-center fusion-title-text fusion-title-size-one\"><div class=\"fusion-title title fusion-title-2 fusion-title-text fusion-title-size-one\"><table style=\"font-size: 16px;\" width=\"100%\"><thead><tr><th align=\"left\">Name<\/th><th align=\"left\">Position<\/th><th align=\"left\">Email<\/th><\/tr><\/thead><tbody><tr><td align=\"left\">Mar\u00eda P\u00e9rez-Mosso<\/td><td align=\"left\">Investor Relations Manager<\/td><td align=\"left\">m.mosso@greening-group.com<\/td><\/tr><\/tbody><\/table><\/div><\/div><\/div>\t\t\t\t\t\t\t\t<\/div>\n\t\t\t\t<\/div>\n\t\t\t\t\t<\/div>\n\t\t\t\t<\/div>\n\t\t<div class=\"elementor-element elementor-element-ddc5ead e-flex e-con-boxed e-con e-parent\" data-id=\"ddc5ead\" data-element_type=\"container\">\n\t\t\t\t\t<div class=\"e-con-inner\">\n\t\t<div class=\"elementor-element elementor-element-3076886 e-con-full e-flex e-con e-child\" data-id=\"3076886\" data-element_type=\"container\">\n\t\t<div class=\"elementor-element elementor-element-f879922 e-con-full test-border e-flex e-con e-child\" data-id=\"f879922\" data-element_type=\"container\">\n\t\t\t\t<div class=\"elementor-element elementor-element-1a03b1a elementor-widget elementor-widget-heading\" data-id=\"1a03b1a\" data-element_type=\"widget\" data-widget_type=\"heading.default\">\n\t\t\t\t<div class=\"elementor-widget-container\">\n\t\t\t\t\t<h2 class=\"elementor-heading-title elementor-size-default\">Contact Details\n<\/h2>\t\t\t\t<\/div>\n\t\t\t\t<\/div>\n\t\t\t\t<div class=\"elementor-element elementor-element-e89e401 elementor-widget elementor-widget-text-editor\" data-id=\"e89e401\" data-element_type=\"widget\" data-widget_type=\"text-editor.default\">\n\t\t\t\t<div class=\"elementor-widget-container\">\n\t\t\t\t\t\t\t\t\tFor any inquiries, please contact our <strong>Investor Relations Department. <\/strong>\n<strong><span style=\"color: #6bbbae;\"><a style=\"color: #6bbbae;\" href=\"tel:958198431\" data-dtype=\"d3ph\" data-local-attribute=\"d3ph\" data-ved=\"2ahUKEwiWhc_0rP79AhV5T6QEHdZxB18QkAgoAHoECE4QAw\"><span aria-label=\"Llamar al n\u00famero de tel\u00e9fono 958 19 84 31\">958 19 84 31<\/span><\/a><\/span><\/strong>\n<strong><span style=\"color: #6bbbae;\"><a style=\"color: #6bbbae;\" href=\"mailto:inversores@greening-group.com\">inversores@greening-group.com<\/a><\/span><\/strong>\t\t\t\t\t\t\t\t<\/div>\n\t\t\t\t<\/div>\n\t\t\t\t<\/div>\n\t\t<div class=\"elementor-element elementor-element-8edcacf e-con-full e-flex e-con e-child\" data-id=\"8edcacf\" data-element_type=\"container\">\n\t\t\t\t<div class=\"elementor-element elementor-element-e27b070 elementor-button-align-start formulario elementor-widget elementor-widget-form\" data-id=\"e27b070\" data-element_type=\"widget\" data-settings=\"{&quot;step_next_label&quot;:&quot;Next&quot;,&quot;step_previous_label&quot;:&quot;Previous&quot;,&quot;button_width&quot;:&quot;100&quot;,&quot;step_type&quot;:&quot;number_text&quot;,&quot;step_icon_shape&quot;:&quot;circle&quot;}\" data-widget_type=\"form.default\">\n\t\t\t\t<div class=\"elementor-widget-container\">\n\t\t\t\t\t\t\t<form class=\"elementor-form\" method=\"post\" name=\"New form\" aria-label=\"New form\">\n\t\t\t<input type=\"hidden\" name=\"post_id\" value=\"12495\"\/>\n\t\t\t<input type=\"hidden\" name=\"form_id\" value=\"e27b070\"\/>\n\t\t\t<input type=\"hidden\" name=\"referer_title\" value=\"Investor Relations - Greening\" \/>\n\n\t\t\t\t\t\t\t<input type=\"hidden\" name=\"queried_id\" value=\"12495\"\/>\n\t\t\t\n\t\t\t<div class=\"elementor-form-fields-wrapper elementor-labels-\">\n\t\t\t\t\t\t\t\t<div class=\"elementor-field-type-text elementor-field-group elementor-column elementor-field-group-name elementor-col-50 elementor-field-required\">\n\t\t\t\t\t\t\t\t\t\t\t\t<label for=\"form-field-name\" class=\"elementor-field-label elementor-screen-only\">\n\t\t\t\t\t\t\t\tName and Last Name\t\t\t\t\t\t\t<\/label>\n\t\t\t\t\t\t\t\t\t\t\t\t\t\t<input size=\"1\" type=\"text\" name=\"form_fields[name]\" id=\"form-field-name\" class=\"elementor-field elementor-size-sm  elementor-field-textual\" placeholder=\"Name and Last Name\" required=\"required\">\n\t\t\t\t\t\t\t\t\t\t\t<\/div>\n\t\t\t\t\t\t\t\t<div class=\"elementor-field-type-text elementor-field-group elementor-column elementor-field-group-field_37e4a69 elementor-col-50 elementor-field-required\">\n\t\t\t\t\t\t\t\t\t\t\t\t<label for=\"form-field-field_37e4a69\" class=\"elementor-field-label elementor-screen-only\">\n\t\t\t\t\t\t\t\tDNI\t\t\t\t\t\t\t<\/label>\n\t\t\t\t\t\t\t\t\t\t\t\t\t\t<input size=\"1\" type=\"text\" name=\"form_fields[field_37e4a69]\" id=\"form-field-field_37e4a69\" class=\"elementor-field elementor-size-sm  elementor-field-textual\" placeholder=\"DNI\" required=\"required\">\n\t\t\t\t\t\t\t\t\t\t\t<\/div>\n\t\t\t\t\t\t\t\t<div class=\"elementor-field-type-text elementor-field-group elementor-column elementor-field-group-field_8fc1785 elementor-col-100 elementor-field-required\">\n\t\t\t\t\t\t\t\t\t\t\t\t<label for=\"form-field-field_8fc1785\" class=\"elementor-field-label elementor-screen-only\">\n\t\t\t\t\t\t\t\tAddress\t\t\t\t\t\t\t<\/label>\n\t\t\t\t\t\t\t\t\t\t\t\t\t\t<input size=\"1\" type=\"text\" name=\"form_fields[field_8fc1785]\" id=\"form-field-field_8fc1785\" class=\"elementor-field elementor-size-sm  elementor-field-textual\" placeholder=\"Address\" required=\"required\">\n\t\t\t\t\t\t\t\t\t\t\t<\/div>\n\t\t\t\t\t\t\t\t<div class=\"elementor-field-type-email elementor-field-group elementor-column elementor-field-group-email elementor-col-50 elementor-field-required\">\n\t\t\t\t\t\t\t\t\t\t\t\t<label for=\"form-field-email\" class=\"elementor-field-label elementor-screen-only\">\n\t\t\t\t\t\t\t\tEmail\t\t\t\t\t\t\t<\/label>\n\t\t\t\t\t\t\t\t\t\t\t\t\t\t<input size=\"1\" type=\"email\" name=\"form_fields[email]\" id=\"form-field-email\" class=\"elementor-field elementor-size-sm  elementor-field-textual\" placeholder=\"Email\" required=\"required\">\n\t\t\t\t\t\t\t\t\t\t\t<\/div>\n\t\t\t\t\t\t\t\t<div class=\"elementor-field-type-tel elementor-field-group elementor-column elementor-field-group-field_ee72a7e elementor-col-50\">\n\t\t\t\t\t\t\t\t\t\t\t\t<label for=\"form-field-field_ee72a7e\" class=\"elementor-field-label elementor-screen-only\">\n\t\t\t\t\t\t\t\tPhone number\t\t\t\t\t\t\t<\/label>\n\t\t\t\t\t\t\t\t<input size=\"1\" type=\"tel\" name=\"form_fields[field_ee72a7e]\" id=\"form-field-field_ee72a7e\" class=\"elementor-field elementor-size-sm  elementor-field-textual\" placeholder=\"Phone number\" pattern=\"[0-9()#&amp;+*-=.]+\" title=\"Only numbers and phone characters (#, -, *, etc) are accepted.\">\n\n\t\t\t\t\t\t<\/div>\n\t\t\t\t\t\t\t\t<div class=\"elementor-field-type-textarea elementor-field-group elementor-column elementor-field-group-message elementor-col-100\">\n\t\t\t\t\t\t\t\t\t\t\t\t<label for=\"form-field-message\" class=\"elementor-field-label elementor-screen-only\">\n\t\t\t\t\t\t\t\tMessage\t\t\t\t\t\t\t<\/label>\n\t\t\t\t\t\t<textarea class=\"elementor-field-textual elementor-field  elementor-size-sm\" name=\"form_fields[message]\" id=\"form-field-message\" rows=\"4\" placeholder=\"How can we assist you?\"><\/textarea>\t\t\t\t<\/div>\n\t\t\t\t\t\t\t\t<div class=\"elementor-field-type-acceptance elementor-field-group elementor-column elementor-field-group-field_20d20ed elementor-col-100 elementor-field-required\">\n\t\t\t\t\t\t\t<div class=\"elementor-field-subgroup\">\n\t\t\t<span class=\"elementor-field-option\">\n\t\t\t\t<input type=\"checkbox\" name=\"form_fields[field_20d20ed]\" id=\"form-field-field_20d20ed\" class=\"elementor-field elementor-size-sm  elementor-acceptance-field\" required=\"required\">\n\t\t\t\t<label for=\"form-field-field_20d20ed\">I have read and accept the Terms and Conditions and the Privacy Policy<\/label>\t\t\t<\/span>\n\t\t<\/div>\n\t\t\t\t\t\t<\/div>\n\t\t\t\t\t\t\t\t<div class=\"elementor-field-group elementor-column elementor-field-type-submit elementor-col-100 e-form__buttons\">\n\t\t\t\t\t<button class=\"elementor-button elementor-size-sm\" type=\"submit\">\n\t\t\t\t\t\t<span class=\"elementor-button-content-wrapper\">\n\t\t\t\t\t\t\t\t\t\t\t\t\t\t\t\t\t\t\t\t\t\t<span class=\"elementor-button-text\">Send<\/span>\n\t\t\t\t\t\t\t\t\t\t\t\t\t<\/span>\n\t\t\t\t\t<\/button>\n\t\t\t\t<\/div>\n\t\t\t<\/div>\n\t\t<\/form>\n\t\t\t\t\t\t<\/div>\n\t\t\t\t<\/div>\n\t\t\t\t<\/div>\n\t\t\t\t<\/div>\n\t\t\t\t\t<\/div>\n\t\t\t\t<\/div>\n\t\t\t\t<\/div>\n\t\t","protected":false},"excerpt":{"rendered":"<p>Investor Relations Investor Relations Team Name Position Email Mar\u00eda P\u00e9rez-Mosso Investor Relations Manager m.mosso@greening-group.com Contact Details For any inquiries, please contact our Investor Relations Department. 958 19 84 31 inversores@greening-group.com<\/p>\n","protected":false},"author":3,"featured_media":0,"parent":0,"menu_order":0,"comment_status":"closed","ping_status":"closed","template":"elementor_header_footer","meta":{"_acf_changed":false,"footnotes":""},"class_list":["post-12495","page","type-page","status-publish","hentry"],"acf":[],"yoast_head":"<!-- This site is optimized with the Yoast SEO plugin v26.0 - https:\/\/yoast.com\/wordpress\/plugins\/seo\/ -->\n<title>Investor Relations - Greening<\/title>\n<meta name=\"robots\" content=\"index, follow, max-snippet:-1, max-image-preview:large, max-video-preview:-1\" \/>\n<link rel=\"canonical\" href=\"https:\/\/www.greening-group.com\/en\/investor-relations\/\" \/>\n<meta property=\"og:locale\" content=\"en_US\" \/>\n<meta property=\"og:type\" content=\"article\" \/>\n<meta property=\"og:title\" content=\"Investor Relations - Greening\" \/>\n<meta property=\"og:description\" content=\"Investor Relations Investor Relations Team Name Position Email Mar\u00eda P\u00e9rez-Mosso Investor Relations Manager m.mosso@greening-group.com Contact Details For any inquiries, please contact our Investor Relations Department. 958 19 84 31 inversores@greening-group.com\" \/>\n<meta property=\"og:url\" content=\"https:\/\/www.greening-group.com\/en\/investor-relations\/\" \/>\n<meta property=\"og:site_name\" content=\"Greening\" \/>\n<meta property=\"article:modified_time\" content=\"2025-09-04T10:43:59+00:00\" \/>\n<meta property=\"og:image\" content=\"https:\/\/www.greening-group.com\/wp-content\/uploads\/2024\/08\/favicon.png\" \/>\n<meta name=\"twitter:card\" content=\"summary_large_image\" \/>\n<meta name=\"twitter:image\" content=\"https:\/\/www.greening-group.com\/wp-content\/uploads\/2024\/08\/favicon.png\" \/>\n<script type=\"application\/ld+json\" class=\"yoast-schema-graph\">{\"@context\":\"https:\/\/schema.org\",\"@graph\":[{\"@type\":\"WebPage\",\"@id\":\"https:\/\/www.greening-group.com\/en\/investor-relations\/\",\"url\":\"https:\/\/www.greening-group.com\/en\/investor-relations\/\",\"name\":\"Investor Relations - Greening\",\"isPartOf\":{\"@id\":\"https:\/\/www.greening-group.com\/me\/#website\"},\"primaryImageOfPage\":{\"@id\":\"https:\/\/www.greening-group.com\/en\/investor-relations\/#primaryimage\"},\"image\":{\"@id\":\"https:\/\/www.greening-group.com\/en\/investor-relations\/#primaryimage\"},\"thumbnailUrl\":\"https:\/\/www.greening-group.com\/wp-content\/uploads\/2024\/10\/view-of-solar-panels-and-wind-turbine-poland.webp\",\"datePublished\":\"2024-09-16T11:47:27+00:00\",\"dateModified\":\"2025-09-04T10:43:59+00:00\",\"inLanguage\":\"en-US\",\"potentialAction\":[{\"@type\":\"ReadAction\",\"target\":[\"https:\/\/www.greening-group.com\/en\/investor-relations\/\"]}]},{\"@type\":\"ImageObject\",\"inLanguage\":\"en-US\",\"@id\":\"https:\/\/www.greening-group.com\/en\/investor-relations\/#primaryimage\",\"url\":\"https:\/\/www.greening-group.com\/wp-content\/uploads\/2024\/10\/view-of-solar-panels-and-wind-turbine-poland.webp\",\"contentUrl\":\"https:\/\/www.greening-group.com\/wp-content\/uploads\/2024\/10\/view-of-solar-panels-and-wind-turbine-poland.webp\"},{\"@type\":\"WebSite\",\"@id\":\"https:\/\/www.greening-group.com\/me\/#website\",\"url\":\"https:\/\/www.greening-group.com\/me\/\",\"name\":\"Greening\",\"description\":\"Energ\u00eda renovable para una transici\u00f3n energ\u00e9tica global\",\"potentialAction\":[{\"@type\":\"SearchAction\",\"target\":{\"@type\":\"EntryPoint\",\"urlTemplate\":\"https:\/\/www.greening-group.com\/me\/?s={search_term_string}\"},\"query-input\":{\"@type\":\"PropertyValueSpecification\",\"valueRequired\":true,\"valueName\":\"search_term_string\"}}],\"inLanguage\":\"en-US\"}]}<\/script>\n<!-- \/ Yoast SEO plugin. -->","yoast_head_json":{"title":"Investor Relations - Greening","robots":{"index":"index","follow":"follow","max-snippet":"max-snippet:-1","max-image-preview":"max-image-preview:large","max-video-preview":"max-video-preview:-1"},"canonical":"https:\/\/www.greening-group.com\/en\/investor-relations\/","og_locale":"en_US","og_type":"article","og_title":"Investor Relations - Greening","og_description":"Investor Relations Investor Relations Team Name Position Email Mar\u00eda P\u00e9rez-Mosso Investor Relations Manager m.mosso@greening-group.com Contact Details For any inquiries, please contact our Investor Relations Department. 958 19 84 31 inversores@greening-group.com","og_url":"https:\/\/www.greening-group.com\/en\/investor-relations\/","og_site_name":"Greening","article_modified_time":"2025-09-04T10:43:59+00:00","og_image":[{"url":"https:\/\/www.greening-group.com\/wp-content\/uploads\/2024\/08\/favicon.png","type":"","width":"","height":""}],"twitter_card":"summary_large_image","twitter_image":"https:\/\/www.greening-group.com\/wp-content\/uploads\/2024\/08\/favicon.png","schema":{"@context":"https:\/\/schema.org","@graph":[{"@type":"WebPage","@id":"https:\/\/www.greening-group.com\/en\/investor-relations\/","url":"https:\/\/www.greening-group.com\/en\/investor-relations\/","name":"Investor Relations - Greening","isPartOf":{"@id":"https:\/\/www.greening-group.com\/me\/#website"},"primaryImageOfPage":{"@id":"https:\/\/www.greening-group.com\/en\/investor-relations\/#primaryimage"},"image":{"@id":"https:\/\/www.greening-group.com\/en\/investor-relations\/#primaryimage"},"thumbnailUrl":"https:\/\/www.greening-group.com\/wp-content\/uploads\/2024\/10\/view-of-solar-panels-and-wind-turbine-poland.webp","datePublished":"2024-09-16T11:47:27+00:00","dateModified":"2025-09-04T10:43:59+00:00","inLanguage":"en-US","potentialAction":[{"@type":"ReadAction","target":["https:\/\/www.greening-group.com\/en\/investor-relations\/"]}]},{"@type":"ImageObject","inLanguage":"en-US","@id":"https:\/\/www.greening-group.com\/en\/investor-relations\/#primaryimage","url":"https:\/\/www.greening-group.com\/wp-content\/uploads\/2024\/10\/view-of-solar-panels-and-wind-turbine-poland.webp","contentUrl":"https:\/\/www.greening-group.com\/wp-content\/uploads\/2024\/10\/view-of-solar-panels-and-wind-turbine-poland.webp"},{"@type":"WebSite","@id":"https:\/\/www.greening-group.com\/me\/#website","url":"https:\/\/www.greening-group.com\/me\/","name":"Greening","description":"Energ\u00eda renovable para una transici\u00f3n energ\u00e9tica global","potentialAction":[{"@type":"SearchAction","target":{"@type":"EntryPoint","urlTemplate":"https:\/\/www.greening-group.com\/me\/?s={search_term_string}"},"query-input":{"@type":"PropertyValueSpecification","valueRequired":true,"valueName":"search_term_string"}}],"inLanguage":"en-US"}]}},"_links":{"self":[{"href":"https:\/\/www.greening-group.com\/en\/wp-json\/wp\/v2\/pages\/12495","targetHints":{"allow":["GET"]}}],"collection":[{"href":"https:\/\/www.greening-group.com\/en\/wp-json\/wp\/v2\/pages"}],"about":[{"href":"https:\/\/www.greening-group.com\/en\/wp-json\/wp\/v2\/types\/page"}],"author":[{"embeddable":true,"href":"https:\/\/www.greening-group.com\/en\/wp-json\/wp\/v2\/users\/3"}],"replies":[{"embeddable":true,"href":"https:\/\/www.greening-group.com\/en\/wp-json\/wp\/v2\/comments?post=12495"}],"version-history":[{"count":1,"href":"https:\/\/www.greening-group.com\/en\/wp-json\/wp\/v2\/pages\/12495\/revisions"}],"predecessor-version":[{"id":12496,"href":"https:\/\/www.greening-group.com\/en\/wp-json\/wp\/v2\/pages\/12495\/revisions\/12496"}],"wp:attachment":[{"href":"https:\/\/www.greening-group.com\/en\/wp-json\/wp\/v2\/media?parent=12495"}],"curies":[{"name":"wp","href":"https:\/\/api.w.org\/{rel}","templated":true}]}}