{"id":16498,"date":"2025-10-08T13:08:09","date_gmt":"2025-10-08T11:08:09","guid":{"rendered":"https:\/\/www.greening-group.com\/?page_id=16498"},"modified":"2025-10-08T13:31:53","modified_gmt":"2025-10-08T11:31:53","slug":"formulario-footer-sobre-fondo-claro","status":"publish","type":"page","link":"https:\/\/www.greening-group.com\/en\/formulario-footer-sobre-fondo-claro\/","title":{"rendered":"FORMULARIO FOOTER SOBRE FONDO CLARO"},"content":{"rendered":"\t\t<div data-elementor-type=\"wp-page\" data-elementor-id=\"16498\" class=\"elementor elementor-16498\" data-elementor-post-type=\"page\">\n\t\t\t\t<div class=\"elementor-element elementor-element-c8f59c7 e-con-full e-flex e-con e-parent\" data-id=\"c8f59c7\" data-element_type=\"container\">\n\t\t<div class=\"elementor-element elementor-element-119ccc9 e-flex e-con-boxed e-con e-child\" data-id=\"119ccc9\" data-element_type=\"container\" data-settings=\"{&quot;background_background&quot;:&quot;classic&quot;}\">\n\t\t\t\t\t<div class=\"e-con-inner\">\n\t\t\t\t<div class=\"elementor-element elementor-element-da9e1cf fluent-form-widget-step-header-yes fluent-form-widget-step-progressbar-yes fluentform-widget-submit-button-custom elementor-widget elementor-widget-fluent-form-widget\" data-id=\"da9e1cf\" data-element_type=\"widget\" id=\"form-footer-fondo-claro\" data-widget_type=\"fluent-form-widget.default\">\n\t\t\t\t<div class=\"elementor-widget-container\">\n\t\t\t\t\t\n            <div class=\"fluentform-widget-wrapper fluentform-widget-align-default\">\n\n            \n            <div class='fluentform ff-default fluentform_wrapper_30 ffs_default_wrap'><form data-form_id=\"30\" id=\"fluentform_30\" class=\"frm-fluent-form fluent_form_30 ff-el-form-top ff_form_instance_30_1 ff-form-loading ffs_default\" data-form_instance=\"ff_form_instance_30_1\" method=\"POST\" ><fieldset  style=\"border: none!important;margin: 0!important;padding: 0!important;background-color: transparent!important;box-shadow: none!important;outline: none!important; min-inline-size: 100%;\">\n                    <legend class=\"ff_screen_reader_title\" style=\"display: block; margin: 0!important;padding: 0!important;height: 0!important;text-indent: -999999px;width: 0!important;overflow:hidden;\">Footer ES<\/legend>        <div\n                style=\"display: none!important; position: absolute!important; transform: translateX(1000%)!important;\"\n                class=\"ff-el-group ff-hpsf-container\"\n        >\n            <div class=\"ff-el-input--label asterisk-right\">\n                <label for=\"ff_30_item_sf\" aria-label=\"Notify\">\n                    Notify                <\/label>\n            <\/div>\n            <div class=\"ff-el-input--content\">\n                <input type=\"text\"\n                       name=\"item_30__fluent_sf\"\n                       class=\"ff-el-form-control\"\n                       id=\"ff_30_item_sf\"\n                \/>\n            <\/div>\n        <\/div>\n                <input type=\"hidden\" id=\"__fluent_protection_token_30\" class=\"fluent-form-token-field\" name=\"__fluent_protection_token_30\">\n        <input type='hidden' name='__fluent_form_embded_post_id' value='16498' \/><input type=\"hidden\" id=\"_fluentform_30_fluentformnonce\" name=\"_fluentform_30_fluentformnonce\" value=\"abccbd5b57\" \/><input type=\"hidden\" name=\"_wp_http_referer\" value=\"\/en\/wp-json\/wp\/v2\/pages\/16498\" \/><div data-type=\"name-element\" data-name=\"names\" class=\" ff-field_container ff-name-field-wrapper\" ><div class='ff-t-container'><div class='ff-t-cell '><div class='ff-el-group ff-el-form-top'><div class='ff-el-input--content'><input type=\"text\" name=\"names[first_name]\" id=\"ff_30_names_first_name_\" class=\"ff-el-form-control\" placeholder=\"Nombre y Apellidos\" aria-invalid=\"false\" aria-required=true><\/div><\/div><\/div><\/div><\/div><div data-name=\"ff_cn_id_1\"  class='ff-t-container ff-column-container ff_columns_total_2  '><div class='ff-t-cell ff-t-column-1' style='flex-basis: 60%;'><div class='ff-el-group'><div class='ff-el-input--content'><input type=\"email\" name=\"email\" id=\"ff_30_email\" class=\"ff-el-form-control\" placeholder=\"Email\" data-name=\"email\"  aria-invalid=\"false\" aria-required=true><\/div><\/div><\/div><div class='ff-t-cell ff-t-column-2' style='flex-basis: 40%;'><div class='ff-el-group'><div class='ff-el-input--content'><input name=\"phone_1\" class=\"ff-el-form-control ff-el-phone\" type=\"tel\" placeholder=\"Tel\u00e9fono\" data-name=\"phone_1\" id=\"ff_30_phone_1\" inputmode=\"tel\"  aria-invalid='false' aria-required=true><\/div><\/div><\/div><\/div><div class='ff-el-group'><div class='ff-el-input--content'><textarea aria-invalid=\"false\" aria-required=false name=\"description\" id=\"ff_30_description\" class=\"ff-el-form-control\" placeholder=\"Cu\u00e9ntanos en qu\u00e9 podemos ayudarte\" rows=\"3\" cols=\"2\" data-name=\"description\" ><\/textarea><\/div><\/div><div class='ff-el-group    ff-el-input--content'><div class='ff-el-form-check ff-el-tc'><label aria-label='Terms and Conditions: He le\u00eddo y acepto la Pol\u00edtica de Privacidad Contains 1 link. Use tab navigation to review.' class='ff-el-form-check-label ff_tc_label' for=terms-n-condition_9d9c891300aa0c6126097fca3ba6d6cc><span class='ff_tc_checkbox'><input type=\"checkbox\" name=\"terms-n-condition\" class=\"ff-el-form-check-input\" data-name=\"terms-n-condition\" id=\"terms-n-condition_9d9c891300aa0c6126097fca3ba6d6cc\"  value='on' aria-invalid='false' aria-required=true><\/span> <div class='ff_t_c'><p style=\"color: #ffffff\">He le\u00eddo y acepto la <a style=\"color: #ffffff\" href=\"https:\/\/www.greening-group.com\/politica-de-privacidad\/\" target=\"_blank\" rel=\"noopener\">Pol\u00edtica de Privacidad<\/a><\/p><\/div><\/label><\/div><\/div><div class='ff-el-group ' ><div class='ff-el-input--content'><div data-fluent_id='30' name='g-recaptcha-response'><div\n\t\tdata-sitekey='6LfwPAosAAAAALbhfZAmcyM-FwA7zNJe8dTbzrON'\n\t\tid='fluentform-recaptcha-30-1'\n\t\tclass='ff-el-recaptcha g-recaptcha'\n\t\tdata-callback='fluentFormrecaptchaSuccessCallback'><\/div><\/div><\/div><\/div><div class='ff-el-group ff-text-left ff_submit_btn_wrapper'><button type=\"submit\" class=\"ff-btn ff-btn-submit ff-btn-md ff_btn_style wpf_has_custom_css\" >Conectar<\/button><\/div><\/fieldset><\/form><div id='fluentform_30_errors' class='ff-errors-in-stack ff_form_instance_30_1 ff-form-loading_errors ff_form_instance_30_1_errors'><\/div><\/div>            <script type=\"text\/javascript\">\n                window.fluent_form_ff_form_instance_30_1 = {\"id\":\"30\",\"settings\":{\"layout\":{\"labelPlacement\":\"top\",\"helpMessagePlacement\":\"with_label\",\"errorMessagePlacement\":\"inline\",\"cssClassName\":\"\",\"asteriskPlacement\":\"asterisk-right\"},\"restrictions\":{\"denyEmptySubmission\":{\"enabled\":false}}},\"form_instance\":\"ff_form_instance_30_1\",\"form_id_selector\":\"fluentform_30\",\"rules\":{\"names[first_name]\":{\"required\":{\"value\":true,\"message\":\"Este campo es obligatorio\",\"global_message\":\"Este campo es obligatorio\",\"global\":true}},\"names[middle_name]\":{\"required\":{\"value\":false,\"message\":\"Este campo es obligatorio\",\"global_message\":\"Este campo es obligatorio\",\"global\":true}},\"names[last_name]\":{\"required\":{\"value\":false,\"message\":\"Este campo es obligatorio\",\"global_message\":\"Este campo es obligatorio\",\"global\":true}},\"email\":{\"required\":{\"value\":true,\"message\":\"Este campo es obligatorio\",\"global_message\":\"Este campo es obligatorio\",\"global\":true},\"email\":{\"value\":true,\"message\":\"Este campo debe contener un correo electr\\u00f3nico v\\u00e1lido\",\"global_message\":\"Este campo debe contener un correo electr\\u00f3nico v\\u00e1lido\",\"global\":true}},\"phone_1\":{\"required\":{\"value\":true,\"global\":true,\"message\":\"Este campo es obligatorio\",\"global_message\":\"Este campo es obligatorio\"},\"valid_phone_number\":{\"value\":false,\"global\":true,\"message\":\"El n\\u00famero de tel\\u00e9fono no es v\\u00e1lido\",\"global_message\":\"El n\\u00famero de tel\\u00e9fono no es v\\u00e1lido\"}},\"description\":{\"required\":{\"value\":false,\"message\":\"This field is required\",\"global\":false,\"global_message\":\"Este campo es obligatorio\"}},\"terms-n-condition\":{\"required\":{\"value\":true,\"message\":\"Este campo es obligatorio\",\"global_message\":\"Este campo es obligatorio\",\"global\":true}},\"g-recaptcha-response\":[]},\"debounce_time\":300};\n                            <\/script>\n                        <\/div>\n\n            \t\t\t\t<\/div>\n\t\t\t\t<\/div>\n\t\t\t\t\t<\/div>\n\t\t\t\t<\/div>\n\t\t\t\t<\/div>\n\t\t\t\t<\/div>\n\t\t","protected":false},"excerpt":{"rendered":"<p>Footer ES ( PARA FONDO CLARO ) He le\u00eddo y acepto la Pol\u00edtica de Privacidad Conectar<\/p>\n","protected":false},"author":2,"featured_media":0,"parent":0,"menu_order":0,"comment_status":"closed","ping_status":"closed","template":"","meta":{"_acf_changed":false,"footnotes":""},"class_list":["post-16498","page","type-page","status-publish","hentry"],"acf":[],"yoast_head":"<!-- This site is optimized with the Yoast SEO plugin v26.0 - https:\/\/yoast.com\/wordpress\/plugins\/seo\/ -->\n<title>FORMULARIO FOOTER SOBRE FONDO CLARO - Greening<\/title>\n<meta name=\"robots\" content=\"index, follow, max-snippet:-1, max-image-preview:large, max-video-preview:-1\" \/>\n<link rel=\"canonical\" href=\"https:\/\/www.greening-group.com\/en\/formulario-footer-sobre-fondo-claro\/\" \/>\n<meta property=\"og:locale\" content=\"en_US\" \/>\n<meta property=\"og:type\" content=\"article\" \/>\n<meta property=\"og:title\" content=\"FORMULARIO FOOTER SOBRE FONDO CLARO - Greening\" \/>\n<meta property=\"og:description\" content=\"Footer ES ( PARA FONDO CLARO ) He le\u00eddo y acepto la Pol\u00edtica de Privacidad Conectar\" \/>\n<meta property=\"og:url\" content=\"https:\/\/www.greening-group.com\/en\/formulario-footer-sobre-fondo-claro\/\" \/>\n<meta property=\"og:site_name\" content=\"Greening\" \/>\n<meta property=\"article:modified_time\" content=\"2025-10-08T11:31:53+00:00\" \/>\n<meta name=\"twitter:card\" content=\"summary_large_image\" \/>\n<meta name=\"twitter:image\" content=\"https:\/\/www.greening-group.com\/wp-content\/uploads\/2024\/08\/favicon.png\" \/>\n<meta name=\"twitter:label1\" content=\"Est. reading time\" \/>\n\t<meta name=\"twitter:data1\" content=\"1 minute\" \/>\n<script type=\"application\/ld+json\" class=\"yoast-schema-graph\">{\"@context\":\"https:\/\/schema.org\",\"@graph\":[{\"@type\":\"WebPage\",\"@id\":\"https:\/\/www.greening-group.com\/en\/formulario-footer-sobre-fondo-claro\/\",\"url\":\"https:\/\/www.greening-group.com\/en\/formulario-footer-sobre-fondo-claro\/\",\"name\":\"FORMULARIO FOOTER SOBRE FONDO CLARO - Greening\",\"isPartOf\":{\"@id\":\"https:\/\/www.greening-group.com\/me\/#website\"},\"datePublished\":\"2025-10-08T11:08:09+00:00\",\"dateModified\":\"2025-10-08T11:31:53+00:00\",\"inLanguage\":\"en-US\",\"potentialAction\":[{\"@type\":\"ReadAction\",\"target\":[\"https:\/\/www.greening-group.com\/en\/formulario-footer-sobre-fondo-claro\/\"]}]},{\"@type\":\"WebSite\",\"@id\":\"https:\/\/www.greening-group.com\/me\/#website\",\"url\":\"https:\/\/www.greening-group.com\/me\/\",\"name\":\"Greening\",\"description\":\"Energ\u00eda renovable para una transici\u00f3n energ\u00e9tica global\",\"potentialAction\":[{\"@type\":\"SearchAction\",\"target\":{\"@type\":\"EntryPoint\",\"urlTemplate\":\"https:\/\/www.greening-group.com\/me\/?s={search_term_string}\"},\"query-input\":{\"@type\":\"PropertyValueSpecification\",\"valueRequired\":true,\"valueName\":\"search_term_string\"}}],\"inLanguage\":\"en-US\"}]}<\/script>\n<!-- \/ Yoast SEO plugin. -->","yoast_head_json":{"title":"FORMULARIO FOOTER SOBRE FONDO CLARO - Greening","robots":{"index":"index","follow":"follow","max-snippet":"max-snippet:-1","max-image-preview":"max-image-preview:large","max-video-preview":"max-video-preview:-1"},"canonical":"https:\/\/www.greening-group.com\/en\/formulario-footer-sobre-fondo-claro\/","og_locale":"en_US","og_type":"article","og_title":"FORMULARIO FOOTER SOBRE FONDO CLARO - Greening","og_description":"Footer ES ( PARA FONDO CLARO ) He le\u00eddo y acepto la Pol\u00edtica de Privacidad Conectar","og_url":"https:\/\/www.greening-group.com\/en\/formulario-footer-sobre-fondo-claro\/","og_site_name":"Greening","article_modified_time":"2025-10-08T11:31:53+00:00","twitter_card":"summary_large_image","twitter_image":"https:\/\/www.greening-group.com\/wp-content\/uploads\/2024\/08\/favicon.png","twitter_misc":{"Est. reading time":"1 minute"},"schema":{"@context":"https:\/\/schema.org","@graph":[{"@type":"WebPage","@id":"https:\/\/www.greening-group.com\/en\/formulario-footer-sobre-fondo-claro\/","url":"https:\/\/www.greening-group.com\/en\/formulario-footer-sobre-fondo-claro\/","name":"FORMULARIO FOOTER SOBRE FONDO CLARO - Greening","isPartOf":{"@id":"https:\/\/www.greening-group.com\/me\/#website"},"datePublished":"2025-10-08T11:08:09+00:00","dateModified":"2025-10-08T11:31:53+00:00","inLanguage":"en-US","potentialAction":[{"@type":"ReadAction","target":["https:\/\/www.greening-group.com\/en\/formulario-footer-sobre-fondo-claro\/"]}]},{"@type":"WebSite","@id":"https:\/\/www.greening-group.com\/me\/#website","url":"https:\/\/www.greening-group.com\/me\/","name":"Greening","description":"Energ\u00eda renovable para una transici\u00f3n energ\u00e9tica global","potentialAction":[{"@type":"SearchAction","target":{"@type":"EntryPoint","urlTemplate":"https:\/\/www.greening-group.com\/me\/?s={search_term_string}"},"query-input":{"@type":"PropertyValueSpecification","valueRequired":true,"valueName":"search_term_string"}}],"inLanguage":"en-US"}]}},"_links":{"self":[{"href":"https:\/\/www.greening-group.com\/en\/wp-json\/wp\/v2\/pages\/16498","targetHints":{"allow":["GET"]}}],"collection":[{"href":"https:\/\/www.greening-group.com\/en\/wp-json\/wp\/v2\/pages"}],"about":[{"href":"https:\/\/www.greening-group.com\/en\/wp-json\/wp\/v2\/types\/page"}],"author":[{"embeddable":true,"href":"https:\/\/www.greening-group.com\/en\/wp-json\/wp\/v2\/users\/2"}],"replies":[{"embeddable":true,"href":"https:\/\/www.greening-group.com\/en\/wp-json\/wp\/v2\/comments?post=16498"}],"version-history":[{"count":13,"href":"https:\/\/www.greening-group.com\/en\/wp-json\/wp\/v2\/pages\/16498\/revisions"}],"predecessor-version":[{"id":16523,"href":"https:\/\/www.greening-group.com\/en\/wp-json\/wp\/v2\/pages\/16498\/revisions\/16523"}],"wp:attachment":[{"href":"https:\/\/www.greening-group.com\/en\/wp-json\/wp\/v2\/media?parent=16498"}],"curies":[{"name":"wp","href":"https:\/\/api.w.org\/{rel}","templated":true}]}}