{"id":17409,"date":"2026-01-13T11:42:39","date_gmt":"2026-01-13T10:42:39","guid":{"rendered":"https:\/\/www.greening-group.com\/?page_id=17409"},"modified":"2026-02-09T08:48:00","modified_gmt":"2026-02-09T07:48:00","slug":"compliance-program","status":"publish","type":"page","link":"https:\/\/www.greening-group.com\/en\/about-us\/compliance-program\/","title":{"rendered":"Compliance Program"},"content":{"rendered":"\t\t<div data-elementor-type=\"wp-page\" data-elementor-id=\"17409\" class=\"elementor elementor-17409 elementor-17377\" data-elementor-post-type=\"page\">\n\t\t\t\t<div class=\"elementor-element elementor-element-c40922f e-flex e-con-boxed e-con e-parent\" data-id=\"c40922f\" data-element_type=\"container\" data-settings=\"{&quot;background_background&quot;:&quot;classic&quot;}\">\n\t\t\t\t\t<div class=\"e-con-inner\">\n\t\t\t\t\t<\/div>\n\t\t\t\t<\/div>\n\t\t<div class=\"elementor-element elementor-element-5502110 e-flex e-con-boxed e-con e-parent\" data-id=\"5502110\" data-element_type=\"container\">\n\t\t\t\t\t<div class=\"e-con-inner\">\n\t\t\t\t<div class=\"elementor-element elementor-element-c6da735 elementor-invisible elementor-widget elementor-widget-heading\" data-id=\"c6da735\" data-element_type=\"widget\" data-settings=\"{&quot;_animation&quot;:&quot;fadeInUp&quot;}\" data-widget_type=\"heading.default\">\n\t\t\t\t<div class=\"elementor-widget-container\">\n\t\t\t\t\t<h2 class=\"elementor-heading-title elementor-size-default\"><!--StartFragment--><span data-olk-copy-source=\"MessageBody\">Compliance Program<\/span><!--EndFragment--><\/h2>\t\t\t\t<\/div>\n\t\t\t\t<\/div>\n\t\t\t\t<div class=\"elementor-element elementor-element-e1c2403 elementor-invisible elementor-widget elementor-widget-text-editor\" data-id=\"e1c2403\" data-element_type=\"widget\" data-settings=\"{&quot;_animation&quot;:&quot;fadeIn&quot;}\" data-widget_type=\"text-editor.default\">\n\t\t\t\t<div class=\"elementor-widget-container\">\n\t\t\t\t\t\t\t\t\t<p style=\"margin: 0cm; font-size: 12pt; font-family: Aptos, sans-serif; color: #242424;\">The <b style=\"color: #6bbbae;\">Compliance Program<\/b> is essential to ensure that all our activities are carried out in accordance with the law and our ethical principles.<\/p><p style=\"margin: 0cm; font-size: 12pt; font-family: Aptos, sans-serif; color: #242424;\">\u00a0<\/p><p style=\"margin: 0cm; font-size: 12pt; font-family: Aptos, sans-serif; color: #242424;\">Its purpose is to prevent, detect, and manage criminal risks, protecting the reputation of the Greening Group and fostering a culture of integrity and transparency.<\/p><p style=\"margin: 0cm; font-size: 12pt; font-family: Aptos, sans-serif; color: #242424;\">\u00a0<\/p><p style=\"margin: 0cm; font-size: 12pt; font-family: Aptos, sans-serif; color: #242424;\">Our Compliance Program integrates policies, procedures, and internal controls designed to prevent, detect, and manage criminal risks.<span style=\"font-size: 12pt;\">This Program is structured into different areas covering general compliance principles, human rights and diversity, information security and privacy, as well as measures related to good governance, transparency, and corruption prevention. All these policies and protocols are periodically reviewed to ensure they remain valid and aligned with applicable regulations.<\/span><\/p><p style=\"margin: 0cm; font-size: 12pt; font-family: Aptos, sans-serif; color: #242424;\"><span style=\"font-size: 12pt;\">\u00a0<\/span><\/p><p style=\"margin: 0cm; font-size: 12pt; font-family: Aptos, sans-serif; color: #242424;\">In addition to the Code of Ethics and Conduct and the Whistleblowing Channel Policy, we provide you with extracts from our main policies:<\/p><ul style=\"margin-bottom: 0cm; color: #242424; font-family: Aptos, sans-serif; font-size: 12pt;\"><li><a style=\"color: #6bbbae; text-decoration: none;\" href=\"https:\/\/view.officeapps.live.com\/op\/view.aspx?src=https%3A%2F%2Fwww.greening-group.com%2Fwp-content%2Fuploads%2F2026%2F01%2FCompliance%2520Policy%2520Overview.docx&amp;wdOrigin=BROWSELINK\">Compliance Policy Extract<\/a><\/li><li><a style=\"color: #6bbbae; text-decoration: none;\" href=\"https:\/\/view.officeapps.live.com\/op\/view.aspx?src=https%3A%2F%2Fwww.greening-group.com%2Fwp-content%2Fuploads%2F2026%2F02%2FANTI-CORRUPTION%2520AND%2520ANTIBRIBERY%2520-V%2520WEB.docx&amp;wdOrigin=BROWSELINK\">Anti-Corruption and Anti-Bribery Policy Extract<\/a><\/li><li><a style=\"color: #6bbbae; text-decoration: none;\" href=\"https:\/\/view.officeapps.live.com\/op\/view.aspx?src=https%3A%2F%2Fwww.greening-group.com%2Fwp-content%2Fuploads%2F2026%2F01%2FAML%2520CFT%2520Policy%2520Overview.docx&amp;wdOrigin=BROWSELINK\">Anti-Money Laundering and Counter-Terrorist Financing Policy Extract<\/a><\/li><li><a style=\"color: #6bbbae; text-decoration: none;\" href=\"https:\/\/view.officeapps.live.com\/op\/view.aspx?src=https%3A%2F%2Fwww.greening-group.com%2Fwp-content%2Fuploads%2F2026%2F01%2FTax%2520Policy%2520Overview.docx&amp;wdOrigin=BROWSELINK\">Tax Policy Extract<\/a><\/li><li><a style=\"color: #6bbbae; text-decoration: none;\" href=\"https:\/\/view.officeapps.live.com\/op\/view.aspx?src=https%3A%2F%2Fwww.greening-group.com%2Fwp-content%2Fuploads%2F2026%2F02%2FHUMAN%2520RIGHTS%2520FRAMEWORK%2520PL-%2520V%2520WEB.docx&amp;wdOrigin=BROWSELINK\">Human Rights Framework Policy Extract<\/a><\/li><li><a style=\"color: #6bbbae; text-decoration: none;\" href=\"https:\/\/view.officeapps.live.com\/op\/view.aspx?src=https%3A%2F%2Fwww.greening-group.com%2Fwp-content%2Fuploads%2F2026%2F01%2FDiversity%2520and%2520Inclusion%2520Policy%2520Overview.docx&amp;wdOrigin=BROWSELINK\">Diversity and Inclusion Policy Extract<\/a><\/li><\/ul>\t\t\t\t\t\t\t\t<\/div>\n\t\t\t\t<\/div>\n\t\t\t\t\t<\/div>\n\t\t\t\t<\/div>\n\t\t\t\t<\/div>\n\t\t","protected":false},"excerpt":{"rendered":"<p>Compliance Program The Compliance Program is essential to ensure that all our activities are carried out in accordance with the law and our ethical principles. \u00a0 Its purpose is to prevent, detect, and manage criminal risks, protecting the reputation of the Greening Group and fostering a culture of integrity and transparency. \u00a0 Our Compliance Program [&hellip;]<\/p>\n","protected":false},"author":2,"featured_media":0,"parent":11949,"menu_order":0,"comment_status":"closed","ping_status":"closed","template":"elementor_header_footer","meta":{"_acf_changed":false,"footnotes":""},"class_list":["post-17409","page","type-page","status-publish","hentry"],"acf":[],"yoast_head":"<!-- This site is optimized with the Yoast SEO plugin v26.0 - https:\/\/yoast.com\/wordpress\/plugins\/seo\/ -->\n<title>Compliance Program - Greening<\/title>\n<meta name=\"robots\" content=\"index, follow, max-snippet:-1, max-image-preview:large, max-video-preview:-1\" \/>\n<link rel=\"canonical\" href=\"https:\/\/www.greening-group.com\/sobre-nosotros\/programa-de-compliance\/\" \/>\n<meta property=\"og:locale\" content=\"en_US\" \/>\n<meta property=\"og:type\" content=\"article\" \/>\n<meta property=\"og:title\" content=\"Compliance Program - Greening\" \/>\n<meta property=\"og:description\" content=\"Compliance Program The Compliance Program is essential to ensure that all our activities are carried out in accordance with the law and our ethical principles. \u00a0 Its purpose is to prevent, detect, and manage criminal risks, protecting the reputation of the Greening Group and fostering a culture of integrity and transparency. \u00a0 Our Compliance Program [&hellip;]\" \/>\n<meta property=\"og:url\" content=\"https:\/\/www.greening-group.com\/sobre-nosotros\/programa-de-compliance\/\" \/>\n<meta property=\"og:site_name\" content=\"Greening\" \/>\n<meta property=\"article:modified_time\" content=\"2026-02-09T07:48:00+00:00\" \/>\n<meta name=\"twitter:card\" content=\"summary_large_image\" \/>\n<meta name=\"twitter:image\" content=\"https:\/\/www.greening-group.com\/wp-content\/uploads\/2024\/08\/favicon.png\" \/>\n<meta name=\"twitter:label1\" content=\"Est. reading time\" \/>\n\t<meta name=\"twitter:data1\" content=\"1 minute\" \/>\n<script type=\"application\/ld+json\" class=\"yoast-schema-graph\">{\"@context\":\"https:\/\/schema.org\",\"@graph\":[{\"@type\":\"WebPage\",\"@id\":\"https:\/\/www.greening-group.com\/sobre-nosotros\/programa-de-compliance\/\",\"url\":\"https:\/\/www.greening-group.com\/sobre-nosotros\/programa-de-compliance\/\",\"name\":\"Compliance Program - Greening\",\"isPartOf\":{\"@id\":\"https:\/\/www.greening-group.com\/me\/#website\"},\"datePublished\":\"2026-01-13T10:42:39+00:00\",\"dateModified\":\"2026-02-09T07:48:00+00:00\",\"breadcrumb\":{\"@id\":\"https:\/\/www.greening-group.com\/sobre-nosotros\/programa-de-compliance\/#breadcrumb\"},\"inLanguage\":\"en-US\",\"potentialAction\":[{\"@type\":\"ReadAction\",\"target\":[\"https:\/\/www.greening-group.com\/sobre-nosotros\/programa-de-compliance\/\"]}]},{\"@type\":\"BreadcrumbList\",\"@id\":\"https:\/\/www.greening-group.com\/sobre-nosotros\/programa-de-compliance\/#breadcrumb\",\"itemListElement\":[{\"@type\":\"ListItem\",\"position\":1,\"name\":\"About Us\",\"item\":\"https:\/\/www.greening-group.com\/en\/about-us\/\"},{\"@type\":\"ListItem\",\"position\":2,\"name\":\"Compliance Program\"}]},{\"@type\":\"WebSite\",\"@id\":\"https:\/\/www.greening-group.com\/me\/#website\",\"url\":\"https:\/\/www.greening-group.com\/me\/\",\"name\":\"Greening\",\"description\":\"Energ\u00eda renovable para una transici\u00f3n energ\u00e9tica global\",\"potentialAction\":[{\"@type\":\"SearchAction\",\"target\":{\"@type\":\"EntryPoint\",\"urlTemplate\":\"https:\/\/www.greening-group.com\/me\/?s={search_term_string}\"},\"query-input\":{\"@type\":\"PropertyValueSpecification\",\"valueRequired\":true,\"valueName\":\"search_term_string\"}}],\"inLanguage\":\"en-US\"}]}<\/script>\n<!-- \/ Yoast SEO plugin. -->","yoast_head_json":{"title":"Compliance Program - Greening","robots":{"index":"index","follow":"follow","max-snippet":"max-snippet:-1","max-image-preview":"max-image-preview:large","max-video-preview":"max-video-preview:-1"},"canonical":"https:\/\/www.greening-group.com\/sobre-nosotros\/programa-de-compliance\/","og_locale":"en_US","og_type":"article","og_title":"Compliance Program - Greening","og_description":"Compliance Program The Compliance Program is essential to ensure that all our activities are carried out in accordance with the law and our ethical principles. \u00a0 Its purpose is to prevent, detect, and manage criminal risks, protecting the reputation of the Greening Group and fostering a culture of integrity and transparency. \u00a0 Our Compliance Program [&hellip;]","og_url":"https:\/\/www.greening-group.com\/sobre-nosotros\/programa-de-compliance\/","og_site_name":"Greening","article_modified_time":"2026-02-09T07:48:00+00:00","twitter_card":"summary_large_image","twitter_image":"https:\/\/www.greening-group.com\/wp-content\/uploads\/2024\/08\/favicon.png","twitter_misc":{"Est. reading time":"1 minute"},"schema":{"@context":"https:\/\/schema.org","@graph":[{"@type":"WebPage","@id":"https:\/\/www.greening-group.com\/sobre-nosotros\/programa-de-compliance\/","url":"https:\/\/www.greening-group.com\/sobre-nosotros\/programa-de-compliance\/","name":"Compliance Program - Greening","isPartOf":{"@id":"https:\/\/www.greening-group.com\/me\/#website"},"datePublished":"2026-01-13T10:42:39+00:00","dateModified":"2026-02-09T07:48:00+00:00","breadcrumb":{"@id":"https:\/\/www.greening-group.com\/sobre-nosotros\/programa-de-compliance\/#breadcrumb"},"inLanguage":"en-US","potentialAction":[{"@type":"ReadAction","target":["https:\/\/www.greening-group.com\/sobre-nosotros\/programa-de-compliance\/"]}]},{"@type":"BreadcrumbList","@id":"https:\/\/www.greening-group.com\/sobre-nosotros\/programa-de-compliance\/#breadcrumb","itemListElement":[{"@type":"ListItem","position":1,"name":"About Us","item":"https:\/\/www.greening-group.com\/en\/about-us\/"},{"@type":"ListItem","position":2,"name":"Compliance Program"}]},{"@type":"WebSite","@id":"https:\/\/www.greening-group.com\/me\/#website","url":"https:\/\/www.greening-group.com\/me\/","name":"Greening","description":"Energ\u00eda renovable para una transici\u00f3n energ\u00e9tica global","potentialAction":[{"@type":"SearchAction","target":{"@type":"EntryPoint","urlTemplate":"https:\/\/www.greening-group.com\/me\/?s={search_term_string}"},"query-input":{"@type":"PropertyValueSpecification","valueRequired":true,"valueName":"search_term_string"}}],"inLanguage":"en-US"}]}},"_links":{"self":[{"href":"https:\/\/www.greening-group.com\/en\/wp-json\/wp\/v2\/pages\/17409","targetHints":{"allow":["GET"]}}],"collection":[{"href":"https:\/\/www.greening-group.com\/en\/wp-json\/wp\/v2\/pages"}],"about":[{"href":"https:\/\/www.greening-group.com\/en\/wp-json\/wp\/v2\/types\/page"}],"author":[{"embeddable":true,"href":"https:\/\/www.greening-group.com\/en\/wp-json\/wp\/v2\/users\/2"}],"replies":[{"embeddable":true,"href":"https:\/\/www.greening-group.com\/en\/wp-json\/wp\/v2\/comments?post=17409"}],"version-history":[{"count":11,"href":"https:\/\/www.greening-group.com\/en\/wp-json\/wp\/v2\/pages\/17409\/revisions"}],"predecessor-version":[{"id":17867,"href":"https:\/\/www.greening-group.com\/en\/wp-json\/wp\/v2\/pages\/17409\/revisions\/17867"}],"up":[{"embeddable":true,"href":"https:\/\/www.greening-group.com\/en\/wp-json\/wp\/v2\/pages\/11949"}],"wp:attachment":[{"href":"https:\/\/www.greening-group.com\/en\/wp-json\/wp\/v2\/media?parent=17409"}],"curies":[{"name":"wp","href":"https:\/\/api.w.org\/{rel}","templated":true}]}}