{"id":13802,"date":"2024-09-13T11:44:56","date_gmt":"2024-09-13T09:44:56","guid":{"rendered":"https:\/\/www.greening-group.com\/canale-di-segnalazione\/"},"modified":"2025-11-26T11:56:06","modified_gmt":"2025-11-26T10:56:06","slug":"canale-di-segnalazione","status":"publish","type":"page","link":"https:\/\/www.greening-group.com\/it\/su-di-noi\/canale-di-segnalazione\/","title":{"rendered":"CANALE DI SEGNALAZIONE"},"content":{"rendered":"\t\t<div data-elementor-type=\"wp-page\" data-elementor-id=\"13802\" class=\"elementor elementor-13802 elementor-2614\" data-elementor-post-type=\"page\">\n\t\t\t\t<div class=\"elementor-element elementor-element-17c00c7 e-flex e-con-boxed e-con e-parent\" data-id=\"17c00c7\" data-element_type=\"container\" data-settings=\"{&quot;background_background&quot;:&quot;classic&quot;}\">\n\t\t\t\t\t<div class=\"e-con-inner\">\n\t\t\t\t\t<\/div>\n\t\t\t\t<\/div>\n\t\t<div class=\"elementor-element elementor-element-f0ab4bf e-flex e-con-boxed e-con e-parent\" data-id=\"f0ab4bf\" data-element_type=\"container\">\n\t\t\t\t\t<div class=\"e-con-inner\">\n\t\t\t\t<div class=\"elementor-element elementor-element-d293404 elementor-invisible elementor-widget elementor-widget-heading\" data-id=\"d293404\" data-element_type=\"widget\" data-settings=\"{&quot;_animation&quot;:&quot;fadeInUp&quot;}\" data-widget_type=\"heading.default\">\n\t\t\t\t<div class=\"elementor-widget-container\">\n\t\t\t\t\t<h2 class=\"elementor-heading-title elementor-size-default\">CANALE DI SEGNALAZIONE<\/h2>\t\t\t\t<\/div>\n\t\t\t\t<\/div>\n\t\t\t\t<div class=\"elementor-element elementor-element-bd86b85 elementor-invisible elementor-widget elementor-widget-text-editor\" data-id=\"bd86b85\" data-element_type=\"widget\" data-settings=\"{&quot;_animation&quot;:&quot;fadeIn&quot;}\" data-widget_type=\"text-editor.default\">\n\t\t\t\t<div class=\"elementor-widget-container\">\n\t\t\t\t\t\t\t\t\t<p>Greening mette a disposizione il presente <span style=\"text-decoration: underline;\"><strong><a href=\"https:\/\/whistleblowersoftware.com\/secure\/CanalDenunciasGreeningGroup\" target=\"_blank\" rel=\"noopener noreferrer\"><span style=\"color: #6bbbae; text-decoration: underline;\">Canale di Segnalazione<\/span><\/a><\/strong><\/span> a tutte le persone che fanno parte del Gruppo (tra cui dipendenti, dirigenti, amministratori e le persone a loro collegate), nonch\u00e9 a coloro che collaborano e\/o hanno rapporti di qualsiasi natura con il Gruppo (a titolo esemplificativo ma non esaustivo, clienti, fornitori, partner commerciali, terzi e\/o qualsiasi altro collaboratore che presta servizi al Gruppo e\/o con cui si hanno rapporti commerciali e\/o di natura analoga), e in generale a tutte le persone che possano venire a conoscenza di qualsiasi azione od omissione che comporti un\u2019irregolarit\u00e0, illegalit\u00e0 o che sia contraria al quadro normativo vigente, al <span style=\"text-decoration: underline;\"><strong><a href=\"https:\/\/www.greening-group.com\/it\/etica\/\" rel=\"noopener noreferrer\"><span style=\"color: #6bbbae; text-decoration: underline;\">Codice Etico e di Condotta<\/span><\/a><\/strong><\/span> e\/o alle politiche e normative interne del Gruppo.<\/p><p>Greening garantisce la riservatezza e il rispetto dell\u2019anonimato, pertanto \u00e8 possibile comunicare le informazioni sia identificandosi sia in forma anonima. Tuttavia, si consiglia di fornire tutti i dati possibili relativi ai fatti segnalati (documenti, fatture, registrazioni, fotografie, rapporti, video, registrazioni vocali, ecc.).<\/p><p>Il responsabile del canale di segnalazione di Greening informer\u00e0 il segnalante tramite la sezione (Consulta la segnalazione) sullo stato della segnalazione e potr\u00e0 anche richiedere ulteriori dati qualora necessari per l\u2019indagine dei fatti.<\/p><p>Greening garantisce al segnalante e a qualsiasi collaboratore che non saranno prese ritorsioni nei loro confronti per aver presentato una segnalazione o collaborato con l\u2019indagine e che sar\u00e0 rispettato quanto stabilito nella<span style=\"text-decoration: underline;\"><span style=\"color: #6bbbae;\"><strong><a style=\"color: #6bbbae; text-decoration: underline;\" href=\"https:\/\/www.greening-group.com\/wp-content\/uploads\/2025\/11\/ff-dfd6a8aec91a4be4606ec8ff1e672527-ff-WHISTLEBLOWING-CHANNEL-POLICY.pdf\" target=\"_blank\" rel=\"noopener noreferrer\"> Politica del Canale di Segnalazione<\/a><\/strong><\/span><\/span> del Gruppo.<\/p><p>\u00c8 possibile ottenere maggiori informazioni sulla Legge 2\/2023 del 20 febbraio 2023, che regolamenta la protezione delle persone che segnalano violazioni normative e la lotta alla corruzione al seguente link:<br \/><span style=\"text-decoration: underline;\"><span style=\"color: #6bbbae;\"><a style=\"color: #6bbbae; text-decoration: underline;\" href=\"https:\/\/www.boe.es\/buscar\/act.php?id=BOE-A-2023-4513\" target=\"_blank\" rel=\"noopener noreferrer\">https:\/\/www.boe.es\/buscar\/act.php?id=BOE-A-2023-4513<\/a><\/span><\/span><\/p><p>Leggere le informazioni rilevanti prima di presentare la comunicazione nel <span style=\"text-decoration: underline;\"><span style=\"color: #6bbbae;\"><a style=\"color: #6bbbae; text-decoration: underline;\" href=\"https:\/\/whistleblowersoftware.com\/en\/whistleblowing-system\" target=\"_blank\" rel=\"noopener noreferrer\">canale qui.<\/a><\/span><\/span><\/p>\t\t\t\t\t\t\t\t<\/div>\n\t\t\t\t<\/div>\n\t\t\t\t\t<\/div>\n\t\t\t\t<\/div>\n\t\t\t\t<\/div>\n\t\t","protected":false},"excerpt":{"rendered":"<p>CANALE DI SEGNALAZIONE Greening mette a disposizione il presente Canale di Segnalazione a tutte le persone che fanno parte del Gruppo (tra cui dipendenti, dirigenti, amministratori e le persone a loro collegate), nonch\u00e9 a coloro che collaborano e\/o hanno rapporti di qualsiasi natura con il Gruppo (a titolo esemplificativo ma non esaustivo, clienti, fornitori, partner [&hellip;]<\/p>\n","protected":false},"author":3,"featured_media":0,"parent":14094,"menu_order":0,"comment_status":"closed","ping_status":"closed","template":"elementor_header_footer","meta":{"_acf_changed":false,"footnotes":""},"class_list":["post-13802","page","type-page","status-publish","hentry"],"acf":[],"yoast_head":"<!-- This site is optimized with the Yoast SEO plugin v26.0 - https:\/\/yoast.com\/wordpress\/plugins\/seo\/ -->\n<title>CANALE DI SEGNALAZIONE - Greening<\/title>\n<meta name=\"robots\" content=\"index, follow, max-snippet:-1, max-image-preview:large, max-video-preview:-1\" \/>\n<link rel=\"canonical\" href=\"https:\/\/www.greening-group.com\/it\/su-di-noi\/canale-di-segnalazione\/\" \/>\n<meta property=\"og:locale\" content=\"it_IT\" \/>\n<meta property=\"og:type\" content=\"article\" \/>\n<meta property=\"og:title\" content=\"CANALE DI SEGNALAZIONE - Greening\" \/>\n<meta property=\"og:description\" content=\"CANALE DI SEGNALAZIONE Greening mette a disposizione il presente Canale di Segnalazione a tutte le persone che fanno parte del Gruppo (tra cui dipendenti, dirigenti, amministratori e le persone a loro collegate), nonch\u00e9 a coloro che collaborano e\/o hanno rapporti di qualsiasi natura con il Gruppo (a titolo esemplificativo ma non esaustivo, clienti, fornitori, partner [&hellip;]\" \/>\n<meta property=\"og:url\" content=\"https:\/\/www.greening-group.com\/it\/su-di-noi\/canale-di-segnalazione\/\" \/>\n<meta property=\"og:site_name\" content=\"Greening\" \/>\n<meta property=\"article:modified_time\" content=\"2025-11-26T10:56:06+00:00\" \/>\n<meta name=\"twitter:card\" content=\"summary_large_image\" \/>\n<meta name=\"twitter:image\" content=\"https:\/\/www.greening-group.com\/wp-content\/uploads\/2024\/08\/favicon.png\" \/>\n<meta name=\"twitter:label1\" content=\"Tempo di lettura stimato\" \/>\n\t<meta name=\"twitter:data1\" content=\"2 minuti\" \/>\n<script type=\"application\/ld+json\" class=\"yoast-schema-graph\">{\"@context\":\"https:\/\/schema.org\",\"@graph\":[{\"@type\":\"WebPage\",\"@id\":\"https:\/\/www.greening-group.com\/it\/su-di-noi\/canale-di-segnalazione\/\",\"url\":\"https:\/\/www.greening-group.com\/it\/su-di-noi\/canale-di-segnalazione\/\",\"name\":\"CANALE DI SEGNALAZIONE - Greening\",\"isPartOf\":{\"@id\":\"https:\/\/www.greening-group.com\/me\/#website\"},\"datePublished\":\"2024-09-13T09:44:56+00:00\",\"dateModified\":\"2025-11-26T10:56:06+00:00\",\"breadcrumb\":{\"@id\":\"https:\/\/www.greening-group.com\/it\/su-di-noi\/canale-di-segnalazione\/#breadcrumb\"},\"inLanguage\":\"it-IT\",\"potentialAction\":[{\"@type\":\"ReadAction\",\"target\":[\"https:\/\/www.greening-group.com\/it\/su-di-noi\/canale-di-segnalazione\/\"]}]},{\"@type\":\"BreadcrumbList\",\"@id\":\"https:\/\/www.greening-group.com\/it\/su-di-noi\/canale-di-segnalazione\/#breadcrumb\",\"itemListElement\":[{\"@type\":\"ListItem\",\"position\":1,\"name\":\"Su di noi\",\"item\":\"https:\/\/www.greening-group.com\/sobre-nosotros\/\"},{\"@type\":\"ListItem\",\"position\":2,\"name\":\"CANALE DI SEGNALAZIONE\"}]},{\"@type\":\"WebSite\",\"@id\":\"https:\/\/www.greening-group.com\/me\/#website\",\"url\":\"https:\/\/www.greening-group.com\/me\/\",\"name\":\"Greening\",\"description\":\"Energ\u00eda renovable para una transici\u00f3n energ\u00e9tica global\",\"potentialAction\":[{\"@type\":\"SearchAction\",\"target\":{\"@type\":\"EntryPoint\",\"urlTemplate\":\"https:\/\/www.greening-group.com\/me\/?s={search_term_string}\"},\"query-input\":{\"@type\":\"PropertyValueSpecification\",\"valueRequired\":true,\"valueName\":\"search_term_string\"}}],\"inLanguage\":\"it-IT\"}]}<\/script>\n<!-- \/ Yoast SEO plugin. -->","yoast_head_json":{"title":"CANALE DI SEGNALAZIONE - Greening","robots":{"index":"index","follow":"follow","max-snippet":"max-snippet:-1","max-image-preview":"max-image-preview:large","max-video-preview":"max-video-preview:-1"},"canonical":"https:\/\/www.greening-group.com\/it\/su-di-noi\/canale-di-segnalazione\/","og_locale":"it_IT","og_type":"article","og_title":"CANALE DI SEGNALAZIONE - Greening","og_description":"CANALE DI SEGNALAZIONE Greening mette a disposizione il presente Canale di Segnalazione a tutte le persone che fanno parte del Gruppo (tra cui dipendenti, dirigenti, amministratori e le persone a loro collegate), nonch\u00e9 a coloro che collaborano e\/o hanno rapporti di qualsiasi natura con il Gruppo (a titolo esemplificativo ma non esaustivo, clienti, fornitori, partner [&hellip;]","og_url":"https:\/\/www.greening-group.com\/it\/su-di-noi\/canale-di-segnalazione\/","og_site_name":"Greening","article_modified_time":"2025-11-26T10:56:06+00:00","twitter_card":"summary_large_image","twitter_image":"https:\/\/www.greening-group.com\/wp-content\/uploads\/2024\/08\/favicon.png","twitter_misc":{"Tempo di lettura stimato":"2 minuti"},"schema":{"@context":"https:\/\/schema.org","@graph":[{"@type":"WebPage","@id":"https:\/\/www.greening-group.com\/it\/su-di-noi\/canale-di-segnalazione\/","url":"https:\/\/www.greening-group.com\/it\/su-di-noi\/canale-di-segnalazione\/","name":"CANALE DI SEGNALAZIONE - Greening","isPartOf":{"@id":"https:\/\/www.greening-group.com\/me\/#website"},"datePublished":"2024-09-13T09:44:56+00:00","dateModified":"2025-11-26T10:56:06+00:00","breadcrumb":{"@id":"https:\/\/www.greening-group.com\/it\/su-di-noi\/canale-di-segnalazione\/#breadcrumb"},"inLanguage":"it-IT","potentialAction":[{"@type":"ReadAction","target":["https:\/\/www.greening-group.com\/it\/su-di-noi\/canale-di-segnalazione\/"]}]},{"@type":"BreadcrumbList","@id":"https:\/\/www.greening-group.com\/it\/su-di-noi\/canale-di-segnalazione\/#breadcrumb","itemListElement":[{"@type":"ListItem","position":1,"name":"Su di noi","item":"https:\/\/www.greening-group.com\/sobre-nosotros\/"},{"@type":"ListItem","position":2,"name":"CANALE DI SEGNALAZIONE"}]},{"@type":"WebSite","@id":"https:\/\/www.greening-group.com\/me\/#website","url":"https:\/\/www.greening-group.com\/me\/","name":"Greening","description":"Energ\u00eda renovable para una transici\u00f3n energ\u00e9tica global","potentialAction":[{"@type":"SearchAction","target":{"@type":"EntryPoint","urlTemplate":"https:\/\/www.greening-group.com\/me\/?s={search_term_string}"},"query-input":{"@type":"PropertyValueSpecification","valueRequired":true,"valueName":"search_term_string"}}],"inLanguage":"it-IT"}]}},"_links":{"self":[{"href":"https:\/\/www.greening-group.com\/it\/wp-json\/wp\/v2\/pages\/13802","targetHints":{"allow":["GET"]}}],"collection":[{"href":"https:\/\/www.greening-group.com\/it\/wp-json\/wp\/v2\/pages"}],"about":[{"href":"https:\/\/www.greening-group.com\/it\/wp-json\/wp\/v2\/types\/page"}],"author":[{"embeddable":true,"href":"https:\/\/www.greening-group.com\/it\/wp-json\/wp\/v2\/users\/3"}],"replies":[{"embeddable":true,"href":"https:\/\/www.greening-group.com\/it\/wp-json\/wp\/v2\/comments?post=13802"}],"version-history":[{"count":4,"href":"https:\/\/www.greening-group.com\/it\/wp-json\/wp\/v2\/pages\/13802\/revisions"}],"predecessor-version":[{"id":17117,"href":"https:\/\/www.greening-group.com\/it\/wp-json\/wp\/v2\/pages\/13802\/revisions\/17117"}],"up":[{"embeddable":true,"href":"https:\/\/www.greening-group.com\/it\/wp-json\/wp\/v2\/pages\/14094"}],"wp:attachment":[{"href":"https:\/\/www.greening-group.com\/it\/wp-json\/wp\/v2\/media?parent=13802"}],"curies":[{"name":"wp","href":"https:\/\/api.w.org\/{rel}","templated":true}]}}