{"id":14297,"date":"2024-09-16T13:45:28","date_gmt":"2024-09-16T11:45:28","guid":{"rendered":"https:\/\/www.greening-group.com\/debt\/"},"modified":"2025-09-16T16:23:58","modified_gmt":"2025-09-16T14:23:58","slug":"debt","status":"publish","type":"page","link":"https:\/\/www.greening-group.com\/it\/debt\/","title":{"rendered":"Debt"},"content":{"rendered":"\t\t<div data-elementor-type=\"wp-page\" data-elementor-id=\"14297\" class=\"elementor elementor-14297 elementor-12488\" data-elementor-post-type=\"page\">\n\t\t\t\t<div class=\"elementor-element elementor-element-23cba33 e-flex e-con-boxed e-con e-parent\" data-id=\"23cba33\" data-element_type=\"container\">\n\t\t\t\t\t<div class=\"e-con-inner\">\n\t\t<div class=\"elementor-element elementor-element-274b7e5 e-con-full e-flex e-con e-child\" data-id=\"274b7e5\" data-element_type=\"container\">\n\t\t\t\t<div class=\"elementor-element elementor-element-ba34ff7 animated-slow elementor-invisible elementor-widget elementor-widget-image\" data-id=\"ba34ff7\" data-element_type=\"widget\" data-settings=\"{&quot;_animation&quot;:&quot;fadeIn&quot;}\" data-widget_type=\"image.default\">\n\t\t\t\t<div class=\"elementor-widget-container\">\n\t\t\t\t\t\t\t\t\t\t\t\t\t\t\t<img loading=\"lazy\" decoding=\"async\" width=\"1980\" height=\"1294\" src=\"https:\/\/www.greening-group.com\/wp-content\/uploads\/2024\/10\/denuncia.webp\" class=\"attachment-full size-full wp-image-13801\" alt=\"\" srcset=\"https:\/\/www.greening-group.com\/wp-content\/uploads\/2024\/10\/denuncia.webp 1980w, https:\/\/www.greening-group.com\/wp-content\/uploads\/2024\/10\/denuncia-300x196.webp 300w, https:\/\/www.greening-group.com\/wp-content\/uploads\/2024\/10\/denuncia-1024x669.webp 1024w, https:\/\/www.greening-group.com\/wp-content\/uploads\/2024\/10\/denuncia-768x502.webp 768w, https:\/\/www.greening-group.com\/wp-content\/uploads\/2024\/10\/denuncia-1536x1004.webp 1536w\" sizes=\"auto, (max-width: 1980px) 100vw, 1980px\" \/>\t\t\t\t\t\t\t\t\t\t\t\t\t\t\t<\/div>\n\t\t\t\t<\/div>\n\t\t\t\t<\/div>\n\t\t<div class=\"elementor-element elementor-element-bd1e8e4 e-con-full e-flex e-con e-child\" data-id=\"bd1e8e4\" data-element_type=\"container\">\n\t\t\t\t<div class=\"elementor-element elementor-element-8fe0e31 animated-slow elementor-widget__width-initial elementor-invisible elementor-widget elementor-widget-heading\" data-id=\"8fe0e31\" data-element_type=\"widget\" data-settings=\"{&quot;_animation&quot;:&quot;fadeInUp&quot;}\" data-widget_type=\"heading.default\">\n\t\t\t\t<div class=\"elementor-widget-container\">\n\t\t\t\t\t<h2 class=\"elementor-heading-title elementor-size-default\">Debt<\/h2>\t\t\t\t<\/div>\n\t\t\t\t<\/div>\n\t\t\t\t<div class=\"elementor-element elementor-element-877efb6 elementor-widget__width-auto elementor-mobile-align-left elementor-widget-mobile__width-initial elementor-align-center elementor-invisible elementor-widget elementor-widget-lottie\" data-id=\"877efb6\" data-element_type=\"widget\" data-settings=\"{&quot;source_json&quot;:{&quot;url&quot;:&quot;https:\\\/\\\/www.greening-group.com\\\/wp-content\\\/uploads\\\/2024\\\/08\\\/Animation-1724832120120.json&quot;,&quot;id&quot;:42,&quot;size&quot;:&quot;&quot;,&quot;alt&quot;:&quot;&quot;,&quot;source&quot;:&quot;library&quot;},&quot;loop&quot;:&quot;yes&quot;,&quot;_animation&quot;:&quot;fadeInUp&quot;,&quot;_animation_delay&quot;:1300,&quot;source&quot;:&quot;media_file&quot;,&quot;caption_source&quot;:&quot;none&quot;,&quot;link_to&quot;:&quot;none&quot;,&quot;trigger&quot;:&quot;arriving_to_viewport&quot;,&quot;viewport&quot;:{&quot;unit&quot;:&quot;%&quot;,&quot;size&quot;:&quot;&quot;,&quot;sizes&quot;:{&quot;start&quot;:0,&quot;end&quot;:100}},&quot;play_speed&quot;:{&quot;unit&quot;:&quot;px&quot;,&quot;size&quot;:1,&quot;sizes&quot;:[]},&quot;start_point&quot;:{&quot;unit&quot;:&quot;%&quot;,&quot;size&quot;:0,&quot;sizes&quot;:[]},&quot;end_point&quot;:{&quot;unit&quot;:&quot;%&quot;,&quot;size&quot;:100,&quot;sizes&quot;:[]},&quot;renderer&quot;:&quot;svg&quot;}\" data-widget_type=\"lottie.default\">\n\t\t\t\t<div class=\"elementor-widget-container\">\n\t\t\t\t\t<div class=\"e-lottie__container\"><div class=\"e-lottie__animation\"><\/div><\/div>\t\t\t\t<\/div>\n\t\t\t\t<\/div>\n\t\t\t\t<\/div>\n\t\t\t\t\t<\/div>\n\t\t\t\t<\/div>\n\t\t<div class=\"elementor-element elementor-element-9533697 e-flex e-con-boxed e-con e-parent\" data-id=\"9533697\" data-element_type=\"container\" data-settings=\"{&quot;background_background&quot;:&quot;classic&quot;}\">\n\t\t\t\t\t<div class=\"e-con-inner\">\n\t\t\t\t<div class=\"elementor-element elementor-element-6a469ac elementor-absolute elementor-widget elementor-widget-image\" data-id=\"6a469ac\" data-element_type=\"widget\" data-settings=\"{&quot;_position&quot;:&quot;absolute&quot;,&quot;motion_fx_motion_fx_scrolling&quot;:&quot;yes&quot;,&quot;motion_fx_translateY_effect&quot;:&quot;yes&quot;,&quot;motion_fx_translateY_direction&quot;:&quot;negative&quot;,&quot;motion_fx_translateY_speed&quot;:{&quot;unit&quot;:&quot;px&quot;,&quot;size&quot;:4,&quot;sizes&quot;:[]},&quot;motion_fx_translateY_affectedRange&quot;:{&quot;unit&quot;:&quot;%&quot;,&quot;size&quot;:&quot;&quot;,&quot;sizes&quot;:{&quot;start&quot;:0,&quot;end&quot;:100}},&quot;motion_fx_devices&quot;:[&quot;desktop&quot;,&quot;tablet&quot;,&quot;mobile&quot;]}\" data-widget_type=\"image.default\">\n\t\t\t\t<div class=\"elementor-widget-container\">\n\t\t\t\t\t\t\t\t\t\t\t\t\t\t\t<img loading=\"lazy\" decoding=\"async\" width=\"800\" height=\"799\" src=\"https:\/\/www.greening-group.com\/wp-content\/uploads\/2024\/08\/mundo.png\" class=\"attachment-large size-large wp-image-13666\" alt=\"\" srcset=\"https:\/\/www.greening-group.com\/wp-content\/uploads\/2024\/08\/mundo.png 912w, https:\/\/www.greening-group.com\/wp-content\/uploads\/2024\/08\/mundo-300x300.png 300w, https:\/\/www.greening-group.com\/wp-content\/uploads\/2024\/08\/mundo-150x150.png 150w, https:\/\/www.greening-group.com\/wp-content\/uploads\/2024\/08\/mundo-768x767.png 768w\" sizes=\"auto, (max-width: 800px) 100vw, 800px\" \/>\t\t\t\t\t\t\t\t\t\t\t\t\t\t\t<\/div>\n\t\t\t\t<\/div>\n\t\t\t\t\t<\/div>\n\t\t\t\t<\/div>\n\t\t<div class=\"elementor-element elementor-element-a226bd1 e-flex e-con-boxed e-con e-parent\" data-id=\"a226bd1\" data-element_type=\"container\">\n\t\t\t\t\t<div class=\"e-con-inner\">\n\t\t\t\t<div class=\"elementor-element elementor-element-1c9ef67 e-n-tabs-mobile elementor-widget elementor-widget-n-tabs\" data-id=\"1c9ef67\" data-element_type=\"widget\" data-settings=\"{&quot;tabs_justify_horizontal&quot;:&quot;stretch&quot;,&quot;horizontal_scroll&quot;:&quot;disable&quot;}\" data-widget_type=\"nested-tabs.default\">\n\t\t\t\t<div class=\"elementor-widget-container\">\n\t\t\t\t\t\t\t<div class=\"e-n-tabs\" data-widget-number=\"30011239\" aria-label=\"Schede. Apri gli elementi con Invio o Spazio, chiudili con Esc e naviga con i tasti freccia.\">\n\t\t\t<div class=\"e-n-tabs-heading\" role=\"tablist\">\n\t\t\t\t\t<button id=\"e-n-tab-title-300112391\" class=\"e-n-tab-title elementor-animation-float\" aria-selected=\"true\" data-tab-index=\"1\" role=\"tab\" tabindex=\"0\" aria-controls=\"e-n-tab-content-300112391\" style=\"--n-tabs-title-order: 1;\">\n\t\t\t\t\t\t<span class=\"e-n-tab-title-text\">\n\t\t\t\tRating\t\t\t<\/span>\n\t\t<\/button>\n\t\t\t\t<button id=\"e-n-tab-title-300112392\" class=\"e-n-tab-title elementor-animation-float\" aria-selected=\"false\" data-tab-index=\"2\" role=\"tab\" tabindex=\"-1\" aria-controls=\"e-n-tab-content-300112392\" style=\"--n-tabs-title-order: 2;\">\n\t\t\t\t\t\t<span class=\"e-n-tab-title-text\">\n\t\t\t\tCommercial Paper Program\t\t\t<\/span>\n\t\t<\/button>\n\t\t\t\t\t<\/div>\n\t\t\t<div class=\"e-n-tabs-content\">\n\t\t\t\t<div id=\"e-n-tab-content-300112391\" role=\"tabpanel\" aria-labelledby=\"e-n-tab-title-300112391\" data-tab-index=\"1\" style=\"--n-tabs-title-order: 1;\" class=\"e-active elementor-element elementor-element-eda8e6a e-con-full e-flex e-con e-child\" data-id=\"eda8e6a\" data-element_type=\"container\">\n\t\t\t\t<div class=\"elementor-element elementor-element-1ff3e1d elementor-widget elementor-widget-text-editor\" data-id=\"1ff3e1d\" data-element_type=\"widget\" data-widget_type=\"text-editor.default\">\n\t\t\t\t<div class=\"elementor-widget-container\">\n\t\t\t\t\t\t\t\t\t<div class=\"fusion-title title fusion-title-1 fusion-title-text fusion-title-size-one\">\n<div class=\"fusion-layout-column fusion_builder_column fusion-builder-column-0 fusion_builder_column_1_1 1_1 fusion-flex-column\">\n<div class=\"fusion-column-wrapper fusion-flex-justify-content-flex-start fusion-content-layout-column\">\n<div class=\"fusion-title title fusion-title-1 fusion-title-text fusion-title-size-two\">\n<div class=\"title-sep-container title-sep-container-right\">\n<div class=\"title-sep sep-double sep-solid\"><\/div>\n<\/div>\n<\/div>\n<div class=\"table-2\">\n<table width=\"100%\">\n<thead>\n<tr>\n<th align=\"left\">Agency<\/th>\n<th align=\"left\">Rating<\/th>\n<th align=\"left\">Outlook<\/th>\n<th align=\"left\">Last Review<\/th>\n<th align=\"left\">Previous<\/th>\n<th align=\"left\">Downloads<\/th>\n<\/tr>\n<\/thead>\n<tbody>\n<tr>\n<td align=\"left\">EthiFinance<\/td>\n<td align=\"left\">BB<\/td>\n<td align=\"left\">Stable<\/td>\n<td align=\"left\">07\/05\/2024<\/td>\n<td align=\"left\">BB-<\/td>\n<td align=\"left\"><a href=\"https:\/\/www.greening-group.com\/wp-content\/uploads\/2024\/05\/Rating-report-GRUPO-GREENING-2022-SA.pdf\" target=\"_blank\" rel=\"noopener\"><img loading=\"lazy\" decoding=\"async\" class=\"aligncenter wp-image-7676\" src=\"https:\/\/www.greening-group.com\/wp-content\/uploads\/2024\/10\/archivo.svg\" alt=\"\" width=\"38\" height=\"38\"><\/a><\/td>\n<\/tr>\n<\/tbody>\n<\/table>\n<\/div>\n<\/div>\n<\/div>\n<div class=\"fusion-layout-column fusion_builder_column fusion-builder-column-1 fusion_builder_column_1_1 1_1 fusion-flex-column\">\n<div class=\"fusion-column-wrapper fusion-flex-justify-content-flex-start fusion-content-layout-column\">\n<div class=\"fusion-text fusion-text-1\">\n\n<em>Note: Ratings may be reviewed, suspended, or withdrawn by each issuing agency at any time.<\/em>\n\n<\/div>\n<\/div>\n<\/div>\n<\/div>\t\t\t\t\t\t\t\t<\/div>\n\t\t\t\t<\/div>\n\t\t\t\t<\/div>\n\t\t<div id=\"e-n-tab-content-300112392\" role=\"tabpanel\" aria-labelledby=\"e-n-tab-title-300112392\" data-tab-index=\"2\" style=\"--n-tabs-title-order: 2;\" class=\" elementor-element elementor-element-64626d2 e-con-full e-flex e-con e-child\" data-id=\"64626d2\" data-element_type=\"container\">\n\t\t\t\t<div class=\"elementor-element elementor-element-52742e5 elementor-widget elementor-widget-text-editor\" data-id=\"52742e5\" data-element_type=\"widget\" data-widget_type=\"text-editor.default\">\n\t\t\t\t<div class=\"elementor-widget-container\">\n\t\t\t\t\t\t\t\t\t<div class=\"fusion-title title fusion-title-1 fusion-title-text fusion-title-size-one\"><div class=\"fusion-title title fusion-title-1 fusion-title-text fusion-title-size-two\"><div class=\"fusion-title title fusion-title-1 fusion-title-text fusion-title-size-one\"><div class=\"fusion-title title fusion-title-2 fusion-title-text fusion-title-size-two\"><div class=\"title-sep-container title-sep-container-right\"><div class=\"title-sep sep-double sep-solid\"> <\/div><\/div><\/div><div class=\"table-2\"><table width=\"100%\"><thead><tr><th align=\"left\">DOCUMENTS<\/th><th align=\"left\">DOWNLOAD<\/th><\/tr><\/thead><tbody><tr><td align=\"left\">2024 Green Financing Framework<\/td><td align=\"left\"><a href=\"https:\/\/www.greening-group.com\/wp-content\/uploads\/2024\/Finance%20Framework%202024%20Greening%20vFinal.pdf\" target=\"_blank\" rel=\"noopener\"><img loading=\"lazy\" decoding=\"async\" class=\"aligncenter wp-image-7676\" src=\"https:\/\/www.greening-group.com\/wp-content\/uploads\/2024\/10\/archivo.svg\" alt=\"\" width=\"38\" height=\"38\"><\/a><\/td><\/tr><tr><td align=\"left\">Serfiex Second Party Opinion<\/td><td align=\"left\"><a href=\"https:\/\/www.greening-group.com\/wp-content\/uploads\/2024\/SERFIEX%20SPO%20on%20Greening%20Green%20Finance%20Framework%202024%20vFinal.pdf\" target=\"_blank\" rel=\"noopener\"><img loading=\"lazy\" decoding=\"async\" class=\"aligncenter wp-image-7676\" src=\"https:\/\/www.greening-group.com\/wp-content\/uploads\/2024\/10\/archivo.svg\" alt=\"\" width=\"38\" height=\"38\"><\/a><\/td><\/tr><\/tbody><\/table><\/div><\/div><\/div><\/div>\t\t\t\t\t\t\t\t<\/div>\n\t\t\t\t<\/div>\n\t\t\t\t<\/div>\n\t\t\t\t\t<\/div>\n\t\t<\/div>\n\t\t\t\t\t\t<\/div>\n\t\t\t\t<\/div>\n\t\t\t\t\t<\/div>\n\t\t\t\t<\/div>\n\t\t\t\t<\/div>\n\t\t","protected":false},"excerpt":{"rendered":"<p>Debt Rating Commercial Paper Program Agency Rating Outlook Last Review Previous Downloads EthiFinance BB Stable 07\/05\/2024 BB- Note: Ratings may be reviewed, suspended, or withdrawn by each issuing agency at any time. DOCUMENTS DOWNLOAD 2024 Green Financing Framework Serfiex Second Party Opinion Agency Rating Outlook Last Review Previous Downloads EthiFinance BB Stable 07\/05\/2024 BB- Note: [&hellip;]<\/p>\n","protected":false},"author":3,"featured_media":0,"parent":0,"menu_order":0,"comment_status":"closed","ping_status":"closed","template":"elementor_header_footer","meta":{"_acf_changed":false,"footnotes":""},"class_list":["post-14297","page","type-page","status-publish","hentry"],"acf":[],"yoast_head":"<!-- This site is optimized with the Yoast SEO plugin v26.0 - https:\/\/yoast.com\/wordpress\/plugins\/seo\/ -->\n<title>Debt - Greening<\/title>\n<meta name=\"robots\" content=\"index, follow, max-snippet:-1, max-image-preview:large, max-video-preview:-1\" \/>\n<link rel=\"canonical\" href=\"https:\/\/www.greening-group.com\/it\/debt\/\" \/>\n<meta property=\"og:locale\" content=\"it_IT\" \/>\n<meta property=\"og:type\" content=\"article\" \/>\n<meta property=\"og:title\" content=\"Debt - Greening\" \/>\n<meta property=\"og:description\" content=\"Debt Rating Commercial Paper Program Agency Rating Outlook Last Review Previous Downloads EthiFinance BB Stable 07\/05\/2024 BB- Note: Ratings may be reviewed, suspended, or withdrawn by each issuing agency at any time. DOCUMENTS DOWNLOAD 2024 Green Financing Framework Serfiex Second Party Opinion Agency Rating Outlook Last Review Previous Downloads EthiFinance BB Stable 07\/05\/2024 BB- Note: [&hellip;]\" \/>\n<meta property=\"og:url\" content=\"https:\/\/www.greening-group.com\/it\/debt\/\" \/>\n<meta property=\"og:site_name\" content=\"Greening\" \/>\n<meta property=\"article:modified_time\" content=\"2025-09-16T14:23:58+00:00\" \/>\n<meta property=\"og:image\" content=\"https:\/\/www.greening-group.com\/wp-content\/uploads\/2024\/08\/favicon.png\" \/>\n<meta name=\"twitter:card\" content=\"summary_large_image\" \/>\n<meta name=\"twitter:image\" content=\"https:\/\/www.greening-group.com\/wp-content\/uploads\/2024\/08\/favicon.png\" \/>\n<script type=\"application\/ld+json\" class=\"yoast-schema-graph\">{\"@context\":\"https:\/\/schema.org\",\"@graph\":[{\"@type\":\"WebPage\",\"@id\":\"https:\/\/www.greening-group.com\/it\/debt\/\",\"url\":\"https:\/\/www.greening-group.com\/it\/debt\/\",\"name\":\"Debt - Greening\",\"isPartOf\":{\"@id\":\"https:\/\/www.greening-group.com\/me\/#website\"},\"primaryImageOfPage\":{\"@id\":\"https:\/\/www.greening-group.com\/it\/debt\/#primaryimage\"},\"image\":{\"@id\":\"https:\/\/www.greening-group.com\/it\/debt\/#primaryimage\"},\"thumbnailUrl\":\"https:\/\/www.greening-group.com\/wp-content\/uploads\/2024\/10\/denuncia.webp\",\"datePublished\":\"2024-09-16T11:45:28+00:00\",\"dateModified\":\"2025-09-16T14:23:58+00:00\",\"inLanguage\":\"it-IT\",\"potentialAction\":[{\"@type\":\"ReadAction\",\"target\":[\"https:\/\/www.greening-group.com\/it\/debt\/\"]}]},{\"@type\":\"ImageObject\",\"inLanguage\":\"it-IT\",\"@id\":\"https:\/\/www.greening-group.com\/it\/debt\/#primaryimage\",\"url\":\"https:\/\/www.greening-group.com\/wp-content\/uploads\/2024\/10\/denuncia.webp\",\"contentUrl\":\"https:\/\/www.greening-group.com\/wp-content\/uploads\/2024\/10\/denuncia.webp\"},{\"@type\":\"WebSite\",\"@id\":\"https:\/\/www.greening-group.com\/me\/#website\",\"url\":\"https:\/\/www.greening-group.com\/me\/\",\"name\":\"Greening\",\"description\":\"Energ\u00eda renovable para una transici\u00f3n energ\u00e9tica global\",\"potentialAction\":[{\"@type\":\"SearchAction\",\"target\":{\"@type\":\"EntryPoint\",\"urlTemplate\":\"https:\/\/www.greening-group.com\/me\/?s={search_term_string}\"},\"query-input\":{\"@type\":\"PropertyValueSpecification\",\"valueRequired\":true,\"valueName\":\"search_term_string\"}}],\"inLanguage\":\"it-IT\"}]}<\/script>\n<!-- \/ Yoast SEO plugin. -->","yoast_head_json":{"title":"Debt - Greening","robots":{"index":"index","follow":"follow","max-snippet":"max-snippet:-1","max-image-preview":"max-image-preview:large","max-video-preview":"max-video-preview:-1"},"canonical":"https:\/\/www.greening-group.com\/it\/debt\/","og_locale":"it_IT","og_type":"article","og_title":"Debt - Greening","og_description":"Debt Rating Commercial Paper Program Agency Rating Outlook Last Review Previous Downloads EthiFinance BB Stable 07\/05\/2024 BB- Note: Ratings may be reviewed, suspended, or withdrawn by each issuing agency at any time. DOCUMENTS DOWNLOAD 2024 Green Financing Framework Serfiex Second Party Opinion Agency Rating Outlook Last Review Previous Downloads EthiFinance BB Stable 07\/05\/2024 BB- Note: [&hellip;]","og_url":"https:\/\/www.greening-group.com\/it\/debt\/","og_site_name":"Greening","article_modified_time":"2025-09-16T14:23:58+00:00","og_image":[{"url":"https:\/\/www.greening-group.com\/wp-content\/uploads\/2024\/08\/favicon.png","type":"","width":"","height":""}],"twitter_card":"summary_large_image","twitter_image":"https:\/\/www.greening-group.com\/wp-content\/uploads\/2024\/08\/favicon.png","schema":{"@context":"https:\/\/schema.org","@graph":[{"@type":"WebPage","@id":"https:\/\/www.greening-group.com\/it\/debt\/","url":"https:\/\/www.greening-group.com\/it\/debt\/","name":"Debt - Greening","isPartOf":{"@id":"https:\/\/www.greening-group.com\/me\/#website"},"primaryImageOfPage":{"@id":"https:\/\/www.greening-group.com\/it\/debt\/#primaryimage"},"image":{"@id":"https:\/\/www.greening-group.com\/it\/debt\/#primaryimage"},"thumbnailUrl":"https:\/\/www.greening-group.com\/wp-content\/uploads\/2024\/10\/denuncia.webp","datePublished":"2024-09-16T11:45:28+00:00","dateModified":"2025-09-16T14:23:58+00:00","inLanguage":"it-IT","potentialAction":[{"@type":"ReadAction","target":["https:\/\/www.greening-group.com\/it\/debt\/"]}]},{"@type":"ImageObject","inLanguage":"it-IT","@id":"https:\/\/www.greening-group.com\/it\/debt\/#primaryimage","url":"https:\/\/www.greening-group.com\/wp-content\/uploads\/2024\/10\/denuncia.webp","contentUrl":"https:\/\/www.greening-group.com\/wp-content\/uploads\/2024\/10\/denuncia.webp"},{"@type":"WebSite","@id":"https:\/\/www.greening-group.com\/me\/#website","url":"https:\/\/www.greening-group.com\/me\/","name":"Greening","description":"Energ\u00eda renovable para una transici\u00f3n energ\u00e9tica global","potentialAction":[{"@type":"SearchAction","target":{"@type":"EntryPoint","urlTemplate":"https:\/\/www.greening-group.com\/me\/?s={search_term_string}"},"query-input":{"@type":"PropertyValueSpecification","valueRequired":true,"valueName":"search_term_string"}}],"inLanguage":"it-IT"}]}},"_links":{"self":[{"href":"https:\/\/www.greening-group.com\/it\/wp-json\/wp\/v2\/pages\/14297","targetHints":{"allow":["GET"]}}],"collection":[{"href":"https:\/\/www.greening-group.com\/it\/wp-json\/wp\/v2\/pages"}],"about":[{"href":"https:\/\/www.greening-group.com\/it\/wp-json\/wp\/v2\/types\/page"}],"author":[{"embeddable":true,"href":"https:\/\/www.greening-group.com\/it\/wp-json\/wp\/v2\/users\/3"}],"replies":[{"embeddable":true,"href":"https:\/\/www.greening-group.com\/it\/wp-json\/wp\/v2\/comments?post=14297"}],"version-history":[{"count":1,"href":"https:\/\/www.greening-group.com\/it\/wp-json\/wp\/v2\/pages\/14297\/revisions"}],"predecessor-version":[{"id":14298,"href":"https:\/\/www.greening-group.com\/it\/wp-json\/wp\/v2\/pages\/14297\/revisions\/14298"}],"wp:attachment":[{"href":"https:\/\/www.greening-group.com\/it\/wp-json\/wp\/v2\/media?parent=14297"}],"curies":[{"name":"wp","href":"https:\/\/api.w.org\/{rel}","templated":true}]}}