{"id":17415,"date":"2026-01-13T11:42:39","date_gmt":"2026-01-13T10:42:39","guid":{"rendered":"https:\/\/www.greening-group.com\/?page_id=17415"},"modified":"2026-02-09T08:52:29","modified_gmt":"2026-02-09T07:52:29","slug":"programma-di-compliance","status":"publish","type":"page","link":"https:\/\/www.greening-group.com\/it\/su-di-noi\/programma-di-compliance\/","title":{"rendered":"Programma di Compliance"},"content":{"rendered":"\t\t<div data-elementor-type=\"wp-page\" data-elementor-id=\"17415\" class=\"elementor elementor-17415 elementor-17377\" data-elementor-post-type=\"page\">\n\t\t\t\t<div class=\"elementor-element elementor-element-c40922f e-flex e-con-boxed e-con e-parent\" data-id=\"c40922f\" data-element_type=\"container\" data-settings=\"{&quot;background_background&quot;:&quot;classic&quot;}\">\n\t\t\t\t\t<div class=\"e-con-inner\">\n\t\t\t\t\t<\/div>\n\t\t\t\t<\/div>\n\t\t<div class=\"elementor-element elementor-element-5502110 e-flex e-con-boxed e-con e-parent\" data-id=\"5502110\" data-element_type=\"container\">\n\t\t\t\t\t<div class=\"e-con-inner\">\n\t\t\t\t<div class=\"elementor-element elementor-element-c6da735 elementor-invisible elementor-widget elementor-widget-heading\" data-id=\"c6da735\" data-element_type=\"widget\" data-settings=\"{&quot;_animation&quot;:&quot;fadeInUp&quot;}\" data-widget_type=\"heading.default\">\n\t\t\t\t<div class=\"elementor-widget-container\">\n\t\t\t\t\t<h2 class=\"elementor-heading-title elementor-size-default\"><!--StartFragment--><span data-olk-copy-source=\"MessageBody\">Programma di Compliance<\/span><!--EndFragment--><\/h2>\t\t\t\t<\/div>\n\t\t\t\t<\/div>\n\t\t\t\t<div class=\"elementor-element elementor-element-e1c2403 elementor-invisible elementor-widget elementor-widget-text-editor\" data-id=\"e1c2403\" data-element_type=\"widget\" data-settings=\"{&quot;_animation&quot;:&quot;fadeIn&quot;}\" data-widget_type=\"text-editor.default\">\n\t\t\t\t<div class=\"elementor-widget-container\">\n\t\t\t\t\t\t\t\t\t<p style=\"margin: 0cm; font-size: 12pt; font-family: Aptos, sans-serif; color: #242424;\">Il <b style=\"color: #6bbbae;\">Programma di Compliance<\/b> \u00e8 essenziale per garantire che tutte le nostre attivit\u00e0 si svolgano nel rispetto della legge e dei nostri principi etici.<\/p><p style=\"margin: 0cm; font-size: 12pt; font-family: Aptos, sans-serif; color: #242424;\">Il suo obiettivo \u00e8 prevenire, individuare e gestire i rischi penali, tutelando la reputazione del Gruppo Greening e promuovendo una cultura di integrit\u00e0 e trasparenza.<\/p><p style=\"margin: 0cm; font-size: 12pt; font-family: Aptos, sans-serif; color: #242424;\">Il nostro Programma di Compliance integra politiche, procedure e controlli interni progettati per prevenire, individuare e gestire i rischi penali.Questo Programma \u00e8 strutturato in diverse aree che comprendono i principi generali di conformit\u00e0, i diritti umani e la diversit\u00e0, la sicurezza delle informazioni e la privacy, nonch\u00e9 misure di buon governo, trasparenza e prevenzione della corruzione. Tutte queste politiche e protocolli vengono periodicamente riesaminati per garantirne l\u2019attualit\u00e0 e l\u2019adeguamento alla normativa applicabile.<\/p><p style=\"margin: 0cm; font-size: 12pt; font-family: Aptos, sans-serif; color: #242424;\">Oltre al Codice Etico e di Condotta e alla Politica del Canale di Segnalazione, mettiamo a tua disposizione estratti delle nostre principali politiche:<\/p><ul style=\"margin-bottom: 0cm; color: #242424; font-family: Aptos, sans-serif; font-size: 12pt;\"><li><a style=\"color: #6bbbae; text-decoration: none;\" href=\"https:\/\/view.officeapps.live.com\/op\/view.aspx?src=https%3A%2F%2Fwww.greening-group.com%2Fwp-content%2Fuploads%2F2026%2F01%2FCompliance%2520Policy%2520Overview.docx&amp;wdOrigin=BROWSELINK\">Estratto della Politica di Compliance<\/a><\/li><li><a style=\"color: #6bbbae; text-decoration: none;\" href=\"https:\/\/view.officeapps.live.com\/op\/view.aspx?src=https%3A%2F%2Fwww.greening-group.com%2Fwp-content%2Fuploads%2F2026%2F02%2FANTI-CORRUPTION%2520AND%2520ANTIBRIBERY%2520-V%2520WEB.docx&amp;wdOrigin=BROWSELINK\">Estratto della Politica Anticorruzione e Anticorruzione Attiva (Antisoborno)<\/a><\/li><li><a style=\"color: #6bbbae; text-decoration: none;\" href=\"https:\/\/view.officeapps.live.com\/op\/view.aspx?src=https%3A%2F%2Fwww.greening-group.com%2Fwp-content%2Fuploads%2F2026%2F01%2FAML%2520CFT%2520Policy%2520Overview.docx&amp;wdOrigin=BROWSELINK\">Estratto della Politica di Prevenzione del Riciclaggio di Denaro e del Finanziamento del Terrorismo<\/a><\/li><li><a style=\"color: #6bbbae; text-decoration: none;\" href=\"https:\/\/view.officeapps.live.com\/op\/view.aspx?src=https%3A%2F%2Fwww.greening-group.com%2Fwp-content%2Fuploads%2F2026%2F01%2FTax%2520Policy%2520Overview.docx&amp;wdOrigin=BROWSELINK\">Estratto della Politica Fiscale<\/a><\/li><li><a style=\"color: #6bbbae; text-decoration: none;\" href=\"https:\/\/view.officeapps.live.com\/op\/view.aspx?src=https%3A%2F%2Fwww.greening-group.com%2Fwp-content%2Fuploads%2F2026%2F02%2FHUMAN%2520RIGHTS%2520FRAMEWORK%2520PL-%2520V%2520WEB.docx&amp;wdOrigin=BROWSELINK\">Estratto della Politica Quadro sui Diritti Umani<\/a><\/li><li><a style=\"color: #6bbbae; text-decoration: none;\" href=\"https:\/\/view.officeapps.live.com\/op\/view.aspx?src=https%3A%2F%2Fwww.greening-group.com%2Fwp-content%2Fuploads%2F2026%2F01%2FDiversity%2520and%2520Inclusion%2520Policy%2520Overview.docx&amp;wdOrigin=BROWSELINK\">Estratto della Politica di Diversit\u00e0 e Inclusione<\/a><\/li><\/ul>\t\t\t\t\t\t\t\t<\/div>\n\t\t\t\t<\/div>\n\t\t\t\t\t<\/div>\n\t\t\t\t<\/div>\n\t\t\t\t<\/div>\n\t\t","protected":false},"excerpt":{"rendered":"<p>Programma di Compliance Il Programma di Compliance \u00e8 essenziale per garantire che tutte le nostre attivit\u00e0 si svolgano nel rispetto della legge e dei nostri principi etici. Il suo obiettivo \u00e8 prevenire, individuare e gestire i rischi penali, tutelando la reputazione del Gruppo Greening e promuovendo una cultura di integrit\u00e0 e trasparenza. Il nostro Programma [&hellip;]<\/p>\n","protected":false},"author":2,"featured_media":0,"parent":14094,"menu_order":0,"comment_status":"closed","ping_status":"closed","template":"elementor_header_footer","meta":{"_acf_changed":false,"footnotes":""},"class_list":["post-17415","page","type-page","status-publish","hentry"],"acf":[],"yoast_head":"<!-- This site is optimized with the Yoast SEO plugin v26.0 - https:\/\/yoast.com\/wordpress\/plugins\/seo\/ -->\n<title>Programma di Compliance - Greening<\/title>\n<meta name=\"robots\" content=\"index, follow, max-snippet:-1, max-image-preview:large, max-video-preview:-1\" \/>\n<link rel=\"canonical\" href=\"https:\/\/www.greening-group.com\/sobre-nosotros\/programa-de-compliance\/\" \/>\n<meta property=\"og:locale\" content=\"it_IT\" \/>\n<meta property=\"og:type\" content=\"article\" \/>\n<meta property=\"og:title\" content=\"Programma di Compliance - Greening\" \/>\n<meta property=\"og:description\" content=\"Programma di Compliance Il Programma di Compliance \u00e8 essenziale per garantire che tutte le nostre attivit\u00e0 si svolgano nel rispetto della legge e dei nostri principi etici. Il suo obiettivo \u00e8 prevenire, individuare e gestire i rischi penali, tutelando la reputazione del Gruppo Greening e promuovendo una cultura di integrit\u00e0 e trasparenza. Il nostro Programma [&hellip;]\" \/>\n<meta property=\"og:url\" content=\"https:\/\/www.greening-group.com\/sobre-nosotros\/programa-de-compliance\/\" \/>\n<meta property=\"og:site_name\" content=\"Greening\" \/>\n<meta property=\"article:modified_time\" content=\"2026-02-09T07:52:29+00:00\" \/>\n<meta name=\"twitter:card\" content=\"summary_large_image\" \/>\n<meta name=\"twitter:image\" content=\"https:\/\/www.greening-group.com\/wp-content\/uploads\/2024\/08\/favicon.png\" \/>\n<meta name=\"twitter:label1\" content=\"Tempo di lettura stimato\" \/>\n\t<meta name=\"twitter:data1\" content=\"2 minuti\" \/>\n<script type=\"application\/ld+json\" class=\"yoast-schema-graph\">{\"@context\":\"https:\/\/schema.org\",\"@graph\":[{\"@type\":\"WebPage\",\"@id\":\"https:\/\/www.greening-group.com\/sobre-nosotros\/programa-de-compliance\/\",\"url\":\"https:\/\/www.greening-group.com\/sobre-nosotros\/programa-de-compliance\/\",\"name\":\"Programma di Compliance - Greening\",\"isPartOf\":{\"@id\":\"https:\/\/www.greening-group.com\/me\/#website\"},\"datePublished\":\"2026-01-13T10:42:39+00:00\",\"dateModified\":\"2026-02-09T07:52:29+00:00\",\"breadcrumb\":{\"@id\":\"https:\/\/www.greening-group.com\/sobre-nosotros\/programa-de-compliance\/#breadcrumb\"},\"inLanguage\":\"it-IT\",\"potentialAction\":[{\"@type\":\"ReadAction\",\"target\":[\"https:\/\/www.greening-group.com\/sobre-nosotros\/programa-de-compliance\/\"]}]},{\"@type\":\"BreadcrumbList\",\"@id\":\"https:\/\/www.greening-group.com\/sobre-nosotros\/programa-de-compliance\/#breadcrumb\",\"itemListElement\":[{\"@type\":\"ListItem\",\"position\":1,\"name\":\"Su di noi\",\"item\":\"https:\/\/www.greening-group.com\/sobre-nosotros\/\"},{\"@type\":\"ListItem\",\"position\":2,\"name\":\"Programma di Compliance\"}]},{\"@type\":\"WebSite\",\"@id\":\"https:\/\/www.greening-group.com\/me\/#website\",\"url\":\"https:\/\/www.greening-group.com\/me\/\",\"name\":\"Greening\",\"description\":\"Energ\u00eda renovable para una transici\u00f3n energ\u00e9tica global\",\"potentialAction\":[{\"@type\":\"SearchAction\",\"target\":{\"@type\":\"EntryPoint\",\"urlTemplate\":\"https:\/\/www.greening-group.com\/me\/?s={search_term_string}\"},\"query-input\":{\"@type\":\"PropertyValueSpecification\",\"valueRequired\":true,\"valueName\":\"search_term_string\"}}],\"inLanguage\":\"it-IT\"}]}<\/script>\n<!-- \/ Yoast SEO plugin. -->","yoast_head_json":{"title":"Programma di Compliance - Greening","robots":{"index":"index","follow":"follow","max-snippet":"max-snippet:-1","max-image-preview":"max-image-preview:large","max-video-preview":"max-video-preview:-1"},"canonical":"https:\/\/www.greening-group.com\/sobre-nosotros\/programa-de-compliance\/","og_locale":"it_IT","og_type":"article","og_title":"Programma di Compliance - Greening","og_description":"Programma di Compliance Il Programma di Compliance \u00e8 essenziale per garantire che tutte le nostre attivit\u00e0 si svolgano nel rispetto della legge e dei nostri principi etici. Il suo obiettivo \u00e8 prevenire, individuare e gestire i rischi penali, tutelando la reputazione del Gruppo Greening e promuovendo una cultura di integrit\u00e0 e trasparenza. Il nostro Programma [&hellip;]","og_url":"https:\/\/www.greening-group.com\/sobre-nosotros\/programa-de-compliance\/","og_site_name":"Greening","article_modified_time":"2026-02-09T07:52:29+00:00","twitter_card":"summary_large_image","twitter_image":"https:\/\/www.greening-group.com\/wp-content\/uploads\/2024\/08\/favicon.png","twitter_misc":{"Tempo di lettura stimato":"2 minuti"},"schema":{"@context":"https:\/\/schema.org","@graph":[{"@type":"WebPage","@id":"https:\/\/www.greening-group.com\/sobre-nosotros\/programa-de-compliance\/","url":"https:\/\/www.greening-group.com\/sobre-nosotros\/programa-de-compliance\/","name":"Programma di Compliance - Greening","isPartOf":{"@id":"https:\/\/www.greening-group.com\/me\/#website"},"datePublished":"2026-01-13T10:42:39+00:00","dateModified":"2026-02-09T07:52:29+00:00","breadcrumb":{"@id":"https:\/\/www.greening-group.com\/sobre-nosotros\/programa-de-compliance\/#breadcrumb"},"inLanguage":"it-IT","potentialAction":[{"@type":"ReadAction","target":["https:\/\/www.greening-group.com\/sobre-nosotros\/programa-de-compliance\/"]}]},{"@type":"BreadcrumbList","@id":"https:\/\/www.greening-group.com\/sobre-nosotros\/programa-de-compliance\/#breadcrumb","itemListElement":[{"@type":"ListItem","position":1,"name":"Su di noi","item":"https:\/\/www.greening-group.com\/sobre-nosotros\/"},{"@type":"ListItem","position":2,"name":"Programma di Compliance"}]},{"@type":"WebSite","@id":"https:\/\/www.greening-group.com\/me\/#website","url":"https:\/\/www.greening-group.com\/me\/","name":"Greening","description":"Energ\u00eda renovable para una transici\u00f3n energ\u00e9tica global","potentialAction":[{"@type":"SearchAction","target":{"@type":"EntryPoint","urlTemplate":"https:\/\/www.greening-group.com\/me\/?s={search_term_string}"},"query-input":{"@type":"PropertyValueSpecification","valueRequired":true,"valueName":"search_term_string"}}],"inLanguage":"it-IT"}]}},"_links":{"self":[{"href":"https:\/\/www.greening-group.com\/it\/wp-json\/wp\/v2\/pages\/17415","targetHints":{"allow":["GET"]}}],"collection":[{"href":"https:\/\/www.greening-group.com\/it\/wp-json\/wp\/v2\/pages"}],"about":[{"href":"https:\/\/www.greening-group.com\/it\/wp-json\/wp\/v2\/types\/page"}],"author":[{"embeddable":true,"href":"https:\/\/www.greening-group.com\/it\/wp-json\/wp\/v2\/users\/2"}],"replies":[{"embeddable":true,"href":"https:\/\/www.greening-group.com\/it\/wp-json\/wp\/v2\/comments?post=17415"}],"version-history":[{"count":11,"href":"https:\/\/www.greening-group.com\/it\/wp-json\/wp\/v2\/pages\/17415\/revisions"}],"predecessor-version":[{"id":17873,"href":"https:\/\/www.greening-group.com\/it\/wp-json\/wp\/v2\/pages\/17415\/revisions\/17873"}],"up":[{"embeddable":true,"href":"https:\/\/www.greening-group.com\/it\/wp-json\/wp\/v2\/pages\/14094"}],"wp:attachment":[{"href":"https:\/\/www.greening-group.com\/it\/wp-json\/wp\/v2\/media?parent=17415"}],"curies":[{"name":"wp","href":"https:\/\/api.w.org\/{rel}","templated":true}]}}