{"id":14743,"date":"2024-10-08T10:47:46","date_gmt":"2024-10-08T08:47:46","guid":{"rendered":"https:\/\/www.greening-group.com\/contacto\/"},"modified":"2025-09-22T09:10:32","modified_gmt":"2025-09-22T07:10:32","slug":"contacto","status":"publish","type":"page","link":"https:\/\/www.greening-group.com\/me\/contacto\/","title":{"rendered":"Contacto"},"content":{"rendered":"\t\t<div data-elementor-type=\"wp-page\" data-elementor-id=\"14743\" class=\"elementor elementor-14743 elementor-5429\" data-elementor-post-type=\"page\">\n\t\t\t\t<div class=\"elementor-element elementor-element-e8938d3 e-flex e-con-boxed e-con e-parent\" data-id=\"e8938d3\" data-element_type=\"container\">\n\t\t\t\t\t<div class=\"e-con-inner\">\n\t\t<div class=\"elementor-element elementor-element-a87e8dd e-con-full e-flex e-con e-child\" data-id=\"a87e8dd\" data-element_type=\"container\">\n\t\t\t\t<div class=\"elementor-element elementor-element-1bd490b animated-slow elementor-invisible elementor-widget elementor-widget-image\" data-id=\"1bd490b\" data-element_type=\"widget\" data-settings=\"{&quot;_animation&quot;:&quot;fadeIn&quot;}\" data-widget_type=\"image.default\">\n\t\t\t\t<div class=\"elementor-widget-container\">\n\t\t\t\t\t\t\t\t\t\t\t\t\t\t\t<img loading=\"lazy\" decoding=\"async\" width=\"1980\" height=\"1321\" src=\"https:\/\/www.greening-group.com\/wp-content\/uploads\/2024\/10\/contacto.webp\" class=\"attachment-full size-full wp-image-14742\" alt=\"\" srcset=\"https:\/\/www.greening-group.com\/wp-content\/uploads\/2024\/10\/contacto.webp 1980w, https:\/\/www.greening-group.com\/wp-content\/uploads\/2024\/10\/contacto-300x200.webp 300w, https:\/\/www.greening-group.com\/wp-content\/uploads\/2024\/10\/contacto-1024x683.webp 1024w, https:\/\/www.greening-group.com\/wp-content\/uploads\/2024\/10\/contacto-768x512.webp 768w, https:\/\/www.greening-group.com\/wp-content\/uploads\/2024\/10\/contacto-1536x1025.webp 1536w\" sizes=\"auto, (max-width: 1980px) 100vw, 1980px\" \/>\t\t\t\t\t\t\t\t\t\t\t\t\t\t\t<\/div>\n\t\t\t\t<\/div>\n\t\t\t\t<\/div>\n\t\t<div class=\"elementor-element elementor-element-a11ba62 e-con-full e-flex e-con e-child\" data-id=\"a11ba62\" data-element_type=\"container\">\n\t\t\t\t<div class=\"elementor-element elementor-element-e25ffab animated-slow elementor-widget__width-initial elementor-invisible elementor-widget elementor-widget-heading\" data-id=\"e25ffab\" data-element_type=\"widget\" data-settings=\"{&quot;_animation&quot;:&quot;fadeInUp&quot;}\" data-widget_type=\"heading.default\">\n\t\t\t\t<div class=\"elementor-widget-container\">\n\t\t\t\t\t<h2 class=\"elementor-heading-title elementor-size-default\">Encu\u00e9ntranos<\/h2>\t\t\t\t<\/div>\n\t\t\t\t<\/div>\n\t\t\t\t<div class=\"elementor-element elementor-element-b64dd1c elementor-invisible elementor-widget elementor-widget-text-editor\" data-id=\"b64dd1c\" data-element_type=\"widget\" data-settings=\"{&quot;_animation&quot;:&quot;fadeInUp&quot;}\" data-widget_type=\"text-editor.default\">\n\t\t\t\t<div class=\"elementor-widget-container\">\n\t\t\t\t\t\t\t\t\t<h4><strong><span style=\"color: #000000;\"><a style=\"color: #000000;\" href=\"https:\/\/www.google.es\/maps\/place\/Greening+Group\/@37.1950744,-3.638106,17z\/data=!4m10!1m2!2m1!1sgreening+group+!3m6!1s0xd71fd0559af5603:0x9a08f3b5264687bc!8m2!3d37.1949234!4d-3.6355862!15sCg5ncmVlbmluZyBncm91cJIBD2hvbGRpbmdfY29tcGFueeABAA!16s%2Fg%2F11q_39mmz_?entry=ttu&amp;g_ep=EgoyMDI0MTAwMi4xIKXMDSoASAFQAw%3D%3D\" target=\"_blank\" rel=\"noopener\">CDMX:<\/a><\/span><\/strong><\/h4><p><span style=\"text-decoration: underline;\"><span style=\"color: #000000; text-decoration: underline;\"><a style=\"color: #000000; text-decoration: underline;\" href=\"https:\/\/www.google.com\/maps\/place\/C.+Montes+Urales,+Lomas+-+Virreyes,+Lomas+de+Chapultepec,+11000+Ciudad+de+M%C3%A9xico,+CDMX,+Mexique\/@19.4266154,-99.2071481,1070m\/data=!3m2!1e3!4b1!4m6!3m5!1s0x85d201f432c9fde1:0xe12f433f9699645!8m2!3d19.4266104!4d-99.2045732!16s%2Fg%2F11h1bvpys?entry=ttu&amp;g_ep=EgoyMDI1MDkxNS4wIKXMDSoASAFQAw%3D%3D\" target=\"_blank\" rel=\"noopener\">\u00a0C. Montes Urales , Lomas &#8211; Virreyes, Secc Lomas de Chapultepec III, Miguel Hidalgo, 11000 Ciudad de M\u00e9xico, CDMX<\/a><\/span><\/span><\/p><h4><span style=\"color: #000000; text-decoration: underline;\"><a style=\"color: #000000; text-decoration: underline;\" href=\"https:\/\/www.google.es\/maps\/place\/Greening+Group\/@37.1950744,-3.638106,17z\/data=!4m10!1m2!2m1!1sgreening+group+!3m6!1s0xd71fd0559af5603:0x9a08f3b5264687bc!8m2!3d37.1949234!4d-3.6355862!15sCg5ncmVlbmluZyBncm91cJIBD2hvbGRpbmdfY29tcGFueeABAA!16s%2Fg%2F11q_39mmz_?entry=ttu&amp;g_ep=EgoyMDI0MTAwMi4xIKXMDSoASAFQAw%3D%3D\" target=\"_blank\" rel=\"noopener\"><br \/><\/a><\/span><strong><span style=\"color: #000000;\">Monterrey:<\/span><\/strong><\/h4><p><span style=\"text-decoration: underline;\"><span style=\"color: #000000; text-decoration: underline;\"><a style=\"color: #000000; text-decoration: underline;\" href=\"https:\/\/www.google.com\/maps\/place\/Lic.+Jos%C3%A9+Ben%C3%ADtez,+Monterrey,+N.L.,+Mexique\/@25.6771712,-100.3456629,1023m\/data=!3m2!1e3!4b1!4m6!3m5!1s0x866295ff21d9fd09:0xc7d25420b77353dc!8m2!3d25.6771664!4d-100.343088!16s%2Fg%2F11h0w9rrg?entry=ttu&amp;g_ep=EgoyMDI1MDkxNS4wIKXMDSoASAFQAw%3D%3D\" target=\"_blank\" rel=\"noopener\">Lic. Jos\u00e9 Ben\u00edtez, Obispado, 64060 Monterrey, Nuevo Le\u00f3n<\/a><\/span><\/span><\/p><p>\u00a0<\/p><p><span style=\"text-decoration: underline; color: #000000;\"><a style=\"color: #000000;\" href=\"mailto:info@greening-group.com\" target=\"_blank\" rel=\"noopener\">info@greening-group.com<\/a><\/span><\/p>\t\t\t\t\t\t\t\t<\/div>\n\t\t\t\t<\/div>\n\t\t\t\t<div class=\"elementor-element elementor-element-4ef6721 elementor-widget__width-auto elementor-mobile-align-left elementor-widget-mobile__width-initial elementor-align-center elementor-invisible elementor-widget elementor-widget-lottie\" data-id=\"4ef6721\" data-element_type=\"widget\" data-settings=\"{&quot;source_json&quot;:{&quot;url&quot;:&quot;https:\\\/\\\/www.greening-group.com\\\/wp-content\\\/uploads\\\/2024\\\/08\\\/Animation-1724832120120.json&quot;,&quot;id&quot;:42,&quot;size&quot;:&quot;&quot;,&quot;alt&quot;:&quot;&quot;,&quot;source&quot;:&quot;library&quot;},&quot;loop&quot;:&quot;yes&quot;,&quot;_animation&quot;:&quot;fadeInUp&quot;,&quot;_animation_delay&quot;:1300,&quot;source&quot;:&quot;media_file&quot;,&quot;caption_source&quot;:&quot;none&quot;,&quot;link_to&quot;:&quot;none&quot;,&quot;trigger&quot;:&quot;arriving_to_viewport&quot;,&quot;viewport&quot;:{&quot;unit&quot;:&quot;%&quot;,&quot;size&quot;:&quot;&quot;,&quot;sizes&quot;:{&quot;start&quot;:0,&quot;end&quot;:100}},&quot;play_speed&quot;:{&quot;unit&quot;:&quot;px&quot;,&quot;size&quot;:1,&quot;sizes&quot;:[]},&quot;start_point&quot;:{&quot;unit&quot;:&quot;%&quot;,&quot;size&quot;:0,&quot;sizes&quot;:[]},&quot;end_point&quot;:{&quot;unit&quot;:&quot;%&quot;,&quot;size&quot;:100,&quot;sizes&quot;:[]},&quot;renderer&quot;:&quot;svg&quot;}\" data-widget_type=\"lottie.default\">\n\t\t\t\t<div class=\"elementor-widget-container\">\n\t\t\t\t\t<div class=\"e-lottie__container\"><div class=\"e-lottie__animation\"><\/div><\/div>\t\t\t\t<\/div>\n\t\t\t\t<\/div>\n\t\t\t\t<\/div>\n\t\t\t\t\t<\/div>\n\t\t\t\t<\/div>\n\t\t<div class=\"elementor-element elementor-element-5fd7225 e-flex e-con-boxed e-con e-parent\" data-id=\"5fd7225\" data-element_type=\"container\" data-settings=\"{&quot;background_background&quot;:&quot;classic&quot;}\">\n\t\t\t\t\t<div class=\"e-con-inner\">\n\t\t\t\t<div class=\"elementor-element elementor-element-f8e9d3c elementor-absolute elementor-widget elementor-widget-image\" data-id=\"f8e9d3c\" data-element_type=\"widget\" data-settings=\"{&quot;_position&quot;:&quot;absolute&quot;,&quot;motion_fx_motion_fx_scrolling&quot;:&quot;yes&quot;,&quot;motion_fx_translateY_effect&quot;:&quot;yes&quot;,&quot;motion_fx_translateY_direction&quot;:&quot;negative&quot;,&quot;motion_fx_translateY_speed&quot;:{&quot;unit&quot;:&quot;px&quot;,&quot;size&quot;:4,&quot;sizes&quot;:[]},&quot;motion_fx_translateY_affectedRange&quot;:{&quot;unit&quot;:&quot;%&quot;,&quot;size&quot;:&quot;&quot;,&quot;sizes&quot;:{&quot;start&quot;:0,&quot;end&quot;:100}},&quot;motion_fx_devices&quot;:[&quot;desktop&quot;,&quot;tablet&quot;,&quot;mobile&quot;]}\" data-widget_type=\"image.default\">\n\t\t\t\t<div class=\"elementor-widget-container\">\n\t\t\t\t\t\t\t\t\t\t\t\t\t\t\t<img loading=\"lazy\" decoding=\"async\" width=\"800\" height=\"799\" src=\"https:\/\/www.greening-group.com\/wp-content\/uploads\/2024\/08\/mundo.png\" class=\"attachment-large size-large wp-image-14536\" alt=\"\" srcset=\"https:\/\/www.greening-group.com\/wp-content\/uploads\/2024\/08\/mundo.png 912w, https:\/\/www.greening-group.com\/wp-content\/uploads\/2024\/08\/mundo-300x300.png 300w, https:\/\/www.greening-group.com\/wp-content\/uploads\/2024\/08\/mundo-150x150.png 150w, https:\/\/www.greening-group.com\/wp-content\/uploads\/2024\/08\/mundo-768x767.png 768w\" sizes=\"auto, (max-width: 800px) 100vw, 800px\" \/>\t\t\t\t\t\t\t\t\t\t\t\t\t\t\t<\/div>\n\t\t\t\t<\/div>\n\t\t\t\t\t<\/div>\n\t\t\t\t<\/div>\n\t\t<div class=\"elementor-element elementor-element-de4efdd e-flex e-con-boxed e-con e-parent\" data-id=\"de4efdd\" data-element_type=\"container\">\n\t\t\t\t\t<div class=\"e-con-inner\">\n\t\t<div class=\"elementor-element elementor-element-6307852 e-con-full e-flex e-con e-child\" data-id=\"6307852\" data-element_type=\"container\">\n\t\t<div class=\"elementor-element elementor-element-e0714cb e-con-full test-border e-flex e-con e-child\" data-id=\"e0714cb\" data-element_type=\"container\">\n\t\t\t\t<div class=\"elementor-element elementor-element-ac29f05 elementor-widget elementor-widget-heading\" data-id=\"ac29f05\" data-element_type=\"widget\" data-widget_type=\"heading.default\">\n\t\t\t\t<div class=\"elementor-widget-container\">\n\t\t\t\t\t<h2 class=\"elementor-heading-title elementor-size-default\">Contacta con nuestro equipo y cu\u00e9ntanos qu\u00e9 necesitas<\/h2>\t\t\t\t<\/div>\n\t\t\t\t<\/div>\n\t\t\t\t<div class=\"elementor-element elementor-element-15104eb e-grid-align-left elementor-shape-rounded elementor-grid-0 elementor-widget elementor-widget-social-icons\" data-id=\"15104eb\" data-element_type=\"widget\" data-widget_type=\"social-icons.default\">\n\t\t\t\t<div class=\"elementor-widget-container\">\n\t\t\t\t\t\t\t<div class=\"elementor-social-icons-wrapper elementor-grid\" role=\"list\">\n\t\t\t\t\t\t\t<span class=\"elementor-grid-item\" role=\"listitem\">\n\t\t\t\t\t<a class=\"elementor-icon elementor-social-icon elementor-social-icon-linkedin elementor-animation-shrink elementor-repeater-item-cd1acc3\" href=\"https:\/\/www.linkedin.com\/company\/greeningmexico\/?originalSubdomain=mx\" target=\"_blank\">\n\t\t\t\t\t\t<span class=\"elementor-screen-only\">Linkedin<\/span>\n\t\t\t\t\t\t<i aria-hidden=\"true\" class=\"fab fa-linkedin\"><\/i>\t\t\t\t\t<\/a>\n\t\t\t\t<\/span>\n\t\t\t\t\t\t\t<span class=\"elementor-grid-item\" role=\"listitem\">\n\t\t\t\t\t<a class=\"elementor-icon elementor-social-icon elementor-social-icon-facebook elementor-animation-shrink elementor-repeater-item-7a3deae\" href=\"https:\/\/www.facebook.com\/GroupGreening\" target=\"_blank\">\n\t\t\t\t\t\t<span class=\"elementor-screen-only\">Facebook<\/span>\n\t\t\t\t\t\t<i aria-hidden=\"true\" class=\"fab fa-facebook\"><\/i>\t\t\t\t\t<\/a>\n\t\t\t\t<\/span>\n\t\t\t\t\t\t\t<span class=\"elementor-grid-item\" role=\"listitem\">\n\t\t\t\t\t<a class=\"elementor-icon elementor-social-icon elementor-social-icon-youtube elementor-animation-shrink elementor-repeater-item-67bbf13\" href=\"https:\/\/www.youtube.com\/channel\/UCh6hEWzkyrWa-gZbJ4Q488g\" target=\"_blank\">\n\t\t\t\t\t\t<span class=\"elementor-screen-only\">Youtube<\/span>\n\t\t\t\t\t\t<i aria-hidden=\"true\" class=\"fab fa-youtube\"><\/i>\t\t\t\t\t<\/a>\n\t\t\t\t<\/span>\n\t\t\t\t\t\t\t<span class=\"elementor-grid-item\" role=\"listitem\">\n\t\t\t\t\t<a class=\"elementor-icon elementor-social-icon elementor-social-icon-instagram elementor-animation-shrink elementor-repeater-item-20e4c8a\" href=\"https:\/\/www.instagram.com\/grupogreening\/\" target=\"_blank\">\n\t\t\t\t\t\t<span class=\"elementor-screen-only\">Instagram<\/span>\n\t\t\t\t\t\t<i aria-hidden=\"true\" class=\"fab fa-instagram\"><\/i>\t\t\t\t\t<\/a>\n\t\t\t\t<\/span>\n\t\t\t\t\t\t\t<span class=\"elementor-grid-item\" role=\"listitem\">\n\t\t\t\t\t<a class=\"elementor-icon elementor-social-icon elementor-social-icon-x-twitter elementor-animation-shrink elementor-repeater-item-b5a45e8\" href=\"https:\/\/twitter.com\/GreeningGroup_\" target=\"_blank\">\n\t\t\t\t\t\t<span class=\"elementor-screen-only\">X-twitter<\/span>\n\t\t\t\t\t\t<i aria-hidden=\"true\" class=\"fab fa-x-twitter\"><\/i>\t\t\t\t\t<\/a>\n\t\t\t\t<\/span>\n\t\t\t\t\t<\/div>\n\t\t\t\t\t\t<\/div>\n\t\t\t\t<\/div>\n\t\t\t\t<\/div>\n\t\t<div class=\"elementor-element elementor-element-d51a5ad e-con-full e-flex e-con e-child\" data-id=\"d51a5ad\" data-element_type=\"container\">\n\t\t\t\t<div class=\"elementor-element elementor-element-6bf5855 elementor-button-align-start formulario elementor-widget elementor-widget-global elementor-global-2176 elementor-widget-form\" data-id=\"6bf5855\" data-element_type=\"widget\" data-settings=\"{&quot;step_next_label&quot;:&quot;Siguiente&quot;,&quot;step_previous_label&quot;:&quot;Anterior&quot;,&quot;button_width&quot;:&quot;100&quot;,&quot;step_type&quot;:&quot;number_text&quot;,&quot;step_icon_shape&quot;:&quot;circle&quot;}\" data-widget_type=\"form.default\">\n\t\t\t\t<div class=\"elementor-widget-container\">\n\t\t\t\t\t\t\t<form class=\"elementor-form\" method=\"post\" name=\"Nuevo formulario\" aria-label=\"Nuevo formulario\">\n\t\t\t<input type=\"hidden\" name=\"post_id\" value=\"14743\"\/>\n\t\t\t<input type=\"hidden\" name=\"form_id\" value=\"6bf5855\"\/>\n\t\t\t<input type=\"hidden\" name=\"referer_title\" value=\"Greening\" \/>\n\n\t\t\t\n\t\t\t<div class=\"elementor-form-fields-wrapper elementor-labels-\">\n\t\t\t\t\t\t\t\t<div class=\"elementor-field-type-text elementor-field-group elementor-column elementor-field-group-name elementor-col-100 elementor-field-required\">\n\t\t\t\t\t\t\t\t\t\t\t\t<label for=\"form-field-name\" class=\"elementor-field-label elementor-screen-only\">\n\t\t\t\t\t\t\t\tNombre y Apellidos\t\t\t\t\t\t\t<\/label>\n\t\t\t\t\t\t\t\t\t\t\t\t\t\t<input size=\"1\" type=\"text\" name=\"form_fields[name]\" id=\"form-field-name\" class=\"elementor-field elementor-size-sm  elementor-field-textual\" placeholder=\"Nombre y Apellidos\" required=\"required\">\n\t\t\t\t\t\t\t\t\t\t\t<\/div>\n\t\t\t\t\t\t\t\t<div class=\"elementor-field-type-email elementor-field-group elementor-column elementor-field-group-email elementor-col-100 elementor-field-required\">\n\t\t\t\t\t\t\t\t\t\t\t\t<label for=\"form-field-email\" class=\"elementor-field-label elementor-screen-only\">\n\t\t\t\t\t\t\t\tCorreo electr\u00f3nico\t\t\t\t\t\t\t<\/label>\n\t\t\t\t\t\t\t\t\t\t\t\t\t\t<input size=\"1\" type=\"email\" name=\"form_fields[email]\" id=\"form-field-email\" class=\"elementor-field elementor-size-sm  elementor-field-textual\" placeholder=\"Correo electr\u00f3nico\" required=\"required\">\n\t\t\t\t\t\t\t\t\t\t\t<\/div>\n\t\t\t\t\t\t\t\t<div class=\"elementor-field-type-tel elementor-field-group elementor-column elementor-field-group-field_ee72a7e elementor-col-100\">\n\t\t\t\t\t\t\t\t\t\t\t\t<label for=\"form-field-field_ee72a7e\" class=\"elementor-field-label elementor-screen-only\">\n\t\t\t\t\t\t\t\tTel\u00e9fono\t\t\t\t\t\t\t<\/label>\n\t\t\t\t\t\t\t\t<input size=\"1\" type=\"tel\" name=\"form_fields[field_ee72a7e]\" id=\"form-field-field_ee72a7e\" class=\"elementor-field elementor-size-sm  elementor-field-textual\" placeholder=\"Tel\u00e9fono\" pattern=\"[0-9()#&amp;+*-=.]+\" title=\"Only numbers and phone characters (#, -, *, etc) are accepted.\">\n\n\t\t\t\t\t\t<\/div>\n\t\t\t\t\t\t\t\t<div class=\"elementor-field-type-textarea elementor-field-group elementor-column elementor-field-group-message elementor-col-100\">\n\t\t\t\t\t\t\t\t\t\t\t\t<label for=\"form-field-message\" class=\"elementor-field-label elementor-screen-only\">\n\t\t\t\t\t\t\t\tMensaje\t\t\t\t\t\t\t<\/label>\n\t\t\t\t\t\t<textarea class=\"elementor-field-textual elementor-field  elementor-size-sm\" name=\"form_fields[message]\" id=\"form-field-message\" rows=\"4\" placeholder=\"En que podemos ayudarte\"><\/textarea>\t\t\t\t<\/div>\n\t\t\t\t\t\t\t\t<div class=\"elementor-field-type-acceptance elementor-field-group elementor-column elementor-field-group-field_20d20ed elementor-col-100 elementor-field-required\">\n\t\t\t\t\t\t\t<div class=\"elementor-field-subgroup\">\n\t\t\t<span class=\"elementor-field-option\">\n\t\t\t\t<input type=\"checkbox\" name=\"form_fields[field_20d20ed]\" id=\"form-field-field_20d20ed\" class=\"elementor-field elementor-size-sm  elementor-acceptance-field\" required=\"required\">\n\t\t\t\t<label for=\"form-field-field_20d20ed\">He le\u00eddo y acepto la pol\u00edtica de privacidad<\/label>\t\t\t<\/span>\n\t\t<\/div>\n\t\t\t\t\t\t<\/div>\n\t\t\t\t\t\t\t\t<div class=\"elementor-field-group elementor-column elementor-field-type-submit elementor-col-100 e-form__buttons\">\n\t\t\t\t\t<button class=\"elementor-button elementor-size-sm\" type=\"submit\">\n\t\t\t\t\t\t<span class=\"elementor-button-content-wrapper\">\n\t\t\t\t\t\t\t\t\t\t\t\t\t\t\t\t\t\t\t\t\t\t<span class=\"elementor-button-text\">Enviar<\/span>\n\t\t\t\t\t\t\t\t\t\t\t\t\t<\/span>\n\t\t\t\t\t<\/button>\n\t\t\t\t<\/div>\n\t\t\t<\/div>\n\t\t<\/form>\n\t\t\t\t\t\t<\/div>\n\t\t\t\t<\/div>\n\t\t\t\t<\/div>\n\t\t\t\t<\/div>\n\t\t\t\t\t<\/div>\n\t\t\t\t<\/div>\n\t\t\t\t<\/div>\n\t\t","protected":false},"excerpt":{"rendered":"<p>Encu\u00e9ntranos CDMX: \u00a0C. Montes Urales , Lomas &#8211; Virreyes, Secc Lomas de Chapultepec III, Miguel Hidalgo, 11000 Ciudad de M\u00e9xico, CDMX Monterrey: Lic. Jos\u00e9 Ben\u00edtez, Obispado, 64060 Monterrey, Nuevo Le\u00f3n \u00a0 info@greening-group.com Contacta con nuestro equipo y cu\u00e9ntanos qu\u00e9 necesitas Linkedin Facebook Youtube Instagram X-twitter<\/p>\n","protected":false},"author":3,"featured_media":0,"parent":0,"menu_order":0,"comment_status":"closed","ping_status":"closed","template":"elementor_header_footer","meta":{"_acf_changed":false,"footnotes":""},"class_list":["post-14743","page","type-page","status-publish","hentry"],"acf":[],"yoast_head":"<!-- This site is optimized with the Yoast SEO plugin v26.0 - https:\/\/yoast.com\/wordpress\/plugins\/seo\/ -->\n<title>Contacto - Greening<\/title>\n<meta name=\"robots\" content=\"index, follow, max-snippet:-1, max-image-preview:large, max-video-preview:-1\" \/>\n<link rel=\"canonical\" href=\"https:\/\/www.greening-group.com\/me\/contacto\/\" \/>\n<meta property=\"og:locale\" content=\"en_US\" \/>\n<meta property=\"og:type\" content=\"article\" \/>\n<meta property=\"og:title\" content=\"Contacto - Greening\" \/>\n<meta property=\"og:description\" content=\"Encu\u00e9ntranos CDMX: \u00a0C. Montes Urales , Lomas &#8211; Virreyes, Secc Lomas de Chapultepec III, Miguel Hidalgo, 11000 Ciudad de M\u00e9xico, CDMX Monterrey: Lic. Jos\u00e9 Ben\u00edtez, Obispado, 64060 Monterrey, Nuevo Le\u00f3n \u00a0 info@greening-group.com Contacta con nuestro equipo y cu\u00e9ntanos qu\u00e9 necesitas Linkedin Facebook Youtube Instagram X-twitter\" \/>\n<meta property=\"og:url\" content=\"https:\/\/www.greening-group.com\/me\/contacto\/\" \/>\n<meta property=\"og:site_name\" content=\"Greening\" \/>\n<meta property=\"article:modified_time\" content=\"2025-09-22T07:10:32+00:00\" \/>\n<meta property=\"og:image\" content=\"https:\/\/www.greening-group.com\/wp-content\/uploads\/2024\/08\/favicon.png\" \/>\n<meta name=\"twitter:card\" content=\"summary_large_image\" \/>\n<meta name=\"twitter:image\" content=\"https:\/\/www.greening-group.com\/wp-content\/uploads\/2024\/08\/favicon.png\" \/>\n<meta name=\"twitter:label1\" content=\"Est. reading time\" \/>\n\t<meta name=\"twitter:data1\" content=\"1 minute\" \/>\n<script type=\"application\/ld+json\" class=\"yoast-schema-graph\">{\"@context\":\"https:\/\/schema.org\",\"@graph\":[{\"@type\":\"WebPage\",\"@id\":\"https:\/\/www.greening-group.com\/me\/contacto\/\",\"url\":\"https:\/\/www.greening-group.com\/me\/contacto\/\",\"name\":\"Contacto - Greening\",\"isPartOf\":{\"@id\":\"https:\/\/www.greening-group.com\/me\/#website\"},\"primaryImageOfPage\":{\"@id\":\"https:\/\/www.greening-group.com\/me\/contacto\/#primaryimage\"},\"image\":{\"@id\":\"https:\/\/www.greening-group.com\/me\/contacto\/#primaryimage\"},\"thumbnailUrl\":\"https:\/\/www.greening-group.com\/wp-content\/uploads\/2024\/10\/contacto.webp\",\"datePublished\":\"2024-10-08T08:47:46+00:00\",\"dateModified\":\"2025-09-22T07:10:32+00:00\",\"inLanguage\":\"me-ME\",\"potentialAction\":[{\"@type\":\"ReadAction\",\"target\":[\"https:\/\/www.greening-group.com\/me\/contacto\/\"]}]},{\"@type\":\"ImageObject\",\"inLanguage\":\"me-ME\",\"@id\":\"https:\/\/www.greening-group.com\/me\/contacto\/#primaryimage\",\"url\":\"https:\/\/www.greening-group.com\/wp-content\/uploads\/2024\/10\/contacto.webp\",\"contentUrl\":\"https:\/\/www.greening-group.com\/wp-content\/uploads\/2024\/10\/contacto.webp\"},{\"@type\":\"WebSite\",\"@id\":\"https:\/\/www.greening-group.com\/me\/#website\",\"url\":\"https:\/\/www.greening-group.com\/me\/\",\"name\":\"Greening\",\"description\":\"Energ\u00eda renovable para una transici\u00f3n energ\u00e9tica global\",\"potentialAction\":[{\"@type\":\"SearchAction\",\"target\":{\"@type\":\"EntryPoint\",\"urlTemplate\":\"https:\/\/www.greening-group.com\/me\/?s={search_term_string}\"},\"query-input\":{\"@type\":\"PropertyValueSpecification\",\"valueRequired\":true,\"valueName\":\"search_term_string\"}}],\"inLanguage\":\"me-ME\"}]}<\/script>\n<!-- \/ Yoast SEO plugin. -->","yoast_head_json":{"title":"Contacto - Greening","robots":{"index":"index","follow":"follow","max-snippet":"max-snippet:-1","max-image-preview":"max-image-preview:large","max-video-preview":"max-video-preview:-1"},"canonical":"https:\/\/www.greening-group.com\/me\/contacto\/","og_locale":"en_US","og_type":"article","og_title":"Contacto - Greening","og_description":"Encu\u00e9ntranos CDMX: \u00a0C. Montes Urales , Lomas &#8211; Virreyes, Secc Lomas de Chapultepec III, Miguel Hidalgo, 11000 Ciudad de M\u00e9xico, CDMX Monterrey: Lic. Jos\u00e9 Ben\u00edtez, Obispado, 64060 Monterrey, Nuevo Le\u00f3n \u00a0 info@greening-group.com Contacta con nuestro equipo y cu\u00e9ntanos qu\u00e9 necesitas Linkedin Facebook Youtube Instagram X-twitter","og_url":"https:\/\/www.greening-group.com\/me\/contacto\/","og_site_name":"Greening","article_modified_time":"2025-09-22T07:10:32+00:00","og_image":[{"url":"https:\/\/www.greening-group.com\/wp-content\/uploads\/2024\/08\/favicon.png","type":"","width":"","height":""}],"twitter_card":"summary_large_image","twitter_image":"https:\/\/www.greening-group.com\/wp-content\/uploads\/2024\/08\/favicon.png","twitter_misc":{"Est. reading time":"1 minute"},"schema":{"@context":"https:\/\/schema.org","@graph":[{"@type":"WebPage","@id":"https:\/\/www.greening-group.com\/me\/contacto\/","url":"https:\/\/www.greening-group.com\/me\/contacto\/","name":"Contacto - Greening","isPartOf":{"@id":"https:\/\/www.greening-group.com\/me\/#website"},"primaryImageOfPage":{"@id":"https:\/\/www.greening-group.com\/me\/contacto\/#primaryimage"},"image":{"@id":"https:\/\/www.greening-group.com\/me\/contacto\/#primaryimage"},"thumbnailUrl":"https:\/\/www.greening-group.com\/wp-content\/uploads\/2024\/10\/contacto.webp","datePublished":"2024-10-08T08:47:46+00:00","dateModified":"2025-09-22T07:10:32+00:00","inLanguage":"me-ME","potentialAction":[{"@type":"ReadAction","target":["https:\/\/www.greening-group.com\/me\/contacto\/"]}]},{"@type":"ImageObject","inLanguage":"me-ME","@id":"https:\/\/www.greening-group.com\/me\/contacto\/#primaryimage","url":"https:\/\/www.greening-group.com\/wp-content\/uploads\/2024\/10\/contacto.webp","contentUrl":"https:\/\/www.greening-group.com\/wp-content\/uploads\/2024\/10\/contacto.webp"},{"@type":"WebSite","@id":"https:\/\/www.greening-group.com\/me\/#website","url":"https:\/\/www.greening-group.com\/me\/","name":"Greening","description":"Energ\u00eda renovable para una transici\u00f3n energ\u00e9tica global","potentialAction":[{"@type":"SearchAction","target":{"@type":"EntryPoint","urlTemplate":"https:\/\/www.greening-group.com\/me\/?s={search_term_string}"},"query-input":{"@type":"PropertyValueSpecification","valueRequired":true,"valueName":"search_term_string"}}],"inLanguage":"me-ME"}]}},"_links":{"self":[{"href":"https:\/\/www.greening-group.com\/me\/wp-json\/wp\/v2\/pages\/14743","targetHints":{"allow":["GET"]}}],"collection":[{"href":"https:\/\/www.greening-group.com\/me\/wp-json\/wp\/v2\/pages"}],"about":[{"href":"https:\/\/www.greening-group.com\/me\/wp-json\/wp\/v2\/types\/page"}],"author":[{"embeddable":true,"href":"https:\/\/www.greening-group.com\/me\/wp-json\/wp\/v2\/users\/3"}],"replies":[{"embeddable":true,"href":"https:\/\/www.greening-group.com\/me\/wp-json\/wp\/v2\/comments?post=14743"}],"version-history":[{"count":7,"href":"https:\/\/www.greening-group.com\/me\/wp-json\/wp\/v2\/pages\/14743\/revisions"}],"predecessor-version":[{"id":15182,"href":"https:\/\/www.greening-group.com\/me\/wp-json\/wp\/v2\/pages\/14743\/revisions\/15182"}],"wp:attachment":[{"href":"https:\/\/www.greening-group.com\/me\/wp-json\/wp\/v2\/media?parent=14743"}],"curies":[{"name":"wp","href":"https:\/\/api.w.org\/{rel}","templated":true}]}}