{"id":14864,"date":"2024-10-29T13:57:41","date_gmt":"2024-10-29T12:57:41","guid":{"rendered":"https:\/\/www.greening-group.com\/espacio-de-analistas\/"},"modified":"2025-09-18T16:41:08","modified_gmt":"2025-09-18T14:41:08","slug":"espacio-de-analistas","status":"publish","type":"page","link":"https:\/\/www.greening-group.com\/me\/espacio-de-analistas\/","title":{"rendered":"Espacio de analistas"},"content":{"rendered":"\t\t<div data-elementor-type=\"wp-page\" data-elementor-id=\"14864\" class=\"elementor elementor-14864 elementor-7943\" data-elementor-post-type=\"page\">\n\t\t\t\t<div class=\"elementor-element elementor-element-fe324fd e-flex e-con-boxed e-con e-parent\" data-id=\"fe324fd\" data-element_type=\"container\">\n\t\t\t\t\t<div class=\"e-con-inner\">\n\t\t<div class=\"elementor-element elementor-element-e4fe603 e-con-full e-flex e-con e-child\" data-id=\"e4fe603\" data-element_type=\"container\">\n\t\t\t\t<div class=\"elementor-element elementor-element-dc8b6d8 animated-slow elementor-invisible elementor-widget elementor-widget-image\" data-id=\"dc8b6d8\" data-element_type=\"widget\" data-settings=\"{&quot;_animation&quot;:&quot;fadeIn&quot;}\" data-widget_type=\"image.default\">\n\t\t\t\t<div class=\"elementor-widget-container\">\n\t\t\t\t\t\t\t\t\t\t\t\t\t\t\t<img loading=\"lazy\" decoding=\"async\" width=\"1980\" height=\"1320\" src=\"https:\/\/www.greening-group.com\/wp-content\/uploads\/2024\/09\/informacion-financiera.webp\" class=\"attachment-full size-full wp-image-14849\" alt=\"\" srcset=\"https:\/\/www.greening-group.com\/wp-content\/uploads\/2024\/09\/informacion-financiera.webp 1980w, https:\/\/www.greening-group.com\/wp-content\/uploads\/2024\/09\/informacion-financiera-300x200.webp 300w, https:\/\/www.greening-group.com\/wp-content\/uploads\/2024\/09\/informacion-financiera-1024x683.webp 1024w, https:\/\/www.greening-group.com\/wp-content\/uploads\/2024\/09\/informacion-financiera-768x512.webp 768w, https:\/\/www.greening-group.com\/wp-content\/uploads\/2024\/09\/informacion-financiera-1536x1024.webp 1536w\" sizes=\"auto, (max-width: 1980px) 100vw, 1980px\" \/>\t\t\t\t\t\t\t\t\t\t\t\t\t\t\t<\/div>\n\t\t\t\t<\/div>\n\t\t\t\t<\/div>\n\t\t<div class=\"elementor-element elementor-element-0508ee7 e-con-full e-flex e-con e-child\" data-id=\"0508ee7\" data-element_type=\"container\">\n\t\t\t\t<div class=\"elementor-element elementor-element-03ef4fb animated-slow elementor-widget__width-initial elementor-invisible elementor-widget elementor-widget-heading\" data-id=\"03ef4fb\" data-element_type=\"widget\" data-settings=\"{&quot;_animation&quot;:&quot;fadeInUp&quot;}\" data-widget_type=\"heading.default\">\n\t\t\t\t<div class=\"elementor-widget-container\">\n\t\t\t\t\t<h2 class=\"elementor-heading-title elementor-size-default\">Espacio de analistas<\/h2>\t\t\t\t<\/div>\n\t\t\t\t<\/div>\n\t\t\t\t<div class=\"elementor-element elementor-element-a4553b4 elementor-widget__width-auto elementor-mobile-align-left elementor-widget-mobile__width-initial elementor-align-center elementor-invisible elementor-widget elementor-widget-lottie\" data-id=\"a4553b4\" data-element_type=\"widget\" data-settings=\"{&quot;source_json&quot;:{&quot;url&quot;:&quot;https:\\\/\\\/www.greening-group.com\\\/wp-content\\\/uploads\\\/2024\\\/08\\\/Animation-1724832120120.json&quot;,&quot;id&quot;:42,&quot;size&quot;:&quot;&quot;,&quot;alt&quot;:&quot;&quot;,&quot;source&quot;:&quot;library&quot;},&quot;loop&quot;:&quot;yes&quot;,&quot;_animation&quot;:&quot;fadeInUp&quot;,&quot;_animation_delay&quot;:1300,&quot;source&quot;:&quot;media_file&quot;,&quot;caption_source&quot;:&quot;none&quot;,&quot;link_to&quot;:&quot;none&quot;,&quot;trigger&quot;:&quot;arriving_to_viewport&quot;,&quot;viewport&quot;:{&quot;unit&quot;:&quot;%&quot;,&quot;size&quot;:&quot;&quot;,&quot;sizes&quot;:{&quot;start&quot;:0,&quot;end&quot;:100}},&quot;play_speed&quot;:{&quot;unit&quot;:&quot;px&quot;,&quot;size&quot;:1,&quot;sizes&quot;:[]},&quot;start_point&quot;:{&quot;unit&quot;:&quot;%&quot;,&quot;size&quot;:0,&quot;sizes&quot;:[]},&quot;end_point&quot;:{&quot;unit&quot;:&quot;%&quot;,&quot;size&quot;:100,&quot;sizes&quot;:[]},&quot;renderer&quot;:&quot;svg&quot;}\" data-widget_type=\"lottie.default\">\n\t\t\t\t<div class=\"elementor-widget-container\">\n\t\t\t\t\t<div class=\"e-lottie__container\"><div class=\"e-lottie__animation\"><\/div><\/div>\t\t\t\t<\/div>\n\t\t\t\t<\/div>\n\t\t\t\t<\/div>\n\t\t\t\t\t<\/div>\n\t\t\t\t<\/div>\n\t\t<div class=\"elementor-element elementor-element-7b0f220 e-flex e-con-boxed e-con e-parent\" data-id=\"7b0f220\" data-element_type=\"container\" data-settings=\"{&quot;background_background&quot;:&quot;classic&quot;}\">\n\t\t\t\t\t<div class=\"e-con-inner\">\n\t\t\t\t<div class=\"elementor-element elementor-element-9e97660 elementor-absolute elementor-widget elementor-widget-image\" data-id=\"9e97660\" data-element_type=\"widget\" data-settings=\"{&quot;_position&quot;:&quot;absolute&quot;,&quot;motion_fx_motion_fx_scrolling&quot;:&quot;yes&quot;,&quot;motion_fx_translateY_effect&quot;:&quot;yes&quot;,&quot;motion_fx_translateY_direction&quot;:&quot;negative&quot;,&quot;motion_fx_translateY_speed&quot;:{&quot;unit&quot;:&quot;px&quot;,&quot;size&quot;:4,&quot;sizes&quot;:[]},&quot;motion_fx_translateY_affectedRange&quot;:{&quot;unit&quot;:&quot;%&quot;,&quot;size&quot;:&quot;&quot;,&quot;sizes&quot;:{&quot;start&quot;:0,&quot;end&quot;:100}},&quot;motion_fx_devices&quot;:[&quot;desktop&quot;,&quot;tablet&quot;,&quot;mobile&quot;]}\" data-widget_type=\"image.default\">\n\t\t\t\t<div class=\"elementor-widget-container\">\n\t\t\t\t\t\t\t\t\t\t\t\t\t\t\t<img loading=\"lazy\" decoding=\"async\" width=\"800\" height=\"799\" src=\"https:\/\/www.greening-group.com\/wp-content\/uploads\/2024\/08\/mundo.png\" class=\"attachment-large size-large wp-image-14536\" alt=\"\" srcset=\"https:\/\/www.greening-group.com\/wp-content\/uploads\/2024\/08\/mundo.png 912w, https:\/\/www.greening-group.com\/wp-content\/uploads\/2024\/08\/mundo-300x300.png 300w, https:\/\/www.greening-group.com\/wp-content\/uploads\/2024\/08\/mundo-150x150.png 150w, https:\/\/www.greening-group.com\/wp-content\/uploads\/2024\/08\/mundo-768x767.png 768w\" sizes=\"auto, (max-width: 800px) 100vw, 800px\" \/>\t\t\t\t\t\t\t\t\t\t\t\t\t\t\t<\/div>\n\t\t\t\t<\/div>\n\t\t\t\t\t<\/div>\n\t\t\t\t<\/div>\n\t\t<div class=\"elementor-element elementor-element-63ed2ab e-flex e-con-boxed e-con e-parent\" data-id=\"63ed2ab\" data-element_type=\"container\">\n\t\t\t\t\t<div class=\"e-con-inner\">\n\t\t\t\t<div class=\"elementor-element elementor-element-bfa5828 elementor-widget elementor-widget-text-editor\" data-id=\"bfa5828\" data-element_type=\"widget\" data-widget_type=\"text-editor.default\">\n\t\t\t\t<div class=\"elementor-widget-container\">\n\t\t\t\t\t\t\t\t\t<table width=\"100%\"><thead><tr><th align=\"left\">Fecha<\/th><th align=\"left\">Casa An\u00e1lisis<\/th><th align=\"left\">T\u00edtulo<\/th><th align=\"left\">Recomendaci\u00f3n<\/th><th align=\"left\">Precio Objetivo<\/th><th align=\"left\">Documento<\/th><\/tr><\/thead><tbody><tr><td align=\"left\">30-11-2024<\/td><td align=\"left\">Renta 4<\/td><td align=\"left\">Resultados 1S24<\/td><td align=\"left\">Sobreponderar<\/td><td align=\"left\">8,50 \u20ac<\/td><td align=\"left\"><span style=\"color: #6bbbae;\"><a style=\"color: #6bbbae;\" href=\"https:\/\/www.greening-group.com\/Inversores\/20241107_greening_pi.pdf\" target=\"_blank\" rel=\"noopener\"><strong>Descargar<\/strong><\/a><\/span><\/td><\/tr><tr><td align=\"left\">04-11-2024<\/td><td align=\"left\">Sabadell<\/td><td align=\"left\">Mensajes de la conference call<\/td><td align=\"left\"> <\/td><td align=\"left\">6.03 \u2013 9.07<\/td><td align=\"left\"><span style=\"color: #6bbbae;\"><a style=\"color: #6bbbae;\" href=\"https:\/\/www.greening-group.com\/Inversores\/GGR_MENSAJES%20CONFERENCE%20CALL%20RDOS%201S24.pdf\" target=\"_blank\" rel=\"noopener\"><strong>Descargar<\/strong><\/a><\/span><\/td><\/tr><tr><td align=\"left\">30-10-2024<\/td><td align=\"left\">Sabadell<\/td><td align=\"left\">Resultados 1S 24<\/td><td align=\"left\"> <\/td><td align=\"left\">6.03 \u2013 9.07<\/td><td align=\"left\"><span style=\"color: #6bbbae;\"><a style=\"color: #6bbbae;\" href=\"https:\/\/www.greening-group.com\/Inversores\/GGR%20Rdos%201S24.pdf\" target=\"_blank\" rel=\"noopener\"><strong>Descargar<\/strong><\/a><\/span><\/td><\/tr><tr><td align=\"left\">03-06-2024<\/td><td align=\"left\">Renta 4<\/td><td align=\"left\">Plan Estrat\u00e9gico 24\/26<\/td><td align=\"left\">Sobreponderar<\/td><td align=\"left\">8,50 \u20ac<\/td><td align=\"left\"><span style=\"color: #6bbbae;\"><a style=\"color: #6bbbae;\" href=\"https:\/\/www.greening-group.com\/wp-content\/uploads\/2024\/06\/Greening-Actualizacion-Plan-Estrategico-Mayo24.pdf\" target=\"_blank\" rel=\"noopener\"><strong>Descargar<\/strong><\/a><\/span><\/td><\/tr><tr><td align=\"left\">15-05-2024<\/td><td align=\"left\">Banco Sabadell<\/td><td align=\"left\">Plan Estrat\u00e9gico 24\/26<\/td><td align=\"left\">N\/A<\/td><td align=\"left\">Bajo revisi\u00f3n<\/td><td align=\"left\"><span style=\"color: #6bbbae;\"><a style=\"color: #6bbbae;\" href=\"https:\/\/www.greening-group.com\/wp-content\/uploads\/2024\/06\/GGR_Actualizacion-PE-24-26.pdf\" target=\"_blank\" rel=\"noopener\"><strong>Descargar<\/strong><\/a><\/span><\/td><\/tr><tr><td align=\"left\">22-04-2024<\/td><td align=\"left\">Banco Sabadell<\/td><td align=\"left\">Resultados FY 2023<\/td><td align=\"left\">N\/A<\/td><td align=\"left\">4,96 \u20ac \u2013 8,50 \u20ac<\/td><td align=\"left\"><span style=\"color: #6bbbae;\"><a style=\"color: #6bbbae;\" href=\"https:\/\/www.greening-group.com\/wp-content\/uploads\/2024\/06\/GGR_MENSAJES_CONFERENCE_CALL_RDOS_2023-1.pdf\" target=\"_blank\" rel=\"noopener\"><strong>Descargar<\/strong><\/a><\/span><\/td><\/tr><\/tbody><\/table>\t\t\t\t\t\t\t\t<\/div>\n\t\t\t\t<\/div>\n\t\t\t\t\t<\/div>\n\t\t\t\t<\/div>\n\t\t\t\t<\/div>\n\t\t","protected":false},"excerpt":{"rendered":"<p>Espacio de analistas Fecha Casa An\u00e1lisis T\u00edtulo Recomendaci\u00f3n Precio Objetivo Documento 30-11-2024 Renta 4 Resultados 1S24 Sobreponderar 8,50 \u20ac Descargar 04-11-2024 Sabadell Mensajes de la conference call 6.03 \u2013 9.07 Descargar 30-10-2024 Sabadell Resultados 1S 24 6.03 \u2013 9.07 Descargar 03-06-2024 Renta 4 Plan Estrat\u00e9gico 24\/26 Sobreponderar 8,50 \u20ac Descargar 15-05-2024 Banco Sabadell Plan Estrat\u00e9gico [&hellip;]<\/p>\n","protected":false},"author":3,"featured_media":0,"parent":0,"menu_order":0,"comment_status":"closed","ping_status":"closed","template":"elementor_header_footer","meta":{"_acf_changed":false,"footnotes":""},"class_list":["post-14864","page","type-page","status-publish","hentry"],"acf":[],"yoast_head":"<!-- This site is optimized with the Yoast SEO plugin v26.0 - https:\/\/yoast.com\/wordpress\/plugins\/seo\/ -->\n<title>Espacio de analistas - Greening<\/title>\n<meta name=\"robots\" content=\"index, follow, max-snippet:-1, max-image-preview:large, max-video-preview:-1\" \/>\n<link rel=\"canonical\" href=\"https:\/\/www.greening-group.com\/me\/espacio-de-analistas\/\" \/>\n<meta property=\"og:locale\" content=\"en_US\" \/>\n<meta property=\"og:type\" content=\"article\" \/>\n<meta property=\"og:title\" content=\"Espacio de analistas - Greening\" \/>\n<meta property=\"og:description\" content=\"Espacio de analistas Fecha Casa An\u00e1lisis T\u00edtulo Recomendaci\u00f3n Precio Objetivo Documento 30-11-2024 Renta 4 Resultados 1S24 Sobreponderar 8,50 \u20ac Descargar 04-11-2024 Sabadell Mensajes de la conference call 6.03 \u2013 9.07 Descargar 30-10-2024 Sabadell Resultados 1S 24 6.03 \u2013 9.07 Descargar 03-06-2024 Renta 4 Plan Estrat\u00e9gico 24\/26 Sobreponderar 8,50 \u20ac Descargar 15-05-2024 Banco Sabadell Plan Estrat\u00e9gico [&hellip;]\" \/>\n<meta property=\"og:url\" content=\"https:\/\/www.greening-group.com\/me\/espacio-de-analistas\/\" \/>\n<meta property=\"og:site_name\" content=\"Greening\" \/>\n<meta property=\"article:modified_time\" content=\"2025-09-18T14:41:08+00:00\" \/>\n<meta property=\"og:image\" content=\"https:\/\/www.greening-group.com\/wp-content\/uploads\/2024\/08\/favicon.png\" \/>\n<meta name=\"twitter:card\" content=\"summary_large_image\" \/>\n<meta name=\"twitter:image\" content=\"https:\/\/www.greening-group.com\/wp-content\/uploads\/2024\/08\/favicon.png\" \/>\n<script type=\"application\/ld+json\" class=\"yoast-schema-graph\">{\"@context\":\"https:\/\/schema.org\",\"@graph\":[{\"@type\":\"WebPage\",\"@id\":\"https:\/\/www.greening-group.com\/me\/espacio-de-analistas\/\",\"url\":\"https:\/\/www.greening-group.com\/me\/espacio-de-analistas\/\",\"name\":\"Espacio de analistas - Greening\",\"isPartOf\":{\"@id\":\"https:\/\/www.greening-group.com\/me\/#website\"},\"primaryImageOfPage\":{\"@id\":\"https:\/\/www.greening-group.com\/me\/espacio-de-analistas\/#primaryimage\"},\"image\":{\"@id\":\"https:\/\/www.greening-group.com\/me\/espacio-de-analistas\/#primaryimage\"},\"thumbnailUrl\":\"https:\/\/www.greening-group.com\/wp-content\/uploads\/2024\/09\/informacion-financiera.webp\",\"datePublished\":\"2024-10-29T12:57:41+00:00\",\"dateModified\":\"2025-09-18T14:41:08+00:00\",\"inLanguage\":\"me-ME\",\"potentialAction\":[{\"@type\":\"ReadAction\",\"target\":[\"https:\/\/www.greening-group.com\/me\/espacio-de-analistas\/\"]}]},{\"@type\":\"ImageObject\",\"inLanguage\":\"me-ME\",\"@id\":\"https:\/\/www.greening-group.com\/me\/espacio-de-analistas\/#primaryimage\",\"url\":\"https:\/\/www.greening-group.com\/wp-content\/uploads\/2024\/09\/informacion-financiera.webp\",\"contentUrl\":\"https:\/\/www.greening-group.com\/wp-content\/uploads\/2024\/09\/informacion-financiera.webp\"},{\"@type\":\"WebSite\",\"@id\":\"https:\/\/www.greening-group.com\/me\/#website\",\"url\":\"https:\/\/www.greening-group.com\/me\/\",\"name\":\"Greening\",\"description\":\"Energ\u00eda renovable para una transici\u00f3n energ\u00e9tica global\",\"potentialAction\":[{\"@type\":\"SearchAction\",\"target\":{\"@type\":\"EntryPoint\",\"urlTemplate\":\"https:\/\/www.greening-group.com\/me\/?s={search_term_string}\"},\"query-input\":{\"@type\":\"PropertyValueSpecification\",\"valueRequired\":true,\"valueName\":\"search_term_string\"}}],\"inLanguage\":\"me-ME\"}]}<\/script>\n<!-- \/ Yoast SEO plugin. -->","yoast_head_json":{"title":"Espacio de analistas - Greening","robots":{"index":"index","follow":"follow","max-snippet":"max-snippet:-1","max-image-preview":"max-image-preview:large","max-video-preview":"max-video-preview:-1"},"canonical":"https:\/\/www.greening-group.com\/me\/espacio-de-analistas\/","og_locale":"en_US","og_type":"article","og_title":"Espacio de analistas - Greening","og_description":"Espacio de analistas Fecha Casa An\u00e1lisis T\u00edtulo Recomendaci\u00f3n Precio Objetivo Documento 30-11-2024 Renta 4 Resultados 1S24 Sobreponderar 8,50 \u20ac Descargar 04-11-2024 Sabadell Mensajes de la conference call 6.03 \u2013 9.07 Descargar 30-10-2024 Sabadell Resultados 1S 24 6.03 \u2013 9.07 Descargar 03-06-2024 Renta 4 Plan Estrat\u00e9gico 24\/26 Sobreponderar 8,50 \u20ac Descargar 15-05-2024 Banco Sabadell Plan Estrat\u00e9gico [&hellip;]","og_url":"https:\/\/www.greening-group.com\/me\/espacio-de-analistas\/","og_site_name":"Greening","article_modified_time":"2025-09-18T14:41:08+00:00","og_image":[{"url":"https:\/\/www.greening-group.com\/wp-content\/uploads\/2024\/08\/favicon.png","type":"","width":"","height":""}],"twitter_card":"summary_large_image","twitter_image":"https:\/\/www.greening-group.com\/wp-content\/uploads\/2024\/08\/favicon.png","schema":{"@context":"https:\/\/schema.org","@graph":[{"@type":"WebPage","@id":"https:\/\/www.greening-group.com\/me\/espacio-de-analistas\/","url":"https:\/\/www.greening-group.com\/me\/espacio-de-analistas\/","name":"Espacio de analistas - Greening","isPartOf":{"@id":"https:\/\/www.greening-group.com\/me\/#website"},"primaryImageOfPage":{"@id":"https:\/\/www.greening-group.com\/me\/espacio-de-analistas\/#primaryimage"},"image":{"@id":"https:\/\/www.greening-group.com\/me\/espacio-de-analistas\/#primaryimage"},"thumbnailUrl":"https:\/\/www.greening-group.com\/wp-content\/uploads\/2024\/09\/informacion-financiera.webp","datePublished":"2024-10-29T12:57:41+00:00","dateModified":"2025-09-18T14:41:08+00:00","inLanguage":"me-ME","potentialAction":[{"@type":"ReadAction","target":["https:\/\/www.greening-group.com\/me\/espacio-de-analistas\/"]}]},{"@type":"ImageObject","inLanguage":"me-ME","@id":"https:\/\/www.greening-group.com\/me\/espacio-de-analistas\/#primaryimage","url":"https:\/\/www.greening-group.com\/wp-content\/uploads\/2024\/09\/informacion-financiera.webp","contentUrl":"https:\/\/www.greening-group.com\/wp-content\/uploads\/2024\/09\/informacion-financiera.webp"},{"@type":"WebSite","@id":"https:\/\/www.greening-group.com\/me\/#website","url":"https:\/\/www.greening-group.com\/me\/","name":"Greening","description":"Energ\u00eda renovable para una transici\u00f3n energ\u00e9tica global","potentialAction":[{"@type":"SearchAction","target":{"@type":"EntryPoint","urlTemplate":"https:\/\/www.greening-group.com\/me\/?s={search_term_string}"},"query-input":{"@type":"PropertyValueSpecification","valueRequired":true,"valueName":"search_term_string"}}],"inLanguage":"me-ME"}]}},"_links":{"self":[{"href":"https:\/\/www.greening-group.com\/me\/wp-json\/wp\/v2\/pages\/14864","targetHints":{"allow":["GET"]}}],"collection":[{"href":"https:\/\/www.greening-group.com\/me\/wp-json\/wp\/v2\/pages"}],"about":[{"href":"https:\/\/www.greening-group.com\/me\/wp-json\/wp\/v2\/types\/page"}],"author":[{"embeddable":true,"href":"https:\/\/www.greening-group.com\/me\/wp-json\/wp\/v2\/users\/3"}],"replies":[{"embeddable":true,"href":"https:\/\/www.greening-group.com\/me\/wp-json\/wp\/v2\/comments?post=14864"}],"version-history":[{"count":1,"href":"https:\/\/www.greening-group.com\/me\/wp-json\/wp\/v2\/pages\/14864\/revisions"}],"predecessor-version":[{"id":14865,"href":"https:\/\/www.greening-group.com\/me\/wp-json\/wp\/v2\/pages\/14864\/revisions\/14865"}],"wp:attachment":[{"href":"https:\/\/www.greening-group.com\/me\/wp-json\/wp\/v2\/media?parent=14864"}],"curies":[{"name":"wp","href":"https:\/\/api.w.org\/{rel}","templated":true}]}}