{"id":14977,"date":"2024-09-13T11:43:23","date_gmt":"2024-09-13T09:43:23","guid":{"rendered":"https:\/\/www.greening-group.com\/etica\/"},"modified":"2026-01-15T11:37:53","modified_gmt":"2026-01-15T10:37:53","slug":"etica","status":"publish","type":"page","link":"https:\/\/www.greening-group.com\/me\/sobre-nosotros\/etica\/","title":{"rendered":"C\u00f3digo \u00c9tico y de Conducta"},"content":{"rendered":"\t\t<div data-elementor-type=\"wp-page\" data-elementor-id=\"14977\" class=\"elementor elementor-14977 elementor-2612\" data-elementor-post-type=\"page\">\n\t\t\t\t<div class=\"elementor-element elementor-element-c40922f e-flex e-con-boxed e-con e-parent\" data-id=\"c40922f\" data-element_type=\"container\" data-settings=\"{&quot;background_background&quot;:&quot;classic&quot;}\">\n\t\t\t\t\t<div class=\"e-con-inner\">\n\t\t\t\t\t<\/div>\n\t\t\t\t<\/div>\n\t\t<div class=\"elementor-element elementor-element-5502110 e-flex e-con-boxed e-con e-parent\" data-id=\"5502110\" data-element_type=\"container\">\n\t\t\t\t\t<div class=\"e-con-inner\">\n\t\t\t\t<div class=\"elementor-element elementor-element-c6da735 elementor-invisible elementor-widget elementor-widget-heading\" data-id=\"c6da735\" data-element_type=\"widget\" data-settings=\"{&quot;_animation&quot;:&quot;fadeInUp&quot;}\" data-widget_type=\"heading.default\">\n\t\t\t\t<div class=\"elementor-widget-container\">\n\t\t\t\t\t<h2 class=\"elementor-heading-title elementor-size-default\">C\u00f3digo \u00c9tico y de Conducta<\/h2>\t\t\t\t<\/div>\n\t\t\t\t<\/div>\n\t\t\t\t<div class=\"elementor-element elementor-element-e1c2403 elementor-invisible elementor-widget elementor-widget-text-editor\" data-id=\"e1c2403\" data-element_type=\"widget\" data-settings=\"{&quot;_animation&quot;:&quot;fadeIn&quot;}\" data-widget_type=\"text-editor.default\">\n\t\t\t\t<div class=\"elementor-widget-container\">\n\t\t\t\t\t\t\t\t\t<p>El Consejo de Administraci\u00f3n de <strong>Grupo Greening ha aprobado el <span style=\"text-decoration: underline;\"><span style=\"color: #6bbbae; text-decoration: underline;\"><a style=\"color: #6bbbae; text-decoration: underline;\" href=\"https:\/\/www.greening-group.com\/wp-content\/uploads\/2025\/11\/ff-ed681f3ba6552f7ea62d172073a5294e-ff-Codigo-Etico-y-de-Conducta.pdf\" target=\"_blank\" rel=\"noopener\">C\u00f3digo \u00c9tico y de Conducta<\/a>,<\/span><\/span><\/strong> con el objetivo de que las relaciones del Grupo, a todos sus niveles, tanto internas como externas, est\u00e9n guiadas por los m\u00e1s estrictos principios \u00e9ticos y por los valores del Grupo Greening. <strong>El C\u00f3digo \u00c9tico y de Conducta recoge los compromisos y pautas de conducta que deben seguirse por Grupo Greening<\/strong>, por todas las sociedades y personas que lo integran (entre otros, sus empleados, directivos y\/o administradores) as\u00ed como aquellas otras que colaboran y\/o tienen relaciones, de cualquier \u00edndole, con el Grupo (con car\u00e1cter no limitativo, sus clientes, proveedores, socios de negocio, terceros y\/o cualesquiera otros colaboradores que presten servicios al Grupo y\/o con los que se tengan relaciones comerciales y\/o de naturaleza an\u00e1loga).<\/p>\t\t\t\t\t\t\t\t<\/div>\n\t\t\t\t<\/div>\n\t\t\t\t\t<\/div>\n\t\t\t\t<\/div>\n\t\t\t\t<\/div>\n\t\t","protected":false},"excerpt":{"rendered":"<p>C\u00f3digo \u00c9tico y de Conducta El Consejo de Administraci\u00f3n de Grupo Greening ha aprobado el C\u00f3digo \u00c9tico y de Conducta, con el objetivo de que las relaciones del Grupo, a todos sus niveles, tanto internas como externas, est\u00e9n guiadas por los m\u00e1s estrictos principios \u00e9ticos y por los valores del Grupo Greening. El C\u00f3digo \u00c9tico [&hellip;]<\/p>\n","protected":false},"author":3,"featured_media":0,"parent":15035,"menu_order":0,"comment_status":"closed","ping_status":"closed","template":"elementor_header_footer","meta":{"_acf_changed":false,"footnotes":""},"class_list":["post-14977","page","type-page","status-publish","hentry"],"acf":[],"yoast_head":"<!-- This site is optimized with the Yoast SEO plugin v26.0 - https:\/\/yoast.com\/wordpress\/plugins\/seo\/ -->\n<title>C\u00f3digo \u00c9tico y de Conducta - Greening<\/title>\n<meta name=\"robots\" content=\"index, follow, max-snippet:-1, max-image-preview:large, max-video-preview:-1\" \/>\n<link rel=\"canonical\" href=\"https:\/\/www.greening-group.com\/me\/sobre-nosotros\/etica\/\" \/>\n<meta property=\"og:locale\" content=\"en_US\" \/>\n<meta property=\"og:type\" content=\"article\" \/>\n<meta property=\"og:title\" content=\"C\u00f3digo \u00c9tico y de Conducta - Greening\" \/>\n<meta property=\"og:description\" content=\"C\u00f3digo \u00c9tico y de Conducta El Consejo de Administraci\u00f3n de Grupo Greening ha aprobado el C\u00f3digo \u00c9tico y de Conducta, con el objetivo de que las relaciones del Grupo, a todos sus niveles, tanto internas como externas, est\u00e9n guiadas por los m\u00e1s estrictos principios \u00e9ticos y por los valores del Grupo Greening. El C\u00f3digo \u00c9tico [&hellip;]\" \/>\n<meta property=\"og:url\" content=\"https:\/\/www.greening-group.com\/me\/sobre-nosotros\/etica\/\" \/>\n<meta property=\"og:site_name\" content=\"Greening\" \/>\n<meta property=\"article:modified_time\" content=\"2026-01-15T10:37:53+00:00\" \/>\n<meta name=\"twitter:card\" content=\"summary_large_image\" \/>\n<meta name=\"twitter:image\" content=\"https:\/\/www.greening-group.com\/wp-content\/uploads\/2024\/08\/favicon.png\" \/>\n<meta name=\"twitter:label1\" content=\"Est. reading time\" \/>\n\t<meta name=\"twitter:data1\" content=\"1 minute\" \/>\n<script type=\"application\/ld+json\" class=\"yoast-schema-graph\">{\"@context\":\"https:\/\/schema.org\",\"@graph\":[{\"@type\":\"WebPage\",\"@id\":\"https:\/\/www.greening-group.com\/me\/sobre-nosotros\/etica\/\",\"url\":\"https:\/\/www.greening-group.com\/me\/sobre-nosotros\/etica\/\",\"name\":\"C\u00f3digo \u00c9tico y de Conducta - Greening\",\"isPartOf\":{\"@id\":\"https:\/\/www.greening-group.com\/me\/#website\"},\"datePublished\":\"2024-09-13T09:43:23+00:00\",\"dateModified\":\"2026-01-15T10:37:53+00:00\",\"breadcrumb\":{\"@id\":\"https:\/\/www.greening-group.com\/me\/sobre-nosotros\/etica\/#breadcrumb\"},\"inLanguage\":\"me-ME\",\"potentialAction\":[{\"@type\":\"ReadAction\",\"target\":[\"https:\/\/www.greening-group.com\/me\/sobre-nosotros\/etica\/\"]}]},{\"@type\":\"BreadcrumbList\",\"@id\":\"https:\/\/www.greening-group.com\/me\/sobre-nosotros\/etica\/#breadcrumb\",\"itemListElement\":[{\"@type\":\"ListItem\",\"position\":1,\"name\":\"Sobre nosotros\",\"item\":\"https:\/\/www.greening-group.com\/me\/sobre-nosotros\/\"},{\"@type\":\"ListItem\",\"position\":2,\"name\":\"C\u00f3digo \u00c9tico y de Conducta\"}]},{\"@type\":\"WebSite\",\"@id\":\"https:\/\/www.greening-group.com\/me\/#website\",\"url\":\"https:\/\/www.greening-group.com\/me\/\",\"name\":\"Greening\",\"description\":\"Energ\u00eda renovable para una transici\u00f3n energ\u00e9tica global\",\"potentialAction\":[{\"@type\":\"SearchAction\",\"target\":{\"@type\":\"EntryPoint\",\"urlTemplate\":\"https:\/\/www.greening-group.com\/me\/?s={search_term_string}\"},\"query-input\":{\"@type\":\"PropertyValueSpecification\",\"valueRequired\":true,\"valueName\":\"search_term_string\"}}],\"inLanguage\":\"me-ME\"}]}<\/script>\n<!-- \/ Yoast SEO plugin. -->","yoast_head_json":{"title":"C\u00f3digo \u00c9tico y de Conducta - Greening","robots":{"index":"index","follow":"follow","max-snippet":"max-snippet:-1","max-image-preview":"max-image-preview:large","max-video-preview":"max-video-preview:-1"},"canonical":"https:\/\/www.greening-group.com\/me\/sobre-nosotros\/etica\/","og_locale":"en_US","og_type":"article","og_title":"C\u00f3digo \u00c9tico y de Conducta - Greening","og_description":"C\u00f3digo \u00c9tico y de Conducta El Consejo de Administraci\u00f3n de Grupo Greening ha aprobado el C\u00f3digo \u00c9tico y de Conducta, con el objetivo de que las relaciones del Grupo, a todos sus niveles, tanto internas como externas, est\u00e9n guiadas por los m\u00e1s estrictos principios \u00e9ticos y por los valores del Grupo Greening. El C\u00f3digo \u00c9tico [&hellip;]","og_url":"https:\/\/www.greening-group.com\/me\/sobre-nosotros\/etica\/","og_site_name":"Greening","article_modified_time":"2026-01-15T10:37:53+00:00","twitter_card":"summary_large_image","twitter_image":"https:\/\/www.greening-group.com\/wp-content\/uploads\/2024\/08\/favicon.png","twitter_misc":{"Est. reading time":"1 minute"},"schema":{"@context":"https:\/\/schema.org","@graph":[{"@type":"WebPage","@id":"https:\/\/www.greening-group.com\/me\/sobre-nosotros\/etica\/","url":"https:\/\/www.greening-group.com\/me\/sobre-nosotros\/etica\/","name":"C\u00f3digo \u00c9tico y de Conducta - Greening","isPartOf":{"@id":"https:\/\/www.greening-group.com\/me\/#website"},"datePublished":"2024-09-13T09:43:23+00:00","dateModified":"2026-01-15T10:37:53+00:00","breadcrumb":{"@id":"https:\/\/www.greening-group.com\/me\/sobre-nosotros\/etica\/#breadcrumb"},"inLanguage":"me-ME","potentialAction":[{"@type":"ReadAction","target":["https:\/\/www.greening-group.com\/me\/sobre-nosotros\/etica\/"]}]},{"@type":"BreadcrumbList","@id":"https:\/\/www.greening-group.com\/me\/sobre-nosotros\/etica\/#breadcrumb","itemListElement":[{"@type":"ListItem","position":1,"name":"Sobre nosotros","item":"https:\/\/www.greening-group.com\/me\/sobre-nosotros\/"},{"@type":"ListItem","position":2,"name":"C\u00f3digo \u00c9tico y de Conducta"}]},{"@type":"WebSite","@id":"https:\/\/www.greening-group.com\/me\/#website","url":"https:\/\/www.greening-group.com\/me\/","name":"Greening","description":"Energ\u00eda renovable para una transici\u00f3n energ\u00e9tica global","potentialAction":[{"@type":"SearchAction","target":{"@type":"EntryPoint","urlTemplate":"https:\/\/www.greening-group.com\/me\/?s={search_term_string}"},"query-input":{"@type":"PropertyValueSpecification","valueRequired":true,"valueName":"search_term_string"}}],"inLanguage":"me-ME"}]}},"_links":{"self":[{"href":"https:\/\/www.greening-group.com\/me\/wp-json\/wp\/v2\/pages\/14977","targetHints":{"allow":["GET"]}}],"collection":[{"href":"https:\/\/www.greening-group.com\/me\/wp-json\/wp\/v2\/pages"}],"about":[{"href":"https:\/\/www.greening-group.com\/me\/wp-json\/wp\/v2\/types\/page"}],"author":[{"embeddable":true,"href":"https:\/\/www.greening-group.com\/me\/wp-json\/wp\/v2\/users\/3"}],"replies":[{"embeddable":true,"href":"https:\/\/www.greening-group.com\/me\/wp-json\/wp\/v2\/comments?post=14977"}],"version-history":[{"count":5,"href":"https:\/\/www.greening-group.com\/me\/wp-json\/wp\/v2\/pages\/14977\/revisions"}],"predecessor-version":[{"id":17463,"href":"https:\/\/www.greening-group.com\/me\/wp-json\/wp\/v2\/pages\/14977\/revisions\/17463"}],"up":[{"embeddable":true,"href":"https:\/\/www.greening-group.com\/me\/wp-json\/wp\/v2\/pages\/15035"}],"wp:attachment":[{"href":"https:\/\/www.greening-group.com\/me\/wp-json\/wp\/v2\/media?parent=14977"}],"curies":[{"name":"wp","href":"https:\/\/api.w.org\/{rel}","templated":true}]}}