{"id":14980,"date":"2024-09-13T11:44:56","date_gmt":"2024-09-13T09:44:56","guid":{"rendered":"https:\/\/www.greening-group.com\/canal-denuncias\/"},"modified":"2025-12-02T09:53:11","modified_gmt":"2025-12-02T08:53:11","slug":"canal-denuncias","status":"publish","type":"page","link":"https:\/\/www.greening-group.com\/me\/sobre-nosotros\/canal-denuncias\/","title":{"rendered":"Canal denuncias"},"content":{"rendered":"\t\t<div data-elementor-type=\"wp-page\" data-elementor-id=\"14980\" class=\"elementor elementor-14980 elementor-2614\" data-elementor-post-type=\"page\">\n\t\t\t\t<div class=\"elementor-element elementor-element-17c00c7 e-flex e-con-boxed e-con e-parent\" data-id=\"17c00c7\" data-element_type=\"container\" data-settings=\"{&quot;background_background&quot;:&quot;classic&quot;}\">\n\t\t\t\t\t<div class=\"e-con-inner\">\n\t\t\t\t\t<\/div>\n\t\t\t\t<\/div>\n\t\t<div class=\"elementor-element elementor-element-f0ab4bf e-flex e-con-boxed e-con e-parent\" data-id=\"f0ab4bf\" data-element_type=\"container\">\n\t\t\t\t\t<div class=\"e-con-inner\">\n\t\t\t\t<div class=\"elementor-element elementor-element-d293404 elementor-invisible elementor-widget elementor-widget-heading\" data-id=\"d293404\" data-element_type=\"widget\" data-settings=\"{&quot;_animation&quot;:&quot;fadeInUp&quot;}\" data-widget_type=\"heading.default\">\n\t\t\t\t<div class=\"elementor-widget-container\">\n\t\t\t\t\t<h2 class=\"elementor-heading-title elementor-size-default\">Canal denuncia<\/h2>\t\t\t\t<\/div>\n\t\t\t\t<\/div>\n\t\t\t\t<div class=\"elementor-element elementor-element-bd86b85 elementor-invisible elementor-widget elementor-widget-text-editor\" data-id=\"bd86b85\" data-element_type=\"widget\" data-settings=\"{&quot;_animation&quot;:&quot;fadeIn&quot;}\" data-widget_type=\"text-editor.default\">\n\t\t\t\t<div class=\"elementor-widget-container\">\n\t\t\t\t\t\t\t\t\t<p>Greening pone a disposici\u00f3n el presente <span style=\"text-decoration: underline;\"><strong><a href=\"https:\/\/whistleblowersoftware.com\/secure\/CanalDenunciasGreeningGroup\" target=\"_blank\" rel=\"noopener noreferrer\"><span style=\"color: #6bbbae; text-decoration: underline;\">Canal de Denuncias<\/span><\/a><\/strong><\/span> de todas las personas que integran el Grupo, (entre otros, sus empleados, directivos, administradores y las personas vinculadas a \u00e9stos) as\u00ed como aquellas otras que colaboran y\/o tienen relaciones, de cualquier \u00edndole, con el Grupo (con car\u00e1cter no limitativo, sus clientes, proveedores, socios de negocio, terceros y\/o cualesquiera otros colaboradores que presten servicios al Grupo y\/o con los que se tengan relaciones comerciales y\/o de naturaleza an\u00e1loga), y en general de todas aquellas que puedan tener conocimiento de cualquier acci\u00f3n u omisi\u00f3n que conlleve una irregularidad, ilegalidad o que vaya en contra del marco legal vigente, del <span style=\"text-decoration: underline;\"><strong><a href=\"https:\/\/www.greening-group.com\/me\/etica\/\" rel=\"noopener noreferrer\"><span style=\"color: #6bbbae; text-decoration: underline;\">C\u00f3digo \u00c9tico y de Conducta<\/span><\/a><\/strong><\/span> y\/ de las pol\u00edticas y normativa interna del Grupo.<\/p><p>Greening, garantiza la confidencialidad y el respeto del anonimato, por ello podr\u00e1 comunicar la informaci\u00f3n, bien identific\u00e1ndose o bien de forma an\u00f3nima. Ello no obstante, recomendamos aportar todos los datos posibles relacionados con los hechos comunicados (documentos, facturas, grabaciones, fotograf\u00edas, informes, v\u00eddeos, grabaciones de voz, etc..).<\/p><p>El responsable del canal de denuncias de Greening, informar\u00e1 al denunciante a trav\u00e9s del apartado (Consulta de denuncia) del estado en el que se encuentre la denuncia e incluso solicitar\u00e1 m\u00e1s datos en caso de ser necesario para la investigaci\u00f3n de los hechos.<\/p><p>Greening garantiza al informante y cualesquiera colaboradores que no se tomar\u00e1n represalias en su contra por el hecho de formular una denuncia o colaborar con la investigaci\u00f3n y que se dar\u00e1 cumplimiento lo establecido en la <span style=\"text-decoration: underline;\"><span style=\"color: #6bbbae;\"><strong><a style=\"color: #6bbbae; text-decoration: underline;\" href=\"https:\/\/www.greening-group.com\/wp-content\/uploads\/2025\/12\/Pol%C3%ADtica%20del%20Canal%20de%20Denuncias.pdf\" target=\"_blank\" rel=\"noopener noreferrer\">Pol\u00edtica del Canal de Denuncias<\/a><\/strong><\/span><\/span> del Grupo.<\/p><p>Puede obtener m\u00e1s informaci\u00f3n sobre la Ley 2\/2023, 20 de febrero de 2023 reguladora de la protecci\u00f3n de las personas que informen sobre infracciones normativas y de lucha contra la corrupci\u00f3n en el siguiente enlace <span style=\"text-decoration: underline;\"><span style=\"color: #6bbbae;\"><a style=\"color: #6bbbae; text-decoration: underline;\" href=\"https:\/\/www.boe.es\/buscar\/act.php?id=BOE-A-2023-4513\" target=\"_blank\" rel=\"noopener noreferrer\">https:\/\/www.boe.es\/buscar\/act.php?id=BOE-A-2023-4513<\/a><\/span><\/span><\/p><p>Lea informaci\u00f3n relevante antes de presentar su comunicaci\u00f3n en el <span style=\"text-decoration: underline;\"><span style=\"color: #6bbbae;\"><a style=\"color: #6bbbae; text-decoration: underline;\" href=\"https:\/\/whistleblowersoftware.com\/es\/canal-de-denuncias\/#whistleblower\" target=\"_blank\" rel=\"noopener noreferrer\">canal aqu\u00ed.<\/a><\/span><\/span><\/p>\t\t\t\t\t\t\t\t<\/div>\n\t\t\t\t<\/div>\n\t\t\t\t\t<\/div>\n\t\t\t\t<\/div>\n\t\t\t\t<\/div>\n\t\t","protected":false},"excerpt":{"rendered":"<p>Canal denuncia Greening pone a disposici\u00f3n el presente Canal de Denuncias de todas las personas que integran el Grupo, (entre otros, sus empleados, directivos, administradores y las personas vinculadas a \u00e9stos) as\u00ed como aquellas otras que colaboran y\/o tienen relaciones, de cualquier \u00edndole, con el Grupo (con car\u00e1cter no limitativo, sus clientes, proveedores, socios de [&hellip;]<\/p>\n","protected":false},"author":3,"featured_media":0,"parent":15035,"menu_order":0,"comment_status":"closed","ping_status":"closed","template":"elementor_header_footer","meta":{"_acf_changed":false,"footnotes":""},"class_list":["post-14980","page","type-page","status-publish","hentry"],"acf":[],"yoast_head":"<!-- This site is optimized with the Yoast SEO plugin v26.0 - https:\/\/yoast.com\/wordpress\/plugins\/seo\/ -->\n<title>Canal denuncias - Greening<\/title>\n<meta name=\"robots\" content=\"index, follow, max-snippet:-1, max-image-preview:large, max-video-preview:-1\" \/>\n<link rel=\"canonical\" href=\"https:\/\/www.greening-group.com\/sobre-nosotros\/canal-denuncias\/\" \/>\n<meta property=\"og:locale\" content=\"en_US\" \/>\n<meta property=\"og:type\" content=\"article\" \/>\n<meta property=\"og:title\" content=\"Canal denuncias - Greening\" \/>\n<meta property=\"og:description\" content=\"Canal denuncia Greening pone a disposici\u00f3n el presente Canal de Denuncias de todas las personas que integran el Grupo, (entre otros, sus empleados, directivos, administradores y las personas vinculadas a \u00e9stos) as\u00ed como aquellas otras que colaboran y\/o tienen relaciones, de cualquier \u00edndole, con el Grupo (con car\u00e1cter no limitativo, sus clientes, proveedores, socios de [&hellip;]\" \/>\n<meta property=\"og:url\" content=\"https:\/\/www.greening-group.com\/sobre-nosotros\/canal-denuncias\/\" \/>\n<meta property=\"og:site_name\" content=\"Greening\" \/>\n<meta property=\"article:modified_time\" content=\"2025-12-02T08:53:11+00:00\" \/>\n<meta name=\"twitter:card\" content=\"summary_large_image\" \/>\n<meta name=\"twitter:image\" content=\"https:\/\/www.greening-group.com\/wp-content\/uploads\/2024\/08\/favicon.png\" \/>\n<meta name=\"twitter:label1\" content=\"Est. reading time\" \/>\n\t<meta name=\"twitter:data1\" content=\"2 minutes\" \/>\n<script type=\"application\/ld+json\" class=\"yoast-schema-graph\">{\"@context\":\"https:\/\/schema.org\",\"@graph\":[{\"@type\":\"WebPage\",\"@id\":\"https:\/\/www.greening-group.com\/sobre-nosotros\/canal-denuncias\/\",\"url\":\"https:\/\/www.greening-group.com\/sobre-nosotros\/canal-denuncias\/\",\"name\":\"Canal denuncias - Greening\",\"isPartOf\":{\"@id\":\"https:\/\/www.greening-group.com\/me\/#website\"},\"datePublished\":\"2024-09-13T09:44:56+00:00\",\"dateModified\":\"2025-12-02T08:53:11+00:00\",\"breadcrumb\":{\"@id\":\"https:\/\/www.greening-group.com\/sobre-nosotros\/canal-denuncias\/#breadcrumb\"},\"inLanguage\":\"me-ME\",\"potentialAction\":[{\"@type\":\"ReadAction\",\"target\":[\"https:\/\/www.greening-group.com\/sobre-nosotros\/canal-denuncias\/\"]}]},{\"@type\":\"BreadcrumbList\",\"@id\":\"https:\/\/www.greening-group.com\/sobre-nosotros\/canal-denuncias\/#breadcrumb\",\"itemListElement\":[{\"@type\":\"ListItem\",\"position\":1,\"name\":\"Sobre nosotros\",\"item\":\"https:\/\/www.greening-group.com\/me\/sobre-nosotros\/\"},{\"@type\":\"ListItem\",\"position\":2,\"name\":\"Canal denuncias\"}]},{\"@type\":\"WebSite\",\"@id\":\"https:\/\/www.greening-group.com\/me\/#website\",\"url\":\"https:\/\/www.greening-group.com\/me\/\",\"name\":\"Greening\",\"description\":\"Energ\u00eda renovable para una transici\u00f3n energ\u00e9tica global\",\"potentialAction\":[{\"@type\":\"SearchAction\",\"target\":{\"@type\":\"EntryPoint\",\"urlTemplate\":\"https:\/\/www.greening-group.com\/me\/?s={search_term_string}\"},\"query-input\":{\"@type\":\"PropertyValueSpecification\",\"valueRequired\":true,\"valueName\":\"search_term_string\"}}],\"inLanguage\":\"me-ME\"}]}<\/script>\n<!-- \/ Yoast SEO plugin. -->","yoast_head_json":{"title":"Canal denuncias - Greening","robots":{"index":"index","follow":"follow","max-snippet":"max-snippet:-1","max-image-preview":"max-image-preview:large","max-video-preview":"max-video-preview:-1"},"canonical":"https:\/\/www.greening-group.com\/sobre-nosotros\/canal-denuncias\/","og_locale":"en_US","og_type":"article","og_title":"Canal denuncias - Greening","og_description":"Canal denuncia Greening pone a disposici\u00f3n el presente Canal de Denuncias de todas las personas que integran el Grupo, (entre otros, sus empleados, directivos, administradores y las personas vinculadas a \u00e9stos) as\u00ed como aquellas otras que colaboran y\/o tienen relaciones, de cualquier \u00edndole, con el Grupo (con car\u00e1cter no limitativo, sus clientes, proveedores, socios de [&hellip;]","og_url":"https:\/\/www.greening-group.com\/sobre-nosotros\/canal-denuncias\/","og_site_name":"Greening","article_modified_time":"2025-12-02T08:53:11+00:00","twitter_card":"summary_large_image","twitter_image":"https:\/\/www.greening-group.com\/wp-content\/uploads\/2024\/08\/favicon.png","twitter_misc":{"Est. reading time":"2 minutes"},"schema":{"@context":"https:\/\/schema.org","@graph":[{"@type":"WebPage","@id":"https:\/\/www.greening-group.com\/sobre-nosotros\/canal-denuncias\/","url":"https:\/\/www.greening-group.com\/sobre-nosotros\/canal-denuncias\/","name":"Canal denuncias - Greening","isPartOf":{"@id":"https:\/\/www.greening-group.com\/me\/#website"},"datePublished":"2024-09-13T09:44:56+00:00","dateModified":"2025-12-02T08:53:11+00:00","breadcrumb":{"@id":"https:\/\/www.greening-group.com\/sobre-nosotros\/canal-denuncias\/#breadcrumb"},"inLanguage":"me-ME","potentialAction":[{"@type":"ReadAction","target":["https:\/\/www.greening-group.com\/sobre-nosotros\/canal-denuncias\/"]}]},{"@type":"BreadcrumbList","@id":"https:\/\/www.greening-group.com\/sobre-nosotros\/canal-denuncias\/#breadcrumb","itemListElement":[{"@type":"ListItem","position":1,"name":"Sobre nosotros","item":"https:\/\/www.greening-group.com\/me\/sobre-nosotros\/"},{"@type":"ListItem","position":2,"name":"Canal denuncias"}]},{"@type":"WebSite","@id":"https:\/\/www.greening-group.com\/me\/#website","url":"https:\/\/www.greening-group.com\/me\/","name":"Greening","description":"Energ\u00eda renovable para una transici\u00f3n energ\u00e9tica global","potentialAction":[{"@type":"SearchAction","target":{"@type":"EntryPoint","urlTemplate":"https:\/\/www.greening-group.com\/me\/?s={search_term_string}"},"query-input":{"@type":"PropertyValueSpecification","valueRequired":true,"valueName":"search_term_string"}}],"inLanguage":"me-ME"}]}},"_links":{"self":[{"href":"https:\/\/www.greening-group.com\/me\/wp-json\/wp\/v2\/pages\/14980","targetHints":{"allow":["GET"]}}],"collection":[{"href":"https:\/\/www.greening-group.com\/me\/wp-json\/wp\/v2\/pages"}],"about":[{"href":"https:\/\/www.greening-group.com\/me\/wp-json\/wp\/v2\/types\/page"}],"author":[{"embeddable":true,"href":"https:\/\/www.greening-group.com\/me\/wp-json\/wp\/v2\/users\/3"}],"replies":[{"embeddable":true,"href":"https:\/\/www.greening-group.com\/me\/wp-json\/wp\/v2\/comments?post=14980"}],"version-history":[{"count":7,"href":"https:\/\/www.greening-group.com\/me\/wp-json\/wp\/v2\/pages\/14980\/revisions"}],"predecessor-version":[{"id":17130,"href":"https:\/\/www.greening-group.com\/me\/wp-json\/wp\/v2\/pages\/14980\/revisions\/17130"}],"up":[{"embeddable":true,"href":"https:\/\/www.greening-group.com\/me\/wp-json\/wp\/v2\/pages\/15035"}],"wp:attachment":[{"href":"https:\/\/www.greening-group.com\/me\/wp-json\/wp\/v2\/media?parent=14980"}],"curies":[{"name":"wp","href":"https:\/\/api.w.org\/{rel}","templated":true}]}}