{"id":17418,"date":"2026-01-13T11:42:39","date_gmt":"2026-01-13T10:42:39","guid":{"rendered":"https:\/\/www.greening-group.com\/?page_id=17418"},"modified":"2026-02-09T08:42:39","modified_gmt":"2026-02-09T07:42:39","slug":"programa-de-compliance","status":"publish","type":"page","link":"https:\/\/www.greening-group.com\/me\/sobre-nosotros\/programa-de-compliance\/","title":{"rendered":"Programa de Compliance"},"content":{"rendered":"\t\t<div data-elementor-type=\"wp-page\" data-elementor-id=\"17418\" class=\"elementor elementor-17418 elementor-17377\" data-elementor-post-type=\"page\">\n\t\t\t\t<div class=\"elementor-element elementor-element-c40922f e-flex e-con-boxed e-con e-parent\" data-id=\"c40922f\" data-element_type=\"container\" data-settings=\"{&quot;background_background&quot;:&quot;classic&quot;}\">\n\t\t\t\t\t<div class=\"e-con-inner\">\n\t\t\t\t\t<\/div>\n\t\t\t\t<\/div>\n\t\t<div class=\"elementor-element elementor-element-5502110 e-flex e-con-boxed e-con e-parent\" data-id=\"5502110\" data-element_type=\"container\">\n\t\t\t\t\t<div class=\"e-con-inner\">\n\t\t\t\t<div class=\"elementor-element elementor-element-c6da735 elementor-invisible elementor-widget elementor-widget-heading\" data-id=\"c6da735\" data-element_type=\"widget\" data-settings=\"{&quot;_animation&quot;:&quot;fadeInUp&quot;}\" data-widget_type=\"heading.default\">\n\t\t\t\t<div class=\"elementor-widget-container\">\n\t\t\t\t\t<h2 class=\"elementor-heading-title elementor-size-default\"><!--StartFragment--><span data-olk-copy-source=\"MessageBody\">Programa de Compliance<\/span><!--EndFragment--><\/h2>\t\t\t\t<\/div>\n\t\t\t\t<\/div>\n\t\t\t\t<div class=\"elementor-element elementor-element-e1c2403 elementor-invisible elementor-widget elementor-widget-text-editor\" data-id=\"e1c2403\" data-element_type=\"widget\" data-settings=\"{&quot;_animation&quot;:&quot;fadeIn&quot;}\" data-widget_type=\"text-editor.default\">\n\t\t\t\t<div class=\"elementor-widget-container\">\n\t\t\t\t\t\t\t\t\t<p style=\"margin: 0cm; font-size: 12pt; font-family: Aptos, sans-serif; color: #242424;\">El <b style=\"color: #6bbbae;\">Programa de Compliance<\/b> es esencial para garantizar que todas nuestras actividades se desarrollan conforme a la ley y a nuestros principios \u00e9ticos.<\/p><p style=\"margin: 0cm; font-size: 12pt; font-family: Aptos, sans-serif; color: #242424;\">Su objetivo es prevenir, detectar y gestionar riesgos penales, protegiendo la reputaci\u00f3n del Grupo Greening y fomentando una cultura de integridad y transparencia.<\/p><p style=\"margin: 0cm; font-size: 12pt; font-family: Aptos, sans-serif; color: #242424;\">Nuestro Programa de Compliance integra pol\u00edticas, procedimientos y controles internos dise\u00f1ados para prevenir, detectar y gestionar riesgos penales.<\/p><p style=\"margin: 0cm; font-size: 12pt; font-family: Aptos, sans-serif; color: #242424;\">Este Programa se estructura en diferentes \u00e1reas que abarcan principios generales de cumplimiento, derechos humanos y diversidad, seguridad de la informaci\u00f3n y privacidad, as\u00ed como medidas de buen gobierno, transparencia y prevenci\u00f3n de la corrupci\u00f3n. Todas estas pol\u00edticas y protocolos se revisan peri\u00f3dicamente para garantizar su vigencia y adecuaci\u00f3n a la normativa aplicable.<\/p><p style=\"margin: 0cm; font-size: 12pt; font-family: Aptos, sans-serif; color: #242424;\">Adem\u00e1s del C\u00f3digo \u00c9tico y de Conducta y la Pol\u00edtica del Canal de Denuncias, ponemos a tu disposici\u00f3n extractos de nuestras principales pol\u00edticas:<\/p><ul style=\"margin-bottom: 0cm; color: #242424; font-family: Aptos, sans-serif; font-size: 12pt;\"><li><a style=\"color: #6bbbae; text-decoration: none;\" href=\"https:\/\/view.officeapps.live.com\/op\/view.aspx?src=https%3A%2F%2Fwww.greening-group.com%2Fwp-content%2Fuploads%2F2026%2F01%2FExtracto%2520Politica%2520de%2520Compliance.docx&amp;wdOrigin=BROWSELINK\">Extracto Pol\u00edtica de Compliance<br \/><\/a><\/li><li><a style=\"color: #6bbbae; text-decoration: none;\" href=\"https:\/\/view.officeapps.live.com\/op\/view.aspx?src=https%3A%2F%2Fwww.greening-group.com%2Fwp-content%2Fuploads%2F2026%2F02%2FGG_GL_CC_1500_PL_R00%2520PL%2520ANTICORRU%2520-%2520V%2520WEB.docx&amp;wdOrigin=BROWSELINK\">Extracto Pol\u00edtica Anticorrupci\u00f3n y Antisoborno<br \/><\/a><\/li><li><a style=\"color: #6bbbae; text-decoration: none;\" href=\"https:\/\/view.officeapps.live.com\/op\/view.aspx?src=https%3A%2F%2Fwww.greening-group.com%2Fwp-content%2Fuploads%2F2026%2F01%2FExtracto%2520Pol%25C3%25ADtica%2520de%2520Prevenci%25C3%25B3n%2520de%2520Blanqueo%2520de%2520Capitales%2520y%2520Financiaci%25C3%25B3n%2520del%2520Terrorismo.docx&amp;wdOrigin=BROWSELINK\">Extracto Pol\u00edtica de Blanqueo de Capitales y Financiaci\u00f3n del Terrorismo<br \/><\/a><\/li><li><a style=\"color: #6bbbae; text-decoration: none;\" href=\"https:\/\/view.officeapps.live.com\/op\/view.aspx?src=https%3A%2F%2Fwww.greening-group.com%2Fwp-content%2Fuploads%2F2026%2F01%2FExtracto%2520Pol%25C3%25ADtica%2520Fiscal.docx&amp;wdOrigin=BROWSELINK\">Extracto Pol\u00edtica Fiscal<br \/><\/a><\/li><li><a style=\"color: #6bbbae; text-decoration: none;\" href=\"https:\/\/view.officeapps.live.com\/op\/view.aspx?src=https%3A%2F%2Fwww.greening-group.com%2Fwp-content%2Fuploads%2F2026%2F02%2FGG_GL_CC_0600_PL_R00%2520POL%25C3%258DTICA%2520DERECHOS%2520HUMANOS-V%2520WEB.docx&amp;wdOrigin=BROWSELINK\">Extracto Pol\u00edtica Marco de Derechos Humanos<br \/><\/a><\/li><li><a style=\"color: #6bbbae; text-decoration: none;\" href=\"https:\/\/view.officeapps.live.com\/op\/view.aspx?src=https%3A%2F%2Fwww.greening-group.com%2Fwp-content%2Fuploads%2F2026%2F01%2FExtracto%2520Politica%2520de%2520Diversidad%2520e%2520Inclusion.docx&amp;wdOrigin=BROWSELINK\">Extracto Pol\u00edtica de Diversidad e Inclusi\u00f3n<br \/><\/a><\/li><\/ul>\t\t\t\t\t\t\t\t<\/div>\n\t\t\t\t<\/div>\n\t\t\t\t\t<\/div>\n\t\t\t\t<\/div>\n\t\t\t\t<\/div>\n\t\t","protected":false},"excerpt":{"rendered":"<p>Programa de Compliance El Programa de Compliance es esencial para garantizar que todas nuestras actividades se desarrollan conforme a la ley y a nuestros principios \u00e9ticos. Su objetivo es prevenir, detectar y gestionar riesgos penales, protegiendo la reputaci\u00f3n del Grupo Greening y fomentando una cultura de integridad y transparencia. Nuestro Programa de Compliance integra pol\u00edticas, [&hellip;]<\/p>\n","protected":false},"author":2,"featured_media":0,"parent":15035,"menu_order":0,"comment_status":"closed","ping_status":"closed","template":"elementor_header_footer","meta":{"_acf_changed":false,"footnotes":""},"class_list":["post-17418","page","type-page","status-publish","hentry"],"acf":[],"yoast_head":"<!-- This site is optimized with the Yoast SEO plugin v26.0 - https:\/\/yoast.com\/wordpress\/plugins\/seo\/ -->\n<title>Programa de Compliance - Greening<\/title>\n<meta name=\"robots\" content=\"index, follow, max-snippet:-1, max-image-preview:large, max-video-preview:-1\" \/>\n<link rel=\"canonical\" href=\"https:\/\/www.greening-group.com\/sobre-nosotros\/programa-de-compliance\/\" \/>\n<meta property=\"og:locale\" content=\"en_US\" \/>\n<meta property=\"og:type\" content=\"article\" \/>\n<meta property=\"og:title\" content=\"Programa de Compliance - Greening\" \/>\n<meta property=\"og:description\" content=\"Programa de Compliance El Programa de Compliance es esencial para garantizar que todas nuestras actividades se desarrollan conforme a la ley y a nuestros principios \u00e9ticos. Su objetivo es prevenir, detectar y gestionar riesgos penales, protegiendo la reputaci\u00f3n del Grupo Greening y fomentando una cultura de integridad y transparencia. Nuestro Programa de Compliance integra pol\u00edticas, [&hellip;]\" \/>\n<meta property=\"og:url\" content=\"https:\/\/www.greening-group.com\/sobre-nosotros\/programa-de-compliance\/\" \/>\n<meta property=\"og:site_name\" content=\"Greening\" \/>\n<meta property=\"article:modified_time\" content=\"2026-02-09T07:42:39+00:00\" \/>\n<meta name=\"twitter:card\" content=\"summary_large_image\" \/>\n<meta name=\"twitter:image\" content=\"https:\/\/www.greening-group.com\/wp-content\/uploads\/2024\/08\/favicon.png\" \/>\n<meta name=\"twitter:label1\" content=\"Est. reading time\" \/>\n\t<meta name=\"twitter:data1\" content=\"1 minute\" \/>\n<script type=\"application\/ld+json\" class=\"yoast-schema-graph\">{\"@context\":\"https:\/\/schema.org\",\"@graph\":[{\"@type\":\"WebPage\",\"@id\":\"https:\/\/www.greening-group.com\/sobre-nosotros\/programa-de-compliance\/\",\"url\":\"https:\/\/www.greening-group.com\/sobre-nosotros\/programa-de-compliance\/\",\"name\":\"Programa de Compliance - Greening\",\"isPartOf\":{\"@id\":\"https:\/\/www.greening-group.com\/me\/#website\"},\"datePublished\":\"2026-01-13T10:42:39+00:00\",\"dateModified\":\"2026-02-09T07:42:39+00:00\",\"breadcrumb\":{\"@id\":\"https:\/\/www.greening-group.com\/sobre-nosotros\/programa-de-compliance\/#breadcrumb\"},\"inLanguage\":\"me-ME\",\"potentialAction\":[{\"@type\":\"ReadAction\",\"target\":[\"https:\/\/www.greening-group.com\/sobre-nosotros\/programa-de-compliance\/\"]}]},{\"@type\":\"BreadcrumbList\",\"@id\":\"https:\/\/www.greening-group.com\/sobre-nosotros\/programa-de-compliance\/#breadcrumb\",\"itemListElement\":[{\"@type\":\"ListItem\",\"position\":1,\"name\":\"Sobre nosotros\",\"item\":\"https:\/\/www.greening-group.com\/me\/sobre-nosotros\/\"},{\"@type\":\"ListItem\",\"position\":2,\"name\":\"Programa de Compliance\"}]},{\"@type\":\"WebSite\",\"@id\":\"https:\/\/www.greening-group.com\/me\/#website\",\"url\":\"https:\/\/www.greening-group.com\/me\/\",\"name\":\"Greening\",\"description\":\"Energ\u00eda renovable para una transici\u00f3n energ\u00e9tica global\",\"potentialAction\":[{\"@type\":\"SearchAction\",\"target\":{\"@type\":\"EntryPoint\",\"urlTemplate\":\"https:\/\/www.greening-group.com\/me\/?s={search_term_string}\"},\"query-input\":{\"@type\":\"PropertyValueSpecification\",\"valueRequired\":true,\"valueName\":\"search_term_string\"}}],\"inLanguage\":\"me-ME\"}]}<\/script>\n<!-- \/ Yoast SEO plugin. -->","yoast_head_json":{"title":"Programa de Compliance - Greening","robots":{"index":"index","follow":"follow","max-snippet":"max-snippet:-1","max-image-preview":"max-image-preview:large","max-video-preview":"max-video-preview:-1"},"canonical":"https:\/\/www.greening-group.com\/sobre-nosotros\/programa-de-compliance\/","og_locale":"en_US","og_type":"article","og_title":"Programa de Compliance - Greening","og_description":"Programa de Compliance El Programa de Compliance es esencial para garantizar que todas nuestras actividades se desarrollan conforme a la ley y a nuestros principios \u00e9ticos. Su objetivo es prevenir, detectar y gestionar riesgos penales, protegiendo la reputaci\u00f3n del Grupo Greening y fomentando una cultura de integridad y transparencia. Nuestro Programa de Compliance integra pol\u00edticas, [&hellip;]","og_url":"https:\/\/www.greening-group.com\/sobre-nosotros\/programa-de-compliance\/","og_site_name":"Greening","article_modified_time":"2026-02-09T07:42:39+00:00","twitter_card":"summary_large_image","twitter_image":"https:\/\/www.greening-group.com\/wp-content\/uploads\/2024\/08\/favicon.png","twitter_misc":{"Est. reading time":"1 minute"},"schema":{"@context":"https:\/\/schema.org","@graph":[{"@type":"WebPage","@id":"https:\/\/www.greening-group.com\/sobre-nosotros\/programa-de-compliance\/","url":"https:\/\/www.greening-group.com\/sobre-nosotros\/programa-de-compliance\/","name":"Programa de Compliance - Greening","isPartOf":{"@id":"https:\/\/www.greening-group.com\/me\/#website"},"datePublished":"2026-01-13T10:42:39+00:00","dateModified":"2026-02-09T07:42:39+00:00","breadcrumb":{"@id":"https:\/\/www.greening-group.com\/sobre-nosotros\/programa-de-compliance\/#breadcrumb"},"inLanguage":"me-ME","potentialAction":[{"@type":"ReadAction","target":["https:\/\/www.greening-group.com\/sobre-nosotros\/programa-de-compliance\/"]}]},{"@type":"BreadcrumbList","@id":"https:\/\/www.greening-group.com\/sobre-nosotros\/programa-de-compliance\/#breadcrumb","itemListElement":[{"@type":"ListItem","position":1,"name":"Sobre nosotros","item":"https:\/\/www.greening-group.com\/me\/sobre-nosotros\/"},{"@type":"ListItem","position":2,"name":"Programa de Compliance"}]},{"@type":"WebSite","@id":"https:\/\/www.greening-group.com\/me\/#website","url":"https:\/\/www.greening-group.com\/me\/","name":"Greening","description":"Energ\u00eda renovable para una transici\u00f3n energ\u00e9tica global","potentialAction":[{"@type":"SearchAction","target":{"@type":"EntryPoint","urlTemplate":"https:\/\/www.greening-group.com\/me\/?s={search_term_string}"},"query-input":{"@type":"PropertyValueSpecification","valueRequired":true,"valueName":"search_term_string"}}],"inLanguage":"me-ME"}]}},"_links":{"self":[{"href":"https:\/\/www.greening-group.com\/me\/wp-json\/wp\/v2\/pages\/17418","targetHints":{"allow":["GET"]}}],"collection":[{"href":"https:\/\/www.greening-group.com\/me\/wp-json\/wp\/v2\/pages"}],"about":[{"href":"https:\/\/www.greening-group.com\/me\/wp-json\/wp\/v2\/types\/page"}],"author":[{"embeddable":true,"href":"https:\/\/www.greening-group.com\/me\/wp-json\/wp\/v2\/users\/2"}],"replies":[{"embeddable":true,"href":"https:\/\/www.greening-group.com\/me\/wp-json\/wp\/v2\/comments?post=17418"}],"version-history":[{"count":5,"href":"https:\/\/www.greening-group.com\/me\/wp-json\/wp\/v2\/pages\/17418\/revisions"}],"predecessor-version":[{"id":17864,"href":"https:\/\/www.greening-group.com\/me\/wp-json\/wp\/v2\/pages\/17418\/revisions\/17864"}],"up":[{"embeddable":true,"href":"https:\/\/www.greening-group.com\/me\/wp-json\/wp\/v2\/pages\/15035"}],"wp:attachment":[{"href":"https:\/\/www.greening-group.com\/me\/wp-json\/wp\/v2\/media?parent=17418"}],"curies":[{"name":"wp","href":"https:\/\/api.w.org\/{rel}","templated":true}]}}